{"id":1268,"date":"2020-11-07T13:31:44","date_gmt":"2020-11-07T12:31:44","guid":{"rendered":"https:\/\/ff-rahlstedt.de\/?page_id=1268"},"modified":"2025-10-13T14:54:36","modified_gmt":"2025-10-13T12:54:36","slug":"elementor-1268","status":"publish","type":"page","link":"https:\/\/www.ff-rahlstedt.de\/?page_id=1268","title":{"rendered":"Fahrzeuge"},"content":{"rendered":"\t\t<div data-elementor-type=\"wp-page\" data-elementor-id=\"1268\" class=\"elementor elementor-1268\" data-elementor-post-type=\"page\">\n\t\t\t\t\t\t<section class=\"elementor-section elementor-top-section elementor-element elementor-element-1fe79aad elementor-section-boxed elementor-section-height-default elementor-section-height-default\" data-id=\"1fe79aad\" data-element_type=\"section\">\n\t\t\t\t\t\t<div class=\"elementor-container elementor-column-gap-default\">\n\t\t\t\t\t<div class=\"elementor-column elementor-col-100 elementor-top-column elementor-element elementor-element-691be3e6\" data-id=\"691be3e6\" data-element_type=\"column\">\n\t\t\t<div class=\"elementor-widget-wrap elementor-element-populated\">\n\t\t\t\t\t\t<div class=\"elementor-element elementor-element-c129abc elementor-widget elementor-widget-heading\" data-id=\"c129abc\" data-element_type=\"widget\" data-widget_type=\"heading.default\">\n\t\t\t\t<div class=\"elementor-widget-container\">\n\t\t\t\t\t<h2 class=\"elementor-heading-title elementor-size-default\">Aktuelle Fahrzeuge<\/h2>\t\t\t\t<\/div>\n\t\t\t\t<\/div>\n\t\t\t\t\t<\/div>\n\t\t<\/div>\n\t\t\t\t\t<\/div>\n\t\t<\/section>\n\t\t\t\t<section class=\"elementor-section elementor-top-section elementor-element elementor-element-f06f530 elementor-section-boxed elementor-section-height-default elementor-section-height-default\" data-id=\"f06f530\" data-element_type=\"section\">\n\t\t\t\t\t\t<div class=\"elementor-container elementor-column-gap-default\">\n\t\t\t\t\t<div class=\"elementor-column elementor-col-50 elementor-top-column elementor-element elementor-element-8f5138b\" data-id=\"8f5138b\" data-element_type=\"column\">\n\t\t\t<div class=\"elementor-widget-wrap elementor-element-populated\">\n\t\t\t\t\t\t<div class=\"elementor-element elementor-element-16a39cb elementor-widget__width-initial elementor-widget elementor-widget-image\" data-id=\"16a39cb\" data-element_type=\"widget\" data-widget_type=\"image.default\">\n\t\t\t\t<div class=\"elementor-widget-container\">\n\t\t\t\t\t\t\t\t\t\t\t\t\t\t\t<img fetchpriority=\"high\" decoding=\"async\" width=\"750\" height=\"563\" src=\"https:\/\/www.ff-rahlstedt.de\/wp-content\/uploads\/2025\/10\/WhatsApp-Image-2025-10-13-at-14.33.49-1024x768.jpeg\" class=\"attachment-large size-large wp-image-2425\" alt=\"\" srcset=\"https:\/\/www.ff-rahlstedt.de\/wp-content\/uploads\/2025\/10\/WhatsApp-Image-2025-10-13-at-14.33.49-1024x768.jpeg 1024w, https:\/\/www.ff-rahlstedt.de\/wp-content\/uploads\/2025\/10\/WhatsApp-Image-2025-10-13-at-14.33.49-300x225.jpeg 300w, https:\/\/www.ff-rahlstedt.de\/wp-content\/uploads\/2025\/10\/WhatsApp-Image-2025-10-13-at-14.33.49-768x576.jpeg 768w, https:\/\/www.ff-rahlstedt.de\/wp-content\/uploads\/2025\/10\/WhatsApp-Image-2025-10-13-at-14.33.49-1536x1152.jpeg 1536w, https:\/\/www.ff-rahlstedt.de\/wp-content\/uploads\/2025\/10\/WhatsApp-Image-2025-10-13-at-14.33.49.jpeg 1600w\" sizes=\"(max-width: 750px) 100vw, 750px\" \/>\t\t\t\t\t\t\t\t\t\t\t\t\t\t\t<\/div>\n\t\t\t\t<\/div>\n\t\t\t\t<div class=\"elementor-element elementor-element-fe9a53c elementor-widget__width-initial elementor-widget elementor-widget-image\" data-id=\"fe9a53c\" data-element_type=\"widget\" data-widget_type=\"image.default\">\n\t\t\t\t<div class=\"elementor-widget-container\">\n\t\t\t\t\t\t\t\t\t\t\t\t\t\t\t<img decoding=\"async\" width=\"750\" height=\"422\" src=\"https:\/\/www.ff-rahlstedt.de\/wp-content\/uploads\/2025\/10\/WhatsApp-Image-2025-10-13-at-14.33.18-1024x576.jpeg\" class=\"attachment-large size-large wp-image-2424\" alt=\"\" srcset=\"https:\/\/www.ff-rahlstedt.de\/wp-content\/uploads\/2025\/10\/WhatsApp-Image-2025-10-13-at-14.33.18-1024x576.jpeg 1024w, https:\/\/www.ff-rahlstedt.de\/wp-content\/uploads\/2025\/10\/WhatsApp-Image-2025-10-13-at-14.33.18-300x169.jpeg 300w, https:\/\/www.ff-rahlstedt.de\/wp-content\/uploads\/2025\/10\/WhatsApp-Image-2025-10-13-at-14.33.18-768x432.jpeg 768w, https:\/\/www.ff-rahlstedt.de\/wp-content\/uploads\/2025\/10\/WhatsApp-Image-2025-10-13-at-14.33.18-1536x864.jpeg 1536w, https:\/\/www.ff-rahlstedt.de\/wp-content\/uploads\/2025\/10\/WhatsApp-Image-2025-10-13-at-14.33.18.jpeg 1600w\" sizes=\"(max-width: 750px) 100vw, 750px\" \/>\t\t\t\t\t\t\t\t\t\t\t\t\t\t\t<\/div>\n\t\t\t\t<\/div>\n\t\t\t\t\t<\/div>\n\t\t<\/div>\n\t\t\t\t<div class=\"elementor-column elementor-col-50 elementor-top-column elementor-element elementor-element-1989c47\" data-id=\"1989c47\" data-element_type=\"column\">\n\t\t\t<div class=\"elementor-widget-wrap elementor-element-populated\">\n\t\t\t\t\t\t<div class=\"elementor-element elementor-element-0ee43e6 elementor-widget elementor-widget-heading\" data-id=\"0ee43e6\" data-element_type=\"widget\" data-widget_type=\"heading.default\">\n\t\t\t\t<div class=\"elementor-widget-container\">\n\t\t\t\t\t<h5 class=\"elementor-heading-title elementor-size-default\">Rufname: Florian Hamburg Rahlstedt 1<\/h5>\t\t\t\t<\/div>\n\t\t\t\t<\/div>\n\t\t\t\t<div class=\"elementor-element elementor-element-0e72e86 elementor-widget elementor-widget-text-editor\" data-id=\"0e72e86\" data-element_type=\"widget\" data-widget_type=\"text-editor.default\">\n\t\t\t\t<div class=\"elementor-widget-container\">\n\t\t\t\t\t\t\t\t\t<ul><li>HLF 20<\/li><li>Mercedes-Benz Atego 1630 AF, Automatikgetriebe<\/li><li>Aufbau Schlingmann VARUS 4&#215;4 Bauh\u00f6he 3,3m<\/li><li>Standardbeladung an L\u00f6schmitteln<\/li><li>L\u00f6schwassertank 2000 l<\/li><li>Schaummitteltank 120l<\/li><li>Feuerl\u00f6schkreiselpumpe S2000 \/ FPN 10-2000 (2.000 l\/min bei 10 bar)<\/li><li>Schnellangriff Wasser und Schaum<\/li><li>hydr. Rettungssatz Akkubetrieben (Schere\/Spreizer)<\/li><li>pneumatische Hebekissen<\/li><li>3 PA-Ger\u00e4te im Mannschaftsraum<\/li><li>4 Steckleiterteile mit Leiterentnahmehilfe<\/li><li>3-teilige Schiebleiter mit Leiterentnahmehilfe<\/li><\/ul>\t\t\t\t\t\t\t\t<\/div>\n\t\t\t\t<\/div>\n\t\t\t\t\t<\/div>\n\t\t<\/div>\n\t\t\t\t\t<\/div>\n\t\t<\/section>\n\t\t\t\t<section class=\"elementor-section elementor-top-section elementor-element elementor-element-12edfc2 elementor-section-boxed elementor-section-height-default elementor-section-height-default\" data-id=\"12edfc2\" data-element_type=\"section\">\n\t\t\t\t\t\t<div class=\"elementor-container elementor-column-gap-default\">\n\t\t\t\t\t<div class=\"elementor-column elementor-col-100 elementor-top-column elementor-element elementor-element-9b8c39c\" data-id=\"9b8c39c\" data-element_type=\"column\">\n\t\t\t<div class=\"elementor-widget-wrap elementor-element-populated\">\n\t\t\t\t\t\t<div class=\"elementor-element elementor-element-2a0d5d6 elementor-widget-divider--view-line elementor-widget elementor-widget-divider\" data-id=\"2a0d5d6\" data-element_type=\"widget\" data-widget_type=\"divider.default\">\n\t\t\t\t<div class=\"elementor-widget-container\">\n\t\t\t\t\t\t\t<div class=\"elementor-divider\">\n\t\t\t<span class=\"elementor-divider-separator\">\n\t\t\t\t\t\t<\/span>\n\t\t<\/div>\n\t\t\t\t\t\t<\/div>\n\t\t\t\t<\/div>\n\t\t\t\t\t<\/div>\n\t\t<\/div>\n\t\t\t\t\t<\/div>\n\t\t<\/section>\n\t\t\t\t<section class=\"elementor-section elementor-top-section elementor-element elementor-element-04bd1ab elementor-section-boxed elementor-section-height-default elementor-section-height-default\" data-id=\"04bd1ab\" data-element_type=\"section\">\n\t\t\t\t\t\t<div class=\"elementor-container elementor-column-gap-default\">\n\t\t\t\t\t<div class=\"elementor-column elementor-col-50 elementor-top-column elementor-element elementor-element-fdd9a6e\" data-id=\"fdd9a6e\" data-element_type=\"column\">\n\t\t\t<div class=\"elementor-widget-wrap elementor-element-populated\">\n\t\t\t\t\t\t<div class=\"elementor-element elementor-element-9c71b72 elementor-widget elementor-widget-image\" data-id=\"9c71b72\" data-element_type=\"widget\" data-widget_type=\"image.default\">\n\t\t\t\t<div class=\"elementor-widget-container\">\n\t\t\t\t\t\t\t\t\t\t\t\t\t\t\t<img decoding=\"async\" width=\"750\" height=\"500\" src=\"https:\/\/www.ff-rahlstedt.de\/wp-content\/uploads\/2020\/11\/IMG_6366-1024x683.jpg\" class=\"attachment-large size-large wp-image-1366\" alt=\"\" srcset=\"https:\/\/www.ff-rahlstedt.de\/wp-content\/uploads\/2020\/11\/IMG_6366-1024x683.jpg 1024w, https:\/\/www.ff-rahlstedt.de\/wp-content\/uploads\/2020\/11\/IMG_6366-300x200.jpg 300w, https:\/\/www.ff-rahlstedt.de\/wp-content\/uploads\/2020\/11\/IMG_6366-768x512.jpg 768w, https:\/\/www.ff-rahlstedt.de\/wp-content\/uploads\/2020\/11\/IMG_6366-1536x1024.jpg 1536w, https:\/\/www.ff-rahlstedt.de\/wp-content\/uploads\/2020\/11\/IMG_6366-2048x1365.jpg 2048w, https:\/\/www.ff-rahlstedt.de\/wp-content\/uploads\/2020\/11\/IMG_6366-360x240.jpg 360w\" sizes=\"(max-width: 750px) 100vw, 750px\" \/>\t\t\t\t\t\t\t\t\t\t\t\t\t\t\t<\/div>\n\t\t\t\t<\/div>\n\t\t\t\t<div class=\"elementor-element elementor-element-70ebc01 elementor-widget elementor-widget-image\" data-id=\"70ebc01\" data-element_type=\"widget\" data-widget_type=\"image.default\">\n\t\t\t\t<div class=\"elementor-widget-container\">\n\t\t\t\t\t\t\t\t\t\t\t\t\t\t\t<img loading=\"lazy\" decoding=\"async\" width=\"750\" height=\"500\" src=\"https:\/\/www.ff-rahlstedt.de\/wp-content\/uploads\/2020\/11\/141123_LF_KatS_005-1024x683.jpg\" class=\"attachment-large size-large wp-image-1367\" alt=\"\" srcset=\"https:\/\/www.ff-rahlstedt.de\/wp-content\/uploads\/2020\/11\/141123_LF_KatS_005-1024x683.jpg 1024w, https:\/\/www.ff-rahlstedt.de\/wp-content\/uploads\/2020\/11\/141123_LF_KatS_005-300x200.jpg 300w, https:\/\/www.ff-rahlstedt.de\/wp-content\/uploads\/2020\/11\/141123_LF_KatS_005-768x512.jpg 768w, https:\/\/www.ff-rahlstedt.de\/wp-content\/uploads\/2020\/11\/141123_LF_KatS_005-1536x1024.jpg 1536w, https:\/\/www.ff-rahlstedt.de\/wp-content\/uploads\/2020\/11\/141123_LF_KatS_005-2048x1365.jpg 2048w, https:\/\/www.ff-rahlstedt.de\/wp-content\/uploads\/2020\/11\/141123_LF_KatS_005-360x240.jpg 360w\" sizes=\"(max-width: 750px) 100vw, 750px\" \/>\t\t\t\t\t\t\t\t\t\t\t\t\t\t\t<\/div>\n\t\t\t\t<\/div>\n\t\t\t\t<div class=\"elementor-element elementor-element-2994956 elementor-widget elementor-widget-image\" data-id=\"2994956\" data-element_type=\"widget\" data-widget_type=\"image.default\">\n\t\t\t\t<div class=\"elementor-widget-container\">\n\t\t\t\t\t\t\t\t\t\t\t\t\t\t\t<img loading=\"lazy\" decoding=\"async\" width=\"750\" height=\"500\" src=\"https:\/\/www.ff-rahlstedt.de\/wp-content\/uploads\/2020\/11\/Facebookbild-Einsatz-1024x683.jpg\" class=\"attachment-large size-large wp-image-1371\" alt=\"\" srcset=\"https:\/\/www.ff-rahlstedt.de\/wp-content\/uploads\/2020\/11\/Facebookbild-Einsatz-1024x683.jpg 1024w, https:\/\/www.ff-rahlstedt.de\/wp-content\/uploads\/2020\/11\/Facebookbild-Einsatz-300x200.jpg 300w, https:\/\/www.ff-rahlstedt.de\/wp-content\/uploads\/2020\/11\/Facebookbild-Einsatz-768x512.jpg 768w, https:\/\/www.ff-rahlstedt.de\/wp-content\/uploads\/2020\/11\/Facebookbild-Einsatz-1536x1024.jpg 1536w, https:\/\/www.ff-rahlstedt.de\/wp-content\/uploads\/2020\/11\/Facebookbild-Einsatz-2048x1365.jpg 2048w, https:\/\/www.ff-rahlstedt.de\/wp-content\/uploads\/2020\/11\/Facebookbild-Einsatz-360x240.jpg 360w\" sizes=\"(max-width: 750px) 100vw, 750px\" \/>\t\t\t\t\t\t\t\t\t\t\t\t\t\t\t<\/div>\n\t\t\t\t<\/div>\n\t\t\t\t\t<\/div>\n\t\t<\/div>\n\t\t\t\t<div class=\"elementor-column elementor-col-50 elementor-top-column elementor-element elementor-element-1ce2b3e\" data-id=\"1ce2b3e\" data-element_type=\"column\">\n\t\t\t<div class=\"elementor-widget-wrap elementor-element-populated\">\n\t\t\t\t\t\t<div class=\"elementor-element elementor-element-23d3720 elementor-widget elementor-widget-heading\" data-id=\"23d3720\" data-element_type=\"widget\" data-widget_type=\"heading.default\">\n\t\t\t\t<div class=\"elementor-widget-container\">\n\t\t\t\t\t<h5 class=\"elementor-heading-title elementor-size-default\">Rufname: Florian Hamburg Rahlstedt 2<\/h5>\t\t\t\t<\/div>\n\t\t\t\t<\/div>\n\t\t\t\t<div class=\"elementor-element elementor-element-2c48241 elementor-widget elementor-widget-text-editor\" data-id=\"2c48241\" data-element_type=\"widget\" data-widget_type=\"text-editor.default\">\n\t\t\t\t<div class=\"elementor-widget-container\">\n\t\t\t\t\t\t\t\t\t<ul>\n<li>LF KatS Niedrige Bauart<\/li>\n<li>DB Atego 1629 AF (Euro 5)<\/li>\n<li>16t Fahrgestell, 285 PS<\/li>\n<li>Magirus Alufire 3 Aufbau mit einer H\u00f6he von max. 3,0m<\/li>\n<li>Automatikgetriebe, Allrad<\/li>\n<li>Feuerl\u00f6schkreiselpumpe FPN 10-2000 (2.000 l\/min bei 10 bar) mit Pumpenentw\u00e4sserung per Knopfdruck<\/li>\n<li>L\u00f6schwasserbeh\u00e4lter 1.600 l<\/li>\n<li>Tragkraftspritze PFPN 10-1000 (1.000 l\/min bei 10 bar) auf pneumatischem Lift<\/li>\n<li>Schnellangriffseinrichtung Wasser (50 m formstabiler Schlauch auf Haspel)<\/li>\n<li>Schnellangriffseinrichtung Schaum (fest eingebauter Zumischer Z4)<\/li>\n<li>12 C-L\u00e4ngen, davon 3x in 3 Schlauchtragek\u00f6rben<\/li>\n<li>30 B-L\u00e4ngen, davon 18 in 6x 3 B-Schlauchk\u00e4sten \u00fcber der Pumpe, die w\u00e4hrend der Fahrt verlegt werden k\u00f6nnen,<\/li>\n<li>2 aufblasbare 1.000 l-Auffangbeh\u00e4lter, davon einer mineral\u00f6lbest\u00e4ndig<\/li>\n<li>4 Atemschutzger\u00e4te, davon zwei im Mannschaftsraum<\/li>\n<li>2 Hohlstrahlrohre C \u2013 Hamburg-Force<\/li>\n<li>1 E-Tauchpumpe TP 8\/1<\/li>\n<li>Je 1 E-Motors\u00e4ge u. Motorkettens\u00e4ge<\/li>\n<li>Halligan-Tool u. TNT-Tool<\/li>\n<li>Stromerzeuger EISEMANN 9,5 kVA<\/li>\n<li>Pneum. TEKLITE Ligh Robot \u2013 Lichtmast m. 6x 24 V Xenon-Scheinwerfern<\/li>\n<li>Hygieneboard mit Wasserhahn, Waschb\u00fcrste und Druckluftpistole<\/li>\n<li>Notfallrucksack Hamburg<\/li>\n<li>4 Steckleiterteile<\/li>\n<li>3-teilige Schiebleiter<\/li>\n<\/ul>\t\t\t\t\t\t\t\t<\/div>\n\t\t\t\t<\/div>\n\t\t\t\t\t<\/div>\n\t\t<\/div>\n\t\t\t\t\t<\/div>\n\t\t<\/section>\n\t\t\t\t<section class=\"elementor-section elementor-top-section elementor-element elementor-element-4298387 elementor-section-boxed elementor-section-height-default elementor-section-height-default\" data-id=\"4298387\" data-element_type=\"section\">\n\t\t\t\t\t\t<div class=\"elementor-container elementor-column-gap-default\">\n\t\t\t\t\t<div class=\"elementor-column elementor-col-100 elementor-top-column elementor-element elementor-element-48b28de\" data-id=\"48b28de\" data-element_type=\"column\">\n\t\t\t<div class=\"elementor-widget-wrap\">\n\t\t\t\t\t\t\t<\/div>\n\t\t<\/div>\n\t\t\t\t\t<\/div>\n\t\t<\/section>\n\t\t\t\t<section class=\"elementor-section elementor-top-section elementor-element elementor-element-9ca57c0 elementor-section-boxed elementor-section-height-default elementor-section-height-default\" data-id=\"9ca57c0\" data-element_type=\"section\">\n\t\t\t\t\t\t<div class=\"elementor-container elementor-column-gap-default\">\n\t\t\t\t\t<div class=\"elementor-column elementor-col-100 elementor-top-column elementor-element elementor-element-d5d51f2\" data-id=\"d5d51f2\" data-element_type=\"column\">\n\t\t\t<div class=\"elementor-widget-wrap\">\n\t\t\t\t\t\t\t<\/div>\n\t\t<\/div>\n\t\t\t\t\t<\/div>\n\t\t<\/section>\n\t\t\t\t<\/div>\n\t\t","protected":false},"excerpt":{"rendered":"<p>Aktuelle Fahrzeuge Rufname: Florian Hamburg Rahlstedt 1 HLF 20 Mercedes-Benz Atego 1630 AF, Automatikgetriebe Aufbau Schlingmann VARUS 4&#215;4 Bauh\u00f6he 3,3m Standardbeladung an L\u00f6schmitteln L\u00f6schwassertank 2000 l Schaummitteltank 120l Feuerl\u00f6schkreiselpumpe S2000 \/ FPN 10-2000 (2.000 l\/min bei 10 bar) Schnellangriff Wasser und Schaum hydr. Rettungssatz Akkubetrieben (Schere\/Spreizer) pneumatische Hebekissen 3 PA-Ger\u00e4te [&hellip;]<\/p>\n","protected":false},"author":1,"featured_media":1246,"parent":0,"menu_order":0,"comment_status":"closed","ping_status":"closed","template":"","meta":{"footnotes":""},"class_list":["post-1268","page","type-page","status-publish","has-post-thumbnail","hentry"],"yoast_head":"<!-- This site is optimized with the Yoast SEO plugin v26.7 - https:\/\/yoast.com\/wordpress\/plugins\/seo\/ -->\n<title>Fahrzeuge - Freiwillige Feuerwehr Rahlstedt<\/title>\n<meta name=\"robots\" content=\"index, follow, max-snippet:-1, max-image-preview:large, max-video-preview:-1\" \/>\n<link rel=\"canonical\" href=\"https:\/\/www.ff-rahlstedt.de\/?page_id=1268\" \/>\n<meta property=\"og:locale\" content=\"de_DE\" \/>\n<meta property=\"og:type\" content=\"article\" \/>\n<meta property=\"og:title\" content=\"Fahrzeuge - Freiwillige Feuerwehr Rahlstedt\" \/>\n<meta property=\"og:description\" content=\"Aktuelle Fahrzeuge Rufname: Florian Hamburg Rahlstedt 1 HLF 20 Mercedes-Benz Atego 1630 AF, Automatikgetriebe Aufbau Schlingmann VARUS 4&#215;4 Bauh\u00f6he 3,3m Standardbeladung an L\u00f6schmitteln L\u00f6schwassertank 2000 l Schaummitteltank 120l Feuerl\u00f6schkreiselpumpe S2000 \/ FPN 10-2000 (2.000 l\/min bei 10 bar) Schnellangriff Wasser und Schaum hydr. Rettungssatz Akkubetrieben (Schere\/Spreizer) pneumatische Hebekissen 3 PA-Ger\u00e4te [&hellip;]\" \/>\n<meta property=\"og:url\" content=\"https:\/\/www.ff-rahlstedt.de\/?page_id=1268\" \/>\n<meta property=\"og:site_name\" content=\"Freiwillige Feuerwehr Rahlstedt\" \/>\n<meta property=\"article:modified_time\" content=\"2025-10-13T12:54:36+00:00\" \/>\n<meta property=\"og:image\" content=\"https:\/\/www.ff-rahlstedt.de\/wp-content\/uploads\/2020\/10\/Banner-Homepage-1.jpg\" \/>\n\t<meta property=\"og:image:width\" content=\"2550\" \/>\n\t<meta property=\"og:image:height\" content=\"360\" \/>\n\t<meta property=\"og:image:type\" content=\"image\/jpeg\" \/>\n<meta name=\"twitter:card\" content=\"summary_large_image\" \/>\n<meta name=\"twitter:label1\" content=\"Gesch\u00e4tzte Lesezeit\" \/>\n\t<meta name=\"twitter:data1\" content=\"3\u00a0Minuten\" \/>\n<script type=\"application\/ld+json\" class=\"yoast-schema-graph\">{\"@context\":\"https:\/\/schema.org\",\"@graph\":[{\"@type\":\"WebPage\",\"@id\":\"https:\/\/www.ff-rahlstedt.de\/?page_id=1268\",\"url\":\"https:\/\/www.ff-rahlstedt.de\/?page_id=1268\",\"name\":\"Fahrzeuge - Freiwillige Feuerwehr Rahlstedt\",\"isPartOf\":{\"@id\":\"https:\/\/www.ff-rahlstedt.de\/#website\"},\"primaryImageOfPage\":{\"@id\":\"https:\/\/www.ff-rahlstedt.de\/?page_id=1268#primaryimage\"},\"image\":{\"@id\":\"https:\/\/www.ff-rahlstedt.de\/?page_id=1268#primaryimage\"},\"thumbnailUrl\":\"https:\/\/www.ff-rahlstedt.de\/wp-content\/uploads\/2020\/10\/Banner-Homepage-1.jpg\",\"datePublished\":\"2020-11-07T12:31:44+00:00\",\"dateModified\":\"2025-10-13T12:54:36+00:00\",\"breadcrumb\":{\"@id\":\"https:\/\/www.ff-rahlstedt.de\/?page_id=1268#breadcrumb\"},\"inLanguage\":\"de\",\"potentialAction\":[{\"@type\":\"ReadAction\",\"target\":[\"https:\/\/www.ff-rahlstedt.de\/?page_id=1268\"]}]},{\"@type\":\"ImageObject\",\"inLanguage\":\"de\",\"@id\":\"https:\/\/www.ff-rahlstedt.de\/?page_id=1268#primaryimage\",\"url\":\"https:\/\/www.ff-rahlstedt.de\/wp-content\/uploads\/2020\/10\/Banner-Homepage-1.jpg\",\"contentUrl\":\"https:\/\/www.ff-rahlstedt.de\/wp-content\/uploads\/2020\/10\/Banner-Homepage-1.jpg\",\"width\":2550,\"height\":360},{\"@type\":\"BreadcrumbList\",\"@id\":\"https:\/\/www.ff-rahlstedt.de\/?page_id=1268#breadcrumb\",\"itemListElement\":[{\"@type\":\"ListItem\",\"position\":1,\"name\":\"Startseite\",\"item\":\"https:\/\/www.ff-rahlstedt.de\/\"},{\"@type\":\"ListItem\",\"position\":2,\"name\":\"Fahrzeuge\"}]},{\"@type\":\"WebSite\",\"@id\":\"https:\/\/www.ff-rahlstedt.de\/#website\",\"url\":\"https:\/\/www.ff-rahlstedt.de\/\",\"name\":\"Freiwillige Feuerwehr Rahlstedt\",\"description\":\"\",\"publisher\":{\"@id\":\"https:\/\/www.ff-rahlstedt.de\/#organization\"},\"potentialAction\":[{\"@type\":\"SearchAction\",\"target\":{\"@type\":\"EntryPoint\",\"urlTemplate\":\"https:\/\/www.ff-rahlstedt.de\/?s={search_term_string}\"},\"query-input\":{\"@type\":\"PropertyValueSpecification\",\"valueRequired\":true,\"valueName\":\"search_term_string\"}}],\"inLanguage\":\"de\"},{\"@type\":\"Organization\",\"@id\":\"https:\/\/www.ff-rahlstedt.de\/#organization\",\"name\":\"Freiwillige Feuerwehr Rahlstedt\",\"url\":\"https:\/\/www.ff-rahlstedt.de\/\",\"logo\":{\"@type\":\"ImageObject\",\"inLanguage\":\"de\",\"@id\":\"https:\/\/www.ff-rahlstedt.de\/#\/schema\/logo\/image\/\",\"url\":\"https:\/\/www.ff-rahlstedt.de\/wp-content\/uploads\/2020\/09\/cropped-Logo-1.png\",\"contentUrl\":\"https:\/\/www.ff-rahlstedt.de\/wp-content\/uploads\/2020\/09\/cropped-Logo-1.png\",\"width\":776,\"height\":777,\"caption\":\"Freiwillige Feuerwehr Rahlstedt\"},\"image\":{\"@id\":\"https:\/\/www.ff-rahlstedt.de\/#\/schema\/logo\/image\/\"}}]}<\/script>\n<!-- \/ Yoast SEO plugin. -->","yoast_head_json":{"title":"Fahrzeuge - Freiwillige Feuerwehr Rahlstedt","robots":{"index":"index","follow":"follow","max-snippet":"max-snippet:-1","max-image-preview":"max-image-preview:large","max-video-preview":"max-video-preview:-1"},"canonical":"https:\/\/www.ff-rahlstedt.de\/?page_id=1268","og_locale":"de_DE","og_type":"article","og_title":"Fahrzeuge - Freiwillige Feuerwehr Rahlstedt","og_description":"Aktuelle Fahrzeuge Rufname: Florian Hamburg Rahlstedt 1 HLF 20 Mercedes-Benz Atego 1630 AF, Automatikgetriebe Aufbau Schlingmann VARUS 4&#215;4 Bauh\u00f6he 3,3m Standardbeladung an L\u00f6schmitteln L\u00f6schwassertank 2000 l Schaummitteltank 120l Feuerl\u00f6schkreiselpumpe S2000 \/ FPN 10-2000 (2.000 l\/min bei 10 bar) Schnellangriff Wasser und Schaum hydr. Rettungssatz Akkubetrieben (Schere\/Spreizer) pneumatische Hebekissen 3 PA-Ger\u00e4te [&hellip;]","og_url":"https:\/\/www.ff-rahlstedt.de\/?page_id=1268","og_site_name":"Freiwillige Feuerwehr Rahlstedt","article_modified_time":"2025-10-13T12:54:36+00:00","og_image":[{"width":2550,"height":360,"url":"https:\/\/www.ff-rahlstedt.de\/wp-content\/uploads\/2020\/10\/Banner-Homepage-1.jpg","type":"image\/jpeg"}],"twitter_card":"summary_large_image","twitter_misc":{"Gesch\u00e4tzte Lesezeit":"3\u00a0Minuten"},"schema":{"@context":"https:\/\/schema.org","@graph":[{"@type":"WebPage","@id":"https:\/\/www.ff-rahlstedt.de\/?page_id=1268","url":"https:\/\/www.ff-rahlstedt.de\/?page_id=1268","name":"Fahrzeuge - Freiwillige Feuerwehr Rahlstedt","isPartOf":{"@id":"https:\/\/www.ff-rahlstedt.de\/#website"},"primaryImageOfPage":{"@id":"https:\/\/www.ff-rahlstedt.de\/?page_id=1268#primaryimage"},"image":{"@id":"https:\/\/www.ff-rahlstedt.de\/?page_id=1268#primaryimage"},"thumbnailUrl":"https:\/\/www.ff-rahlstedt.de\/wp-content\/uploads\/2020\/10\/Banner-Homepage-1.jpg","datePublished":"2020-11-07T12:31:44+00:00","dateModified":"2025-10-13T12:54:36+00:00","breadcrumb":{"@id":"https:\/\/www.ff-rahlstedt.de\/?page_id=1268#breadcrumb"},"inLanguage":"de","potentialAction":[{"@type":"ReadAction","target":["https:\/\/www.ff-rahlstedt.de\/?page_id=1268"]}]},{"@type":"ImageObject","inLanguage":"de","@id":"https:\/\/www.ff-rahlstedt.de\/?page_id=1268#primaryimage","url":"https:\/\/www.ff-rahlstedt.de\/wp-content\/uploads\/2020\/10\/Banner-Homepage-1.jpg","contentUrl":"https:\/\/www.ff-rahlstedt.de\/wp-content\/uploads\/2020\/10\/Banner-Homepage-1.jpg","width":2550,"height":360},{"@type":"BreadcrumbList","@id":"https:\/\/www.ff-rahlstedt.de\/?page_id=1268#breadcrumb","itemListElement":[{"@type":"ListItem","position":1,"name":"Startseite","item":"https:\/\/www.ff-rahlstedt.de\/"},{"@type":"ListItem","position":2,"name":"Fahrzeuge"}]},{"@type":"WebSite","@id":"https:\/\/www.ff-rahlstedt.de\/#website","url":"https:\/\/www.ff-rahlstedt.de\/","name":"Freiwillige Feuerwehr Rahlstedt","description":"","publisher":{"@id":"https:\/\/www.ff-rahlstedt.de\/#organization"},"potentialAction":[{"@type":"SearchAction","target":{"@type":"EntryPoint","urlTemplate":"https:\/\/www.ff-rahlstedt.de\/?s={search_term_string}"},"query-input":{"@type":"PropertyValueSpecification","valueRequired":true,"valueName":"search_term_string"}}],"inLanguage":"de"},{"@type":"Organization","@id":"https:\/\/www.ff-rahlstedt.de\/#organization","name":"Freiwillige Feuerwehr Rahlstedt","url":"https:\/\/www.ff-rahlstedt.de\/","logo":{"@type":"ImageObject","inLanguage":"de","@id":"https:\/\/www.ff-rahlstedt.de\/#\/schema\/logo\/image\/","url":"https:\/\/www.ff-rahlstedt.de\/wp-content\/uploads\/2020\/09\/cropped-Logo-1.png","contentUrl":"https:\/\/www.ff-rahlstedt.de\/wp-content\/uploads\/2020\/09\/cropped-Logo-1.png","width":776,"height":777,"caption":"Freiwillige Feuerwehr Rahlstedt"},"image":{"@id":"https:\/\/www.ff-rahlstedt.de\/#\/schema\/logo\/image\/"}}]}},"_links":{"self":[{"href":"https:\/\/www.ff-rahlstedt.de\/index.php?rest_route=\/wp\/v2\/pages\/1268","targetHints":{"allow":["GET"]}}],"collection":[{"href":"https:\/\/www.ff-rahlstedt.de\/index.php?rest_route=\/wp\/v2\/pages"}],"about":[{"href":"https:\/\/www.ff-rahlstedt.de\/index.php?rest_route=\/wp\/v2\/types\/page"}],"author":[{"embeddable":true,"href":"https:\/\/www.ff-rahlstedt.de\/index.php?rest_route=\/wp\/v2\/users\/1"}],"replies":[{"embeddable":true,"href":"https:\/\/www.ff-rahlstedt.de\/index.php?rest_route=%2Fwp%2Fv2%2Fcomments&post=1268"}],"version-history":[{"count":20,"href":"https:\/\/www.ff-rahlstedt.de\/index.php?rest_route=\/wp\/v2\/pages\/1268\/revisions"}],"predecessor-version":[{"id":2428,"href":"https:\/\/www.ff-rahlstedt.de\/index.php?rest_route=\/wp\/v2\/pages\/1268\/revisions\/2428"}],"wp:featuredmedia":[{"embeddable":true,"href":"https:\/\/www.ff-rahlstedt.de\/index.php?rest_route=\/wp\/v2\/media\/1246"}],"wp:attachment":[{"href":"https:\/\/www.ff-rahlstedt.de\/index.php?rest_route=%2Fwp%2Fv2%2Fmedia&parent=1268"}],"curies":[{"name":"wp","href":"https:\/\/api.w.org\/{rel}","templated":true}]}}