{"id":1300,"date":"2020-11-08T13:42:48","date_gmt":"2020-11-08T12:42:48","guid":{"rendered":"https:\/\/ff-rahlstedt.de\/?page_id=1300"},"modified":"2020-11-08T13:43:26","modified_gmt":"2020-11-08T12:43:26","slug":"was-erwartet-dich","status":"publish","type":"page","link":"https:\/\/www.ff-rahlstedt.de\/?page_id=1300","title":{"rendered":"Was erwartet dich?"},"content":{"rendered":"\t\t<div data-elementor-type=\"wp-page\" data-elementor-id=\"1300\" class=\"elementor elementor-1300\" data-elementor-post-type=\"page\">\n\t\t\t\t\t\t<section class=\"elementor-section elementor-top-section elementor-element elementor-element-79a16ebc elementor-section-boxed elementor-section-height-default elementor-section-height-default\" data-id=\"79a16ebc\" data-element_type=\"section\">\n\t\t\t\t\t\t<div class=\"elementor-container elementor-column-gap-default\">\n\t\t\t\t\t<div class=\"elementor-column elementor-col-100 elementor-top-column elementor-element elementor-element-3c8e7f55\" data-id=\"3c8e7f55\" data-element_type=\"column\">\n\t\t\t<div class=\"elementor-widget-wrap elementor-element-populated\">\n\t\t\t\t\t\t<div class=\"elementor-element elementor-element-423b6ba elementor-widget elementor-widget-text-editor\" data-id=\"423b6ba\" data-element_type=\"widget\" data-widget_type=\"text-editor.default\">\n\t\t\t\t<div class=\"elementor-widget-container\">\n\t\t\t\t\t\t\t\t\t<p>Bei unseren Zusammenk\u00fcnften decken wir eine gro\u00dfe Vielfalt an Themengebieten ab. So vermitteln wir, sowohl theoretisch als auch praktisch, vielseitiges Wissen in den Bereichen Brandschutz, Technische Hilfeleistung, Erste Hilfe und Kommunikation. Die Kinder lernen hierbei zum Beispiel den Aufbau eines L\u00f6schangriffes, das Retten von eingeklemmten Personen, die richtige Versorgung von Verletzungen oder die richtige Ausf\u00fchrung der stabilen Seitenlage.<\/p>\n<p>Neben der Vermittlung von feuerwehrtechnischem Wissen ist uns sehr wichtig, dass der Spa\u00df auf keinen Fall zu kurz kommt.\u00a0 So unternehmen wir zum Beispiel jedes Jahr eine einw\u00f6chige Ausfahrt, veranstalten Filmabende oder abwechslungsreiche Ausfl\u00fcge. Au\u00dferdem engagiert sich die Jugendfeuerwehr Rahlstedt ehrenamtlich bei Umweltaktionen wie bei der j\u00e4hrlichen Nistkastenaktion oder der Aktion \u201eSauberes Rahlstedt\u201c.<\/p>\n<p>Durch die Ausbildung in den verschiedenen Wissensbereichen, haben die Jugendlichen die M\u00f6glichkeit im Laufe ihrer Jugendfeuerwehrkarriere verschiedenen Abzeichen zu erwerben. Unter anderem z\u00e4hlt hierzu die Jugendflamme der Stufe eins bis drei sowie die Leistungsspange.<\/p>\t\t\t\t\t\t\t\t<\/div>\n\t\t\t\t<\/div>\n\t\t\t\t\t<\/div>\n\t\t<\/div>\n\t\t\t\t\t<\/div>\n\t\t<\/section>\n\t\t\t\t<\/div>\n\t\t","protected":false},"excerpt":{"rendered":"<p>Bei unseren Zusammenk\u00fcnften decken wir eine gro\u00dfe Vielfalt an Themengebieten ab. So vermitteln wir, sowohl theoretisch als auch praktisch, vielseitiges Wissen in den Bereichen Brandschutz, Technische Hilfeleistung, Erste Hilfe und Kommunikation. Die Kinder lernen hierbei zum Beispiel den Aufbau eines L\u00f6schangriffes, das Retten von eingeklemmten Personen, die richtige Versorgung von [&hellip;]<\/p>\n","protected":false},"author":1,"featured_media":1248,"parent":0,"menu_order":0,"comment_status":"closed","ping_status":"closed","template":"","meta":{"footnotes":""},"class_list":["post-1300","page","type-page","status-publish","has-post-thumbnail","hentry"],"yoast_head":"<!-- This site is optimized with the Yoast SEO plugin v26.7 - https:\/\/yoast.com\/wordpress\/plugins\/seo\/ -->\n<title>Was erwartet dich? - Freiwillige Feuerwehr Rahlstedt<\/title>\n<meta name=\"robots\" content=\"index, follow, max-snippet:-1, max-image-preview:large, max-video-preview:-1\" \/>\n<link rel=\"canonical\" href=\"https:\/\/www.ff-rahlstedt.de\/?page_id=1300\" \/>\n<meta property=\"og:locale\" content=\"de_DE\" \/>\n<meta property=\"og:type\" content=\"article\" \/>\n<meta property=\"og:title\" content=\"Was erwartet dich? - Freiwillige Feuerwehr Rahlstedt\" \/>\n<meta property=\"og:description\" content=\"Bei unseren Zusammenk\u00fcnften decken wir eine gro\u00dfe Vielfalt an Themengebieten ab. So vermitteln wir, sowohl theoretisch als auch praktisch, vielseitiges Wissen in den Bereichen Brandschutz, Technische Hilfeleistung, Erste Hilfe und Kommunikation. Die Kinder lernen hierbei zum Beispiel den Aufbau eines L\u00f6schangriffes, das Retten von eingeklemmten Personen, die richtige Versorgung von [&hellip;]\" \/>\n<meta property=\"og:url\" content=\"https:\/\/www.ff-rahlstedt.de\/?page_id=1300\" \/>\n<meta property=\"og:site_name\" content=\"Freiwillige Feuerwehr Rahlstedt\" \/>\n<meta property=\"article:modified_time\" content=\"2020-11-08T12:43:26+00:00\" \/>\n<meta property=\"og:image\" content=\"https:\/\/www.ff-rahlstedt.de\/wp-content\/uploads\/2020\/10\/Banner-Homepage-3.jpg\" \/>\n\t<meta property=\"og:image:width\" content=\"2550\" \/>\n\t<meta property=\"og:image:height\" content=\"360\" \/>\n\t<meta property=\"og:image:type\" content=\"image\/jpeg\" \/>\n<meta name=\"twitter:card\" content=\"summary_large_image\" \/>\n<meta name=\"twitter:label1\" content=\"Gesch\u00e4tzte Lesezeit\" \/>\n\t<meta name=\"twitter:data1\" content=\"1\u00a0Minute\" \/>\n<script type=\"application\/ld+json\" class=\"yoast-schema-graph\">{\"@context\":\"https:\/\/schema.org\",\"@graph\":[{\"@type\":\"WebPage\",\"@id\":\"https:\/\/www.ff-rahlstedt.de\/?page_id=1300\",\"url\":\"https:\/\/www.ff-rahlstedt.de\/?page_id=1300\",\"name\":\"Was erwartet dich? - Freiwillige Feuerwehr Rahlstedt\",\"isPartOf\":{\"@id\":\"https:\/\/www.ff-rahlstedt.de\/#website\"},\"primaryImageOfPage\":{\"@id\":\"https:\/\/www.ff-rahlstedt.de\/?page_id=1300#primaryimage\"},\"image\":{\"@id\":\"https:\/\/www.ff-rahlstedt.de\/?page_id=1300#primaryimage\"},\"thumbnailUrl\":\"https:\/\/www.ff-rahlstedt.de\/wp-content\/uploads\/2020\/10\/Banner-Homepage-3.jpg\",\"datePublished\":\"2020-11-08T12:42:48+00:00\",\"dateModified\":\"2020-11-08T12:43:26+00:00\",\"breadcrumb\":{\"@id\":\"https:\/\/www.ff-rahlstedt.de\/?page_id=1300#breadcrumb\"},\"inLanguage\":\"de\",\"potentialAction\":[{\"@type\":\"ReadAction\",\"target\":[\"https:\/\/www.ff-rahlstedt.de\/?page_id=1300\"]}]},{\"@type\":\"ImageObject\",\"inLanguage\":\"de\",\"@id\":\"https:\/\/www.ff-rahlstedt.de\/?page_id=1300#primaryimage\",\"url\":\"https:\/\/www.ff-rahlstedt.de\/wp-content\/uploads\/2020\/10\/Banner-Homepage-3.jpg\",\"contentUrl\":\"https:\/\/www.ff-rahlstedt.de\/wp-content\/uploads\/2020\/10\/Banner-Homepage-3.jpg\",\"width\":2550,\"height\":360},{\"@type\":\"BreadcrumbList\",\"@id\":\"https:\/\/www.ff-rahlstedt.de\/?page_id=1300#breadcrumb\",\"itemListElement\":[{\"@type\":\"ListItem\",\"position\":1,\"name\":\"Startseite\",\"item\":\"https:\/\/www.ff-rahlstedt.de\/\"},{\"@type\":\"ListItem\",\"position\":2,\"name\":\"Was erwartet dich?\"}]},{\"@type\":\"WebSite\",\"@id\":\"https:\/\/www.ff-rahlstedt.de\/#website\",\"url\":\"https:\/\/www.ff-rahlstedt.de\/\",\"name\":\"Freiwillige Feuerwehr Rahlstedt\",\"description\":\"\",\"publisher\":{\"@id\":\"https:\/\/www.ff-rahlstedt.de\/#organization\"},\"potentialAction\":[{\"@type\":\"SearchAction\",\"target\":{\"@type\":\"EntryPoint\",\"urlTemplate\":\"https:\/\/www.ff-rahlstedt.de\/?s={search_term_string}\"},\"query-input\":{\"@type\":\"PropertyValueSpecification\",\"valueRequired\":true,\"valueName\":\"search_term_string\"}}],\"inLanguage\":\"de\"},{\"@type\":\"Organization\",\"@id\":\"https:\/\/www.ff-rahlstedt.de\/#organization\",\"name\":\"Freiwillige Feuerwehr Rahlstedt\",\"url\":\"https:\/\/www.ff-rahlstedt.de\/\",\"logo\":{\"@type\":\"ImageObject\",\"inLanguage\":\"de\",\"@id\":\"https:\/\/www.ff-rahlstedt.de\/#\/schema\/logo\/image\/\",\"url\":\"https:\/\/www.ff-rahlstedt.de\/wp-content\/uploads\/2020\/09\/cropped-Logo-1.png\",\"contentUrl\":\"https:\/\/www.ff-rahlstedt.de\/wp-content\/uploads\/2020\/09\/cropped-Logo-1.png\",\"width\":776,\"height\":777,\"caption\":\"Freiwillige Feuerwehr Rahlstedt\"},\"image\":{\"@id\":\"https:\/\/www.ff-rahlstedt.de\/#\/schema\/logo\/image\/\"}}]}<\/script>\n<!-- \/ Yoast SEO plugin. -->","yoast_head_json":{"title":"Was erwartet dich? - Freiwillige Feuerwehr Rahlstedt","robots":{"index":"index","follow":"follow","max-snippet":"max-snippet:-1","max-image-preview":"max-image-preview:large","max-video-preview":"max-video-preview:-1"},"canonical":"https:\/\/www.ff-rahlstedt.de\/?page_id=1300","og_locale":"de_DE","og_type":"article","og_title":"Was erwartet dich? - Freiwillige Feuerwehr Rahlstedt","og_description":"Bei unseren Zusammenk\u00fcnften decken wir eine gro\u00dfe Vielfalt an Themengebieten ab. So vermitteln wir, sowohl theoretisch als auch praktisch, vielseitiges Wissen in den Bereichen Brandschutz, Technische Hilfeleistung, Erste Hilfe und Kommunikation. Die Kinder lernen hierbei zum Beispiel den Aufbau eines L\u00f6schangriffes, das Retten von eingeklemmten Personen, die richtige Versorgung von [&hellip;]","og_url":"https:\/\/www.ff-rahlstedt.de\/?page_id=1300","og_site_name":"Freiwillige Feuerwehr Rahlstedt","article_modified_time":"2020-11-08T12:43:26+00:00","og_image":[{"width":2550,"height":360,"url":"https:\/\/www.ff-rahlstedt.de\/wp-content\/uploads\/2020\/10\/Banner-Homepage-3.jpg","type":"image\/jpeg"}],"twitter_card":"summary_large_image","twitter_misc":{"Gesch\u00e4tzte Lesezeit":"1\u00a0Minute"},"schema":{"@context":"https:\/\/schema.org","@graph":[{"@type":"WebPage","@id":"https:\/\/www.ff-rahlstedt.de\/?page_id=1300","url":"https:\/\/www.ff-rahlstedt.de\/?page_id=1300","name":"Was erwartet dich? - Freiwillige Feuerwehr Rahlstedt","isPartOf":{"@id":"https:\/\/www.ff-rahlstedt.de\/#website"},"primaryImageOfPage":{"@id":"https:\/\/www.ff-rahlstedt.de\/?page_id=1300#primaryimage"},"image":{"@id":"https:\/\/www.ff-rahlstedt.de\/?page_id=1300#primaryimage"},"thumbnailUrl":"https:\/\/www.ff-rahlstedt.de\/wp-content\/uploads\/2020\/10\/Banner-Homepage-3.jpg","datePublished":"2020-11-08T12:42:48+00:00","dateModified":"2020-11-08T12:43:26+00:00","breadcrumb":{"@id":"https:\/\/www.ff-rahlstedt.de\/?page_id=1300#breadcrumb"},"inLanguage":"de","potentialAction":[{"@type":"ReadAction","target":["https:\/\/www.ff-rahlstedt.de\/?page_id=1300"]}]},{"@type":"ImageObject","inLanguage":"de","@id":"https:\/\/www.ff-rahlstedt.de\/?page_id=1300#primaryimage","url":"https:\/\/www.ff-rahlstedt.de\/wp-content\/uploads\/2020\/10\/Banner-Homepage-3.jpg","contentUrl":"https:\/\/www.ff-rahlstedt.de\/wp-content\/uploads\/2020\/10\/Banner-Homepage-3.jpg","width":2550,"height":360},{"@type":"BreadcrumbList","@id":"https:\/\/www.ff-rahlstedt.de\/?page_id=1300#breadcrumb","itemListElement":[{"@type":"ListItem","position":1,"name":"Startseite","item":"https:\/\/www.ff-rahlstedt.de\/"},{"@type":"ListItem","position":2,"name":"Was erwartet dich?"}]},{"@type":"WebSite","@id":"https:\/\/www.ff-rahlstedt.de\/#website","url":"https:\/\/www.ff-rahlstedt.de\/","name":"Freiwillige Feuerwehr Rahlstedt","description":"","publisher":{"@id":"https:\/\/www.ff-rahlstedt.de\/#organization"},"potentialAction":[{"@type":"SearchAction","target":{"@type":"EntryPoint","urlTemplate":"https:\/\/www.ff-rahlstedt.de\/?s={search_term_string}"},"query-input":{"@type":"PropertyValueSpecification","valueRequired":true,"valueName":"search_term_string"}}],"inLanguage":"de"},{"@type":"Organization","@id":"https:\/\/www.ff-rahlstedt.de\/#organization","name":"Freiwillige Feuerwehr Rahlstedt","url":"https:\/\/www.ff-rahlstedt.de\/","logo":{"@type":"ImageObject","inLanguage":"de","@id":"https:\/\/www.ff-rahlstedt.de\/#\/schema\/logo\/image\/","url":"https:\/\/www.ff-rahlstedt.de\/wp-content\/uploads\/2020\/09\/cropped-Logo-1.png","contentUrl":"https:\/\/www.ff-rahlstedt.de\/wp-content\/uploads\/2020\/09\/cropped-Logo-1.png","width":776,"height":777,"caption":"Freiwillige Feuerwehr Rahlstedt"},"image":{"@id":"https:\/\/www.ff-rahlstedt.de\/#\/schema\/logo\/image\/"}}]}},"_links":{"self":[{"href":"https:\/\/www.ff-rahlstedt.de\/index.php?rest_route=\/wp\/v2\/pages\/1300","targetHints":{"allow":["GET"]}}],"collection":[{"href":"https:\/\/www.ff-rahlstedt.de\/index.php?rest_route=\/wp\/v2\/pages"}],"about":[{"href":"https:\/\/www.ff-rahlstedt.de\/index.php?rest_route=\/wp\/v2\/types\/page"}],"author":[{"embeddable":true,"href":"https:\/\/www.ff-rahlstedt.de\/index.php?rest_route=\/wp\/v2\/users\/1"}],"replies":[{"embeddable":true,"href":"https:\/\/www.ff-rahlstedt.de\/index.php?rest_route=%2Fwp%2Fv2%2Fcomments&post=1300"}],"version-history":[{"count":5,"href":"https:\/\/www.ff-rahlstedt.de\/index.php?rest_route=\/wp\/v2\/pages\/1300\/revisions"}],"predecessor-version":[{"id":1305,"href":"https:\/\/www.ff-rahlstedt.de\/index.php?rest_route=\/wp\/v2\/pages\/1300\/revisions\/1305"}],"wp:featuredmedia":[{"embeddable":true,"href":"https:\/\/www.ff-rahlstedt.de\/index.php?rest_route=\/wp\/v2\/media\/1248"}],"wp:attachment":[{"href":"https:\/\/www.ff-rahlstedt.de\/index.php?rest_route=%2Fwp%2Fv2%2Fmedia&parent=1300"}],"curies":[{"name":"wp","href":"https:\/\/api.w.org\/{rel}","templated":true}]}}