{"id":1307,"date":"2020-11-08T13:48:49","date_gmt":"2020-11-08T12:48:49","guid":{"rendered":"https:\/\/ff-rahlstedt.de\/?page_id=1307"},"modified":"2026-02-28T18:31:31","modified_gmt":"2026-02-28T17:31:31","slug":"das-betreuerteam","status":"publish","type":"page","link":"https:\/\/www.ff-rahlstedt.de\/?page_id=1307","title":{"rendered":"Das Betreuerteam"},"content":{"rendered":"\t\t<div data-elementor-type=\"wp-page\" data-elementor-id=\"1307\" class=\"elementor elementor-1307\" data-elementor-post-type=\"page\">\n\t\t\t\t\t\t<section class=\"elementor-section elementor-top-section elementor-element elementor-element-61600fc0 elementor-section-boxed elementor-section-height-default elementor-section-height-default\" data-id=\"61600fc0\" data-element_type=\"section\" data-e-type=\"section\">\n\t\t\t\t\t\t<div class=\"elementor-container elementor-column-gap-default\">\n\t\t\t\t\t<div class=\"elementor-column elementor-col-100 elementor-top-column elementor-element elementor-element-92c178\" data-id=\"92c178\" data-element_type=\"column\" data-e-type=\"column\">\n\t\t\t<div class=\"elementor-widget-wrap elementor-element-populated\">\n\t\t\t\t\t\t<div class=\"elementor-element elementor-element-a685afb elementor-widget elementor-widget-text-editor\" data-id=\"a685afb\" data-element_type=\"widget\" data-e-type=\"widget\" data-widget_type=\"text-editor.default\">\n\t\t\t\t<div class=\"elementor-widget-container\">\n\t\t\t\t\t\t\t\t\t<p>Die Jugendlichen werden zurzeit aus von einem Team, bestehend aus zwei Jugendwarten und zwei Betreuern, in verschiedensten Themen ausgebildet. Die Jugendwarte und alle Betreuer sind im Besitz der sogenannten Jugendgruppenleitercard (JuLeiCa) und nehmen an regelm\u00e4\u00dfigen Aus- und Fortbildungsveranstaltungen teil.&nbsp; Au\u00dferdem liegt von jedem Jugendwart und jedem Betreuer ein erweitertes polizeiliches F\u00fchrungszeugnis vor.<\/p>\t\t\t\t\t\t\t\t<\/div>\n\t\t\t\t<\/div>\n\t\t\t\t\t<\/div>\n\t\t<\/div>\n\t\t\t\t\t<\/div>\n\t\t<\/section>\n\t\t\t\t<section class=\"elementor-section elementor-top-section elementor-element elementor-element-78ab3c7 elementor-section-boxed elementor-section-height-default elementor-section-height-default\" data-id=\"78ab3c7\" data-element_type=\"section\" data-e-type=\"section\">\n\t\t\t\t\t\t<div class=\"elementor-container elementor-column-gap-default\">\n\t\t\t\t\t<div class=\"elementor-column elementor-col-100 elementor-top-column elementor-element elementor-element-bfa7510\" data-id=\"bfa7510\" data-element_type=\"column\" data-e-type=\"column\">\n\t\t\t<div class=\"elementor-widget-wrap elementor-element-populated\">\n\t\t\t\t\t\t<div class=\"elementor-element elementor-element-de9f7e8 elementor-widget elementor-widget-shortcode\" data-id=\"de9f7e8\" data-element_type=\"widget\" data-e-type=\"widget\" data-widget_type=\"shortcode.default\">\n\t\t\t\t<div class=\"elementor-widget-container\">\n\t\t\t\t\t\t\t<div class=\"elementor-shortcode\"><\/div>\n\t\t\t\t\t\t<\/div>\n\t\t\t\t<\/div>\n\t\t\t\t\t<\/div>\n\t\t<\/div>\n\t\t\t\t\t<\/div>\n\t\t<\/section>\n\t\t\t\t<\/div>\n\t\t","protected":false},"excerpt":{"rendered":"<p>Die Jugendlichen werden zurzeit aus von einem Team, bestehend aus zwei Jugendwarten und zwei Betreuern, in verschiedensten Themen ausgebildet. Die Jugendwarte und alle Betreuer sind im Besitz der sogenannten Jugendgruppenleitercard (JuLeiCa) und nehmen an regelm\u00e4\u00dfigen Aus- und Fortbildungsveranstaltungen teil.&nbsp; Au\u00dferdem liegt von jedem Jugendwart und jedem Betreuer ein erweitertes polizeiliches [&hellip;]<\/p>\n","protected":false},"author":1,"featured_media":1248,"parent":0,"menu_order":0,"comment_status":"closed","ping_status":"closed","template":"","meta":{"footnotes":""},"class_list":["post-1307","page","type-page","status-publish","has-post-thumbnail","hentry"],"yoast_head":"<!-- This site is optimized with the Yoast SEO plugin v27.5 - https:\/\/yoast.com\/product\/yoast-seo-wordpress\/ -->\n<title>Das Betreuerteam - Freiwillige Feuerwehr Rahlstedt<\/title>\n<meta name=\"robots\" content=\"index, follow, max-snippet:-1, max-image-preview:large, max-video-preview:-1\" \/>\n<link rel=\"canonical\" href=\"https:\/\/www.ff-rahlstedt.de\/?page_id=1307\" \/>\n<meta property=\"og:locale\" content=\"de_DE\" \/>\n<meta property=\"og:type\" content=\"article\" \/>\n<meta property=\"og:title\" content=\"Das Betreuerteam - Freiwillige Feuerwehr Rahlstedt\" \/>\n<meta property=\"og:description\" content=\"Die Jugendlichen werden zurzeit aus von einem Team, bestehend aus zwei Jugendwarten und zwei Betreuern, in verschiedensten Themen ausgebildet. Die Jugendwarte und alle Betreuer sind im Besitz der sogenannten Jugendgruppenleitercard (JuLeiCa) und nehmen an regelm\u00e4\u00dfigen Aus- und Fortbildungsveranstaltungen teil.&nbsp; Au\u00dferdem liegt von jedem Jugendwart und jedem Betreuer ein erweitertes polizeiliches [&hellip;]\" \/>\n<meta property=\"og:url\" content=\"https:\/\/www.ff-rahlstedt.de\/?page_id=1307\" \/>\n<meta property=\"og:site_name\" content=\"Freiwillige Feuerwehr Rahlstedt\" \/>\n<meta property=\"article:modified_time\" content=\"2026-02-28T17:31:31+00:00\" \/>\n<meta property=\"og:image\" content=\"https:\/\/www.ff-rahlstedt.de\/wp-content\/uploads\/2020\/10\/Banner-Homepage-3.jpg\" \/>\n\t<meta property=\"og:image:width\" content=\"2550\" \/>\n\t<meta property=\"og:image:height\" content=\"360\" \/>\n\t<meta property=\"og:image:type\" content=\"image\/jpeg\" \/>\n<meta name=\"twitter:card\" content=\"summary_large_image\" \/>\n<meta name=\"twitter:label1\" content=\"Gesch\u00e4tzte Lesezeit\" \/>\n\t<meta name=\"twitter:data1\" content=\"1\u00a0Minute\" \/>\n<script type=\"application\/ld+json\" class=\"yoast-schema-graph\">{\"@context\":\"https:\\\/\\\/schema.org\",\"@graph\":[{\"@type\":\"WebPage\",\"@id\":\"https:\\\/\\\/www.ff-rahlstedt.de\\\/?page_id=1307\",\"url\":\"https:\\\/\\\/www.ff-rahlstedt.de\\\/?page_id=1307\",\"name\":\"Das Betreuerteam - Freiwillige Feuerwehr Rahlstedt\",\"isPartOf\":{\"@id\":\"https:\\\/\\\/www.ff-rahlstedt.de\\\/#website\"},\"primaryImageOfPage\":{\"@id\":\"https:\\\/\\\/www.ff-rahlstedt.de\\\/?page_id=1307#primaryimage\"},\"image\":{\"@id\":\"https:\\\/\\\/www.ff-rahlstedt.de\\\/?page_id=1307#primaryimage\"},\"thumbnailUrl\":\"https:\\\/\\\/www.ff-rahlstedt.de\\\/wp-content\\\/uploads\\\/2020\\\/10\\\/Banner-Homepage-3.jpg\",\"datePublished\":\"2020-11-08T12:48:49+00:00\",\"dateModified\":\"2026-02-28T17:31:31+00:00\",\"breadcrumb\":{\"@id\":\"https:\\\/\\\/www.ff-rahlstedt.de\\\/?page_id=1307#breadcrumb\"},\"inLanguage\":\"de\",\"potentialAction\":[{\"@type\":\"ReadAction\",\"target\":[\"https:\\\/\\\/www.ff-rahlstedt.de\\\/?page_id=1307\"]}]},{\"@type\":\"ImageObject\",\"inLanguage\":\"de\",\"@id\":\"https:\\\/\\\/www.ff-rahlstedt.de\\\/?page_id=1307#primaryimage\",\"url\":\"https:\\\/\\\/www.ff-rahlstedt.de\\\/wp-content\\\/uploads\\\/2020\\\/10\\\/Banner-Homepage-3.jpg\",\"contentUrl\":\"https:\\\/\\\/www.ff-rahlstedt.de\\\/wp-content\\\/uploads\\\/2020\\\/10\\\/Banner-Homepage-3.jpg\",\"width\":2550,\"height\":360},{\"@type\":\"BreadcrumbList\",\"@id\":\"https:\\\/\\\/www.ff-rahlstedt.de\\\/?page_id=1307#breadcrumb\",\"itemListElement\":[{\"@type\":\"ListItem\",\"position\":1,\"name\":\"Startseite\",\"item\":\"https:\\\/\\\/www.ff-rahlstedt.de\\\/\"},{\"@type\":\"ListItem\",\"position\":2,\"name\":\"Das Betreuerteam\"}]},{\"@type\":\"WebSite\",\"@id\":\"https:\\\/\\\/www.ff-rahlstedt.de\\\/#website\",\"url\":\"https:\\\/\\\/www.ff-rahlstedt.de\\\/\",\"name\":\"Freiwillige Feuerwehr Rahlstedt\",\"description\":\"\",\"publisher\":{\"@id\":\"https:\\\/\\\/www.ff-rahlstedt.de\\\/#organization\"},\"potentialAction\":[{\"@type\":\"SearchAction\",\"target\":{\"@type\":\"EntryPoint\",\"urlTemplate\":\"https:\\\/\\\/www.ff-rahlstedt.de\\\/?s={search_term_string}\"},\"query-input\":{\"@type\":\"PropertyValueSpecification\",\"valueRequired\":true,\"valueName\":\"search_term_string\"}}],\"inLanguage\":\"de\"},{\"@type\":\"Organization\",\"@id\":\"https:\\\/\\\/www.ff-rahlstedt.de\\\/#organization\",\"name\":\"Freiwillige Feuerwehr Rahlstedt\",\"url\":\"https:\\\/\\\/www.ff-rahlstedt.de\\\/\",\"logo\":{\"@type\":\"ImageObject\",\"inLanguage\":\"de\",\"@id\":\"https:\\\/\\\/www.ff-rahlstedt.de\\\/#\\\/schema\\\/logo\\\/image\\\/\",\"url\":\"https:\\\/\\\/www.ff-rahlstedt.de\\\/wp-content\\\/uploads\\\/2020\\\/09\\\/cropped-Logo-1.png\",\"contentUrl\":\"https:\\\/\\\/www.ff-rahlstedt.de\\\/wp-content\\\/uploads\\\/2020\\\/09\\\/cropped-Logo-1.png\",\"width\":776,\"height\":777,\"caption\":\"Freiwillige Feuerwehr Rahlstedt\"},\"image\":{\"@id\":\"https:\\\/\\\/www.ff-rahlstedt.de\\\/#\\\/schema\\\/logo\\\/image\\\/\"}}]}<\/script>\n<!-- \/ Yoast SEO plugin. -->","yoast_head_json":{"title":"Das Betreuerteam - Freiwillige Feuerwehr Rahlstedt","robots":{"index":"index","follow":"follow","max-snippet":"max-snippet:-1","max-image-preview":"max-image-preview:large","max-video-preview":"max-video-preview:-1"},"canonical":"https:\/\/www.ff-rahlstedt.de\/?page_id=1307","og_locale":"de_DE","og_type":"article","og_title":"Das Betreuerteam - Freiwillige Feuerwehr Rahlstedt","og_description":"Die Jugendlichen werden zurzeit aus von einem Team, bestehend aus zwei Jugendwarten und zwei Betreuern, in verschiedensten Themen ausgebildet. Die Jugendwarte und alle Betreuer sind im Besitz der sogenannten Jugendgruppenleitercard (JuLeiCa) und nehmen an regelm\u00e4\u00dfigen Aus- und Fortbildungsveranstaltungen teil.&nbsp; Au\u00dferdem liegt von jedem Jugendwart und jedem Betreuer ein erweitertes polizeiliches [&hellip;]","og_url":"https:\/\/www.ff-rahlstedt.de\/?page_id=1307","og_site_name":"Freiwillige Feuerwehr Rahlstedt","article_modified_time":"2026-02-28T17:31:31+00:00","og_image":[{"width":2550,"height":360,"url":"https:\/\/www.ff-rahlstedt.de\/wp-content\/uploads\/2020\/10\/Banner-Homepage-3.jpg","type":"image\/jpeg"}],"twitter_card":"summary_large_image","twitter_misc":{"Gesch\u00e4tzte Lesezeit":"1\u00a0Minute"},"schema":{"@context":"https:\/\/schema.org","@graph":[{"@type":"WebPage","@id":"https:\/\/www.ff-rahlstedt.de\/?page_id=1307","url":"https:\/\/www.ff-rahlstedt.de\/?page_id=1307","name":"Das Betreuerteam - Freiwillige Feuerwehr Rahlstedt","isPartOf":{"@id":"https:\/\/www.ff-rahlstedt.de\/#website"},"primaryImageOfPage":{"@id":"https:\/\/www.ff-rahlstedt.de\/?page_id=1307#primaryimage"},"image":{"@id":"https:\/\/www.ff-rahlstedt.de\/?page_id=1307#primaryimage"},"thumbnailUrl":"https:\/\/www.ff-rahlstedt.de\/wp-content\/uploads\/2020\/10\/Banner-Homepage-3.jpg","datePublished":"2020-11-08T12:48:49+00:00","dateModified":"2026-02-28T17:31:31+00:00","breadcrumb":{"@id":"https:\/\/www.ff-rahlstedt.de\/?page_id=1307#breadcrumb"},"inLanguage":"de","potentialAction":[{"@type":"ReadAction","target":["https:\/\/www.ff-rahlstedt.de\/?page_id=1307"]}]},{"@type":"ImageObject","inLanguage":"de","@id":"https:\/\/www.ff-rahlstedt.de\/?page_id=1307#primaryimage","url":"https:\/\/www.ff-rahlstedt.de\/wp-content\/uploads\/2020\/10\/Banner-Homepage-3.jpg","contentUrl":"https:\/\/www.ff-rahlstedt.de\/wp-content\/uploads\/2020\/10\/Banner-Homepage-3.jpg","width":2550,"height":360},{"@type":"BreadcrumbList","@id":"https:\/\/www.ff-rahlstedt.de\/?page_id=1307#breadcrumb","itemListElement":[{"@type":"ListItem","position":1,"name":"Startseite","item":"https:\/\/www.ff-rahlstedt.de\/"},{"@type":"ListItem","position":2,"name":"Das Betreuerteam"}]},{"@type":"WebSite","@id":"https:\/\/www.ff-rahlstedt.de\/#website","url":"https:\/\/www.ff-rahlstedt.de\/","name":"Freiwillige Feuerwehr Rahlstedt","description":"","publisher":{"@id":"https:\/\/www.ff-rahlstedt.de\/#organization"},"potentialAction":[{"@type":"SearchAction","target":{"@type":"EntryPoint","urlTemplate":"https:\/\/www.ff-rahlstedt.de\/?s={search_term_string}"},"query-input":{"@type":"PropertyValueSpecification","valueRequired":true,"valueName":"search_term_string"}}],"inLanguage":"de"},{"@type":"Organization","@id":"https:\/\/www.ff-rahlstedt.de\/#organization","name":"Freiwillige Feuerwehr Rahlstedt","url":"https:\/\/www.ff-rahlstedt.de\/","logo":{"@type":"ImageObject","inLanguage":"de","@id":"https:\/\/www.ff-rahlstedt.de\/#\/schema\/logo\/image\/","url":"https:\/\/www.ff-rahlstedt.de\/wp-content\/uploads\/2020\/09\/cropped-Logo-1.png","contentUrl":"https:\/\/www.ff-rahlstedt.de\/wp-content\/uploads\/2020\/09\/cropped-Logo-1.png","width":776,"height":777,"caption":"Freiwillige Feuerwehr Rahlstedt"},"image":{"@id":"https:\/\/www.ff-rahlstedt.de\/#\/schema\/logo\/image\/"}}]}},"_links":{"self":[{"href":"https:\/\/www.ff-rahlstedt.de\/index.php?rest_route=\/wp\/v2\/pages\/1307","targetHints":{"allow":["GET"]}}],"collection":[{"href":"https:\/\/www.ff-rahlstedt.de\/index.php?rest_route=\/wp\/v2\/pages"}],"about":[{"href":"https:\/\/www.ff-rahlstedt.de\/index.php?rest_route=\/wp\/v2\/types\/page"}],"author":[{"embeddable":true,"href":"https:\/\/www.ff-rahlstedt.de\/index.php?rest_route=\/wp\/v2\/users\/1"}],"replies":[{"embeddable":true,"href":"https:\/\/www.ff-rahlstedt.de\/index.php?rest_route=%2Fwp%2Fv2%2Fcomments&post=1307"}],"version-history":[{"count":20,"href":"https:\/\/www.ff-rahlstedt.de\/index.php?rest_route=\/wp\/v2\/pages\/1307\/revisions"}],"predecessor-version":[{"id":2688,"href":"https:\/\/www.ff-rahlstedt.de\/index.php?rest_route=\/wp\/v2\/pages\/1307\/revisions\/2688"}],"wp:featuredmedia":[{"embeddable":true,"href":"https:\/\/www.ff-rahlstedt.de\/index.php?rest_route=\/wp\/v2\/media\/1248"}],"wp:attachment":[{"href":"https:\/\/www.ff-rahlstedt.de\/index.php?rest_route=%2Fwp%2Fv2%2Fmedia&parent=1307"}],"curies":[{"name":"wp","href":"https:\/\/api.w.org\/{rel}","templated":true}]}}