{"id":22,"date":"2020-09-13T15:38:27","date_gmt":"2020-09-13T13:38:27","guid":{"rendered":"https:\/\/ff-rahlstedt.de\/?page_id=22"},"modified":"2026-01-28T18:31:40","modified_gmt":"2026-01-28T17:31:40","slug":"startseite","status":"publish","type":"page","link":"https:\/\/www.ff-rahlstedt.de\/","title":{"rendered":"Startseite"},"content":{"rendered":"\t\t<div data-elementor-type=\"wp-page\" data-elementor-id=\"22\" class=\"elementor elementor-22\" data-elementor-post-type=\"page\">\n\t\t\t\t\t\t<section class=\"elementor-section elementor-top-section elementor-element elementor-element-724e391 elementor-section-boxed elementor-section-height-default elementor-section-height-default\" data-id=\"724e391\" data-element_type=\"section\">\n\t\t\t\t\t\t<div class=\"elementor-container elementor-column-gap-default\">\n\t\t\t\t\t<div class=\"elementor-column elementor-col-100 elementor-top-column elementor-element elementor-element-b8f61ca\" data-id=\"b8f61ca\" data-element_type=\"column\">\n\t\t\t<div class=\"elementor-widget-wrap elementor-element-populated\">\n\t\t\t\t\t\t<div class=\"elementor-element elementor-element-dc302ac elementor-widget elementor-widget-text-editor\" data-id=\"dc302ac\" data-element_type=\"widget\" data-widget_type=\"text-editor.default\">\n\t\t\t\t<div class=\"elementor-widget-container\">\n\t\t\t\t\t\t\t\t\t<p style=\"font-size: 30px;\">Wir, die Freiwillige Feuerwehr Rahlstedt, sind eine von 86 Freiwilligen Feuerwehren in Hamburg. Mit unseren 38 aktiven Mitgliedern, einem Hilfeleistungsl\u00f6schfahrzeug und einem L\u00f6schfahrzeug fahren wir ca. 200 Eins\u00e4tze j\u00e4hrlich.<\/p>\t\t\t\t\t\t\t\t<\/div>\n\t\t\t\t<\/div>\n\t\t\t\t\t<\/div>\n\t\t<\/div>\n\t\t\t\t\t<\/div>\n\t\t<\/section>\n\t\t\t\t<section class=\"elementor-section elementor-top-section elementor-element elementor-element-7935144 elementor-section-boxed elementor-section-height-default elementor-section-height-default\" data-id=\"7935144\" data-element_type=\"section\">\n\t\t\t\t\t\t<div class=\"elementor-container elementor-column-gap-default\">\n\t\t\t\t\t<div class=\"elementor-column elementor-col-50 elementor-top-column elementor-element elementor-element-7c45182\" data-id=\"7c45182\" data-element_type=\"column\">\n\t\t\t<div class=\"elementor-widget-wrap elementor-element-populated\">\n\t\t\t\t\t\t<div class=\"elementor-element elementor-element-39d7b91 elementor-grid-3 elementor-grid-tablet-2 elementor-grid-mobile-1 elementor-posts--thumbnail-top elementor-widget elementor-widget-posts\" data-id=\"39d7b91\" data-element_type=\"widget\" data-settings=\"{&quot;classic_columns&quot;:&quot;3&quot;,&quot;classic_columns_tablet&quot;:&quot;2&quot;,&quot;classic_columns_mobile&quot;:&quot;1&quot;,&quot;classic_row_gap&quot;:{&quot;unit&quot;:&quot;px&quot;,&quot;size&quot;:35,&quot;sizes&quot;:[]},&quot;classic_row_gap_tablet&quot;:{&quot;unit&quot;:&quot;px&quot;,&quot;size&quot;:&quot;&quot;,&quot;sizes&quot;:[]},&quot;classic_row_gap_mobile&quot;:{&quot;unit&quot;:&quot;px&quot;,&quot;size&quot;:&quot;&quot;,&quot;sizes&quot;:[]}}\" data-widget_type=\"posts.classic\">\n\t\t\t\t<div class=\"elementor-widget-container\">\n\t\t\t\t\t\t\t<div class=\"elementor-posts-container elementor-posts elementor-posts--skin-classic elementor-grid\">\n\t\t\t\t<article class=\"elementor-post elementor-grid-item post-2698 post type-post status-publish format-standard hentry category-einsatzabteilung category-jugendfeuerwehr category-neuigkeiten\">\n\t\t\t\t<div class=\"elementor-post__text\">\n\t\t\t\t<h3 class=\"elementor-post__title\">\n\t\t\t<a href=\"https:\/\/www.ff-rahlstedt.de\/?p=2698\" >\n\t\t\t\tMonatsr\u00fcckblick Februar 2026\t\t\t<\/a>\n\t\t<\/h3>\n\t\t\t\t<div class=\"elementor-post__excerpt\">\n\t\t\t<p>Im Februar wurden wir am 02.02.2026 um 16:04Uhr zu unserem 33 Einsatz alarmiert. Vor Ort kam es zu einem Zimmerbrand, wo unser Angriffstrupp in Bereitstellung vor dem Objekt stand. W\u00e4hrend dessen unterst\u00fctze unser Wassertrupp und ein Trupp von unserem zweiten L\u00f6schfahrzeug beim Aufbau der Wasserversorgung in Zusammenarbeit mit der Berufsfeuerwehr<\/p>\n\t\t<\/div>\n\t\t\n\t\t<a class=\"elementor-post__read-more\" href=\"https:\/\/www.ff-rahlstedt.de\/?p=2698\" aria-label=\"Mehr \u00fcber Monatsr\u00fcckblick Februar 2026\" tabindex=\"-1\" >\n\t\t\tWeiterlesen \u00bb\t\t<\/a>\n\n\t\t\t\t<\/div>\n\t\t\t\t<\/article>\n\t\t\t\t<article class=\"elementor-post elementor-grid-item post-2622 post type-post status-publish format-standard hentry category-einsatzabteilung category-neuigkeiten\">\n\t\t\t\t<div class=\"elementor-post__text\">\n\t\t\t\t<h3 class=\"elementor-post__title\">\n\t\t\t<a href=\"https:\/\/www.ff-rahlstedt.de\/?p=2622\" >\n\t\t\t\tMonatsr\u00fcckblick Januar 2026\t\t\t<\/a>\n\t\t<\/h3>\n\t\t\t\t<div class=\"elementor-post__excerpt\">\n\t\t\t<p>Unser Jahr 2026 startete durch die Silvesternacht vorgehaltende Bereitschaft mit sechs Eins\u00e4tzen am Neujahrestag.Zwei Wochen im neuen Jahr und Hamburg wurde vom Schnee befallen. Am ersten Schneewochenende wurden wir zu drei wetterbedingten Eins\u00e4tzen aufgrund von Eiszapfen alarmiert. Dabei f\u00fchrten uns zwei Eins\u00e4tze in den Stadtteil Barmbek.Einige Tage sp\u00e4ter wurden wir<\/p>\n\t\t<\/div>\n\t\t\n\t\t<a class=\"elementor-post__read-more\" href=\"https:\/\/www.ff-rahlstedt.de\/?p=2622\" aria-label=\"Mehr \u00fcber Monatsr\u00fcckblick Januar 2026\" tabindex=\"-1\" >\n\t\t\tWeiterlesen \u00bb\t\t<\/a>\n\n\t\t\t\t<\/div>\n\t\t\t\t<\/article>\n\t\t\t\t<article class=\"elementor-post elementor-grid-item post-2602 post type-post status-publish format-standard hentry category-einsatzabteilung category-neuigkeiten\">\n\t\t\t\t<div class=\"elementor-post__text\">\n\t\t\t\t<h3 class=\"elementor-post__title\">\n\t\t\t<a href=\"https:\/\/www.ff-rahlstedt.de\/?p=2602\" >\n\t\t\t\tStart der Grundausbildung\t\t\t<\/a>\n\t\t<\/h3>\n\t\t\t\t<div class=\"elementor-post__excerpt\">\n\t\t\t<p>Am gestrigen Sonntag ist im Bereich Wandsbek die Grundausbildung f\u00fcr unsere neuen Kameradinnen und Kameraden gestartet. Auch aus unserer Wehr nehmen drei Mitglieder daran teil. Alle drei waren zuvor bereits in der Jugendfeuerwehr aktiv und bringen damit schon wichtige Vorerfahrung mit. Die Grundausbildung erstreckt sich \u00fcber einen Zeitraum von etwa<\/p>\n\t\t<\/div>\n\t\t\n\t\t<a class=\"elementor-post__read-more\" href=\"https:\/\/www.ff-rahlstedt.de\/?p=2602\" aria-label=\"Mehr \u00fcber Start der Grundausbildung\" tabindex=\"-1\" >\n\t\t\tWeiterlesen \u00bb\t\t<\/a>\n\n\t\t\t\t<\/div>\n\t\t\t\t<\/article>\n\t\t\t\t<article class=\"elementor-post elementor-grid-item post-2539 post type-post status-publish format-standard has-post-thumbnail hentry category-einsatzabteilung category-foerderverein category-jugendfeuerwehr category-minifeuerwehr category-neuigkeiten\">\n\t\t\t\t<a class=\"elementor-post__thumbnail__link\" href=\"https:\/\/www.ff-rahlstedt.de\/?p=2539\" tabindex=\"-1\" >\n\t\t\t<div class=\"elementor-post__thumbnail\"><img fetchpriority=\"high\" decoding=\"async\" width=\"1600\" height=\"900\" src=\"https:\/\/www.ff-rahlstedt.de\/wp-content\/uploads\/2026\/01\/02-ff-2.jpeg\" class=\"attachment-full size-full wp-image-2540\" alt=\"\" srcset=\"https:\/\/www.ff-rahlstedt.de\/wp-content\/uploads\/2026\/01\/02-ff-2.jpeg 1600w, https:\/\/www.ff-rahlstedt.de\/wp-content\/uploads\/2026\/01\/02-ff-2-300x169.jpeg 300w, https:\/\/www.ff-rahlstedt.de\/wp-content\/uploads\/2026\/01\/02-ff-2-1024x576.jpeg 1024w, https:\/\/www.ff-rahlstedt.de\/wp-content\/uploads\/2026\/01\/02-ff-2-768x432.jpeg 768w, https:\/\/www.ff-rahlstedt.de\/wp-content\/uploads\/2026\/01\/02-ff-2-1536x864.jpeg 1536w\" sizes=\"(max-width: 1600px) 100vw, 1600px\" \/><\/div>\n\t\t<\/a>\n\t\t\t\t<div class=\"elementor-post__text\">\n\t\t\t\t<h3 class=\"elementor-post__title\">\n\t\t\t<a href=\"https:\/\/www.ff-rahlstedt.de\/?p=2539\" >\n\t\t\t\tUnser Jahresr\u00fcckblick 2025\t\t\t<\/a>\n\t\t<\/h3>\n\t\t\t\t<div class=\"elementor-post__excerpt\">\n\t\t\t<p>Januar: FF: Ins neue Jahr sind wir mit 8 Eins\u00e4tzen nach 0 Uhr in der Silvesterbereitschaft gestartet. Februar: &nbsp;&nbsp;&nbsp;&nbsp;&nbsp;&nbsp;&nbsp;&nbsp;&nbsp;&nbsp;&nbsp;&nbsp;&nbsp; JF: Jahreshauptversammlung FF: Einsatz 22\/23 Alarmiert waren wir zum FEUK, vor Ort wurden wir dann w\u00e4hrend der Brandbek\u00e4mpfung durch die RLST und die vor Ort anwesende POL auf ein weiteres Feuer<\/p>\n\t\t<\/div>\n\t\t\n\t\t<a class=\"elementor-post__read-more\" href=\"https:\/\/www.ff-rahlstedt.de\/?p=2539\" aria-label=\"Mehr \u00fcber Unser Jahresr\u00fcckblick 2025\" tabindex=\"-1\" >\n\t\t\tWeiterlesen \u00bb\t\t<\/a>\n\n\t\t\t\t<\/div>\n\t\t\t\t<\/article>\n\t\t\t\t<article class=\"elementor-post elementor-grid-item post-2499 post type-post status-publish format-standard has-post-thumbnail hentry category-einsatzabteilung category-foerderverein\">\n\t\t\t\t<a class=\"elementor-post__thumbnail__link\" href=\"https:\/\/www.ff-rahlstedt.de\/?p=2499\" tabindex=\"-1\" >\n\t\t\t<div class=\"elementor-post__thumbnail\"><img decoding=\"async\" width=\"1859\" height=\"2560\" src=\"https:\/\/www.ff-rahlstedt.de\/wp-content\/uploads\/2025\/11\/Tannenbaumverkauf-scaled.jpg\" class=\"attachment-full size-full wp-image-2500\" alt=\"\" srcset=\"https:\/\/www.ff-rahlstedt.de\/wp-content\/uploads\/2025\/11\/Tannenbaumverkauf-scaled.jpg 1859w, https:\/\/www.ff-rahlstedt.de\/wp-content\/uploads\/2025\/11\/Tannenbaumverkauf-218x300.jpg 218w, https:\/\/www.ff-rahlstedt.de\/wp-content\/uploads\/2025\/11\/Tannenbaumverkauf-743x1024.jpg 743w, https:\/\/www.ff-rahlstedt.de\/wp-content\/uploads\/2025\/11\/Tannenbaumverkauf-768x1058.jpg 768w, https:\/\/www.ff-rahlstedt.de\/wp-content\/uploads\/2025\/11\/Tannenbaumverkauf-1115x1536.jpg 1115w, https:\/\/www.ff-rahlstedt.de\/wp-content\/uploads\/2025\/11\/Tannenbaumverkauf-1487x2048.jpg 1487w\" sizes=\"(max-width: 1859px) 100vw, 1859px\" \/><\/div>\n\t\t<\/a>\n\t\t\t\t<div class=\"elementor-post__text\">\n\t\t\t\t<h3 class=\"elementor-post__title\">\n\t\t\t<a href=\"https:\/\/www.ff-rahlstedt.de\/?p=2499\" >\n\t\t\t\tTannenbaumverkauf 2025\t\t\t<\/a>\n\t\t<\/h3>\n\t\t\t\t<div class=\"elementor-post__excerpt\">\n\t\t\t<p>In diesem Jahr findet der Tannenbaumverkauf organisiert durch unseren F\u00f6rderverein am Evangelischen Gemeindehaus der Altrahlstedter Kirche (Rahlstedter Stra\u00dfe 79a) statt. Am 3. Advent (14.12.25) startet um 11 Uhr unserer Baumverkauf. F\u00fcr alle Wohnzimmer und Deckenh\u00f6hen ist zahlreiche Auswahl vorhanden. Hei\u00dfe Getr\u00e4nke und Versorgung findet Ihr wie immer an unseren St\u00e4nden.<\/p>\n\t\t<\/div>\n\t\t\n\t\t<a class=\"elementor-post__read-more\" href=\"https:\/\/www.ff-rahlstedt.de\/?p=2499\" aria-label=\"Mehr \u00fcber Tannenbaumverkauf 2025\" tabindex=\"-1\" >\n\t\t\tWeiterlesen \u00bb\t\t<\/a>\n\n\t\t\t\t<\/div>\n\t\t\t\t<\/article>\n\t\t\t\t<article class=\"elementor-post elementor-grid-item post-2298 post type-post status-publish format-standard has-post-thumbnail hentry category-einsatzabteilung\">\n\t\t\t\t<a class=\"elementor-post__thumbnail__link\" href=\"https:\/\/www.ff-rahlstedt.de\/?p=2298\" tabindex=\"-1\" >\n\t\t\t<div class=\"elementor-post__thumbnail\"><img decoding=\"async\" width=\"1707\" height=\"2560\" src=\"https:\/\/www.ff-rahlstedt.de\/wp-content\/uploads\/2025\/03\/20241123-IMG311A6210-Verabschiedung-KokottJuergen-FFRahlstedt-DEHHRahlstedt-FotoSvenPeters-opti-scaled.jpg\" class=\"attachment-full size-full wp-image-2305\" alt=\"\" srcset=\"https:\/\/www.ff-rahlstedt.de\/wp-content\/uploads\/2025\/03\/20241123-IMG311A6210-Verabschiedung-KokottJuergen-FFRahlstedt-DEHHRahlstedt-FotoSvenPeters-opti-scaled.jpg 1707w, https:\/\/www.ff-rahlstedt.de\/wp-content\/uploads\/2025\/03\/20241123-IMG311A6210-Verabschiedung-KokottJuergen-FFRahlstedt-DEHHRahlstedt-FotoSvenPeters-opti-200x300.jpg 200w, https:\/\/www.ff-rahlstedt.de\/wp-content\/uploads\/2025\/03\/20241123-IMG311A6210-Verabschiedung-KokottJuergen-FFRahlstedt-DEHHRahlstedt-FotoSvenPeters-opti-683x1024.jpg 683w, https:\/\/www.ff-rahlstedt.de\/wp-content\/uploads\/2025\/03\/20241123-IMG311A6210-Verabschiedung-KokottJuergen-FFRahlstedt-DEHHRahlstedt-FotoSvenPeters-opti-768x1152.jpg 768w, https:\/\/www.ff-rahlstedt.de\/wp-content\/uploads\/2025\/03\/20241123-IMG311A6210-Verabschiedung-KokottJuergen-FFRahlstedt-DEHHRahlstedt-FotoSvenPeters-opti-1024x1536.jpg 1024w, https:\/\/www.ff-rahlstedt.de\/wp-content\/uploads\/2025\/03\/20241123-IMG311A6210-Verabschiedung-KokottJuergen-FFRahlstedt-DEHHRahlstedt-FotoSvenPeters-opti-1365x2048.jpg 1365w\" sizes=\"(max-width: 1707px) 100vw, 1707px\" \/><\/div>\n\t\t<\/a>\n\t\t\t\t<div class=\"elementor-post__text\">\n\t\t\t\t<h3 class=\"elementor-post__title\">\n\t\t\t<a href=\"https:\/\/www.ff-rahlstedt.de\/?p=2298\" >\n\t\t\t\tAbschied von J\u00fcrgen in die Ehrenabteilung nach 45 Jahren aktiven Einsatzdienst\t\t\t<\/a>\n\t\t<\/h3>\n\t\t\t\t<div class=\"elementor-post__excerpt\">\n\t\t\t<p>Am 23. November 2024 verabschiedeten die Kameradinnen und Kameraden der FreiwilligenFeuerwehr (FF) Hamburg-Rahlstedt ihr gesch\u00e4tztes Mitglied der Einsatzabteilung J\u00fcrgenKokott ehrenvoll in den wohlverdienten Einsatz-Ruhestand nach 45 Jahren erfolgreicherArbeit f\u00fcr den B\u00fcrger. Seine beeindruckende Karriere begann er 1979 als junger Mann imAlter von 18 Jahren in der FF Rahlstedt in der<\/p>\n\t\t<\/div>\n\t\t\n\t\t<a class=\"elementor-post__read-more\" href=\"https:\/\/www.ff-rahlstedt.de\/?p=2298\" aria-label=\"Mehr \u00fcber Abschied von J\u00fcrgen in die Ehrenabteilung nach 45 Jahren aktiven Einsatzdienst\" tabindex=\"-1\" >\n\t\t\tWeiterlesen \u00bb\t\t<\/a>\n\n\t\t\t\t<\/div>\n\t\t\t\t<\/article>\n\t\t\t\t<\/div>\n\t\t\n\t\t\t\t\t\t<\/div>\n\t\t\t\t<\/div>\n\t\t\t\t\t<\/div>\n\t\t<\/div>\n\t\t\t\t<div class=\"elementor-column elementor-col-50 elementor-top-column elementor-element elementor-element-e7250ca\" data-id=\"e7250ca\" data-element_type=\"column\">\n\t\t\t<div class=\"elementor-widget-wrap elementor-element-populated\">\n\t\t\t\t\t\t<div class=\"elementor-element elementor-element-b15fab2 elementor-widget elementor-widget-shortcode\" data-id=\"b15fab2\" data-element_type=\"widget\" data-widget_type=\"shortcode.default\">\n\t\t\t\t<div class=\"elementor-widget-container\">\n\t\t\t\t\t\t\t<div class=\"elementor-shortcode\"><\/div>\n\t\t\t\t\t\t<\/div>\n\t\t\t\t<\/div>\n\t\t\t\t<div class=\"elementor-element elementor-element-69708fc elementor-widget elementor-widget-shortcode\" data-id=\"69708fc\" data-element_type=\"widget\" data-widget_type=\"shortcode.default\">\n\t\t\t\t<div class=\"elementor-widget-container\">\n\t\t\t\t\t\t\t<div class=\"elementor-shortcode\"><\/div>\n\t\t\t\t\t\t<\/div>\n\t\t\t\t<\/div>\n\t\t\t\t\t<\/div>\n\t\t<\/div>\n\t\t\t\t\t<\/div>\n\t\t<\/section>\n\t\t\t\t<\/div>\n\t\t","protected":false},"excerpt":{"rendered":"<p>Wir, die Freiwillige Feuerwehr Rahlstedt, sind eine von 86 Freiwilligen Feuerwehren in Hamburg. Mit unseren 38 aktiven Mitgliedern, einem Hilfeleistungsl\u00f6schfahrzeug und einem L\u00f6schfahrzeug fahren wir ca. 200 Eins\u00e4tze j\u00e4hrlich.<\/p>\n","protected":false},"author":1,"featured_media":289,"parent":0,"menu_order":0,"comment_status":"closed","ping_status":"closed","template":"","meta":{"footnotes":""},"class_list":["post-22","page","type-page","status-publish","has-post-thumbnail","hentry"],"yoast_head":"<!-- This site is optimized with the Yoast SEO plugin v26.7 - https:\/\/yoast.com\/wordpress\/plugins\/seo\/ -->\n<title>Startseite - Freiwillige Feuerwehr Rahlstedt<\/title>\n<meta name=\"robots\" content=\"index, follow, max-snippet:-1, max-image-preview:large, max-video-preview:-1\" \/>\n<link rel=\"canonical\" href=\"https:\/\/www.ff-rahlstedt.de\/\" \/>\n<meta property=\"og:locale\" content=\"de_DE\" \/>\n<meta property=\"og:type\" content=\"article\" \/>\n<meta property=\"og:title\" content=\"Startseite - Freiwillige Feuerwehr Rahlstedt\" \/>\n<meta property=\"og:description\" content=\"Wir, die Freiwillige Feuerwehr Rahlstedt, sind eine von 86 Freiwilligen Feuerwehren in Hamburg. Mit unseren 38 aktiven Mitgliedern, einem Hilfeleistungsl\u00f6schfahrzeug und einem L\u00f6schfahrzeug fahren wir ca. 200 Eins\u00e4tze j\u00e4hrlich.\" \/>\n<meta property=\"og:url\" content=\"https:\/\/www.ff-rahlstedt.de\/\" \/>\n<meta property=\"og:site_name\" content=\"Freiwillige Feuerwehr Rahlstedt\" \/>\n<meta property=\"article:modified_time\" content=\"2026-01-28T17:31:40+00:00\" \/>\n<meta name=\"twitter:card\" content=\"summary_large_image\" \/>\n<meta name=\"twitter:label1\" content=\"Gesch\u00e4tzte Lesezeit\" \/>\n\t<meta name=\"twitter:data1\" content=\"5\u00a0Minuten\" \/>\n<script type=\"application\/ld+json\" class=\"yoast-schema-graph\">{\"@context\":\"https:\/\/schema.org\",\"@graph\":[{\"@type\":\"WebPage\",\"@id\":\"https:\/\/www.ff-rahlstedt.de\/\",\"url\":\"https:\/\/www.ff-rahlstedt.de\/\",\"name\":\"Startseite - Freiwillige Feuerwehr Rahlstedt\",\"isPartOf\":{\"@id\":\"https:\/\/www.ff-rahlstedt.de\/#website\"},\"primaryImageOfPage\":{\"@id\":\"https:\/\/www.ff-rahlstedt.de\/#primaryimage\"},\"image\":{\"@id\":\"https:\/\/www.ff-rahlstedt.de\/#primaryimage\"},\"thumbnailUrl\":\"\",\"datePublished\":\"2020-09-13T13:38:27+00:00\",\"dateModified\":\"2026-01-28T17:31:40+00:00\",\"breadcrumb\":{\"@id\":\"https:\/\/www.ff-rahlstedt.de\/#breadcrumb\"},\"inLanguage\":\"de\",\"potentialAction\":[{\"@type\":\"ReadAction\",\"target\":[\"https:\/\/www.ff-rahlstedt.de\/\"]}]},{\"@type\":\"ImageObject\",\"inLanguage\":\"de\",\"@id\":\"https:\/\/www.ff-rahlstedt.de\/#primaryimage\",\"url\":\"\",\"contentUrl\":\"\"},{\"@type\":\"BreadcrumbList\",\"@id\":\"https:\/\/www.ff-rahlstedt.de\/#breadcrumb\",\"itemListElement\":[{\"@type\":\"ListItem\",\"position\":1,\"name\":\"Startseite\",\"item\":\"https:\/\/www.ff-rahlstedt.de\/\"},{\"@type\":\"ListItem\",\"position\":2,\"name\":\"Startseite\"}]},{\"@type\":\"WebSite\",\"@id\":\"https:\/\/www.ff-rahlstedt.de\/#website\",\"url\":\"https:\/\/www.ff-rahlstedt.de\/\",\"name\":\"Freiwillige Feuerwehr Rahlstedt\",\"description\":\"\",\"publisher\":{\"@id\":\"https:\/\/www.ff-rahlstedt.de\/#organization\"},\"potentialAction\":[{\"@type\":\"SearchAction\",\"target\":{\"@type\":\"EntryPoint\",\"urlTemplate\":\"https:\/\/www.ff-rahlstedt.de\/?s={search_term_string}\"},\"query-input\":{\"@type\":\"PropertyValueSpecification\",\"valueRequired\":true,\"valueName\":\"search_term_string\"}}],\"inLanguage\":\"de\"},{\"@type\":\"Organization\",\"@id\":\"https:\/\/www.ff-rahlstedt.de\/#organization\",\"name\":\"Freiwillige Feuerwehr Rahlstedt\",\"url\":\"https:\/\/www.ff-rahlstedt.de\/\",\"logo\":{\"@type\":\"ImageObject\",\"inLanguage\":\"de\",\"@id\":\"https:\/\/www.ff-rahlstedt.de\/#\/schema\/logo\/image\/\",\"url\":\"https:\/\/www.ff-rahlstedt.de\/wp-content\/uploads\/2020\/09\/cropped-Logo-1.png\",\"contentUrl\":\"https:\/\/www.ff-rahlstedt.de\/wp-content\/uploads\/2020\/09\/cropped-Logo-1.png\",\"width\":776,\"height\":777,\"caption\":\"Freiwillige Feuerwehr Rahlstedt\"},\"image\":{\"@id\":\"https:\/\/www.ff-rahlstedt.de\/#\/schema\/logo\/image\/\"}}]}<\/script>\n<!-- \/ Yoast SEO plugin. -->","yoast_head_json":{"title":"Startseite - Freiwillige Feuerwehr Rahlstedt","robots":{"index":"index","follow":"follow","max-snippet":"max-snippet:-1","max-image-preview":"max-image-preview:large","max-video-preview":"max-video-preview:-1"},"canonical":"https:\/\/www.ff-rahlstedt.de\/","og_locale":"de_DE","og_type":"article","og_title":"Startseite - Freiwillige Feuerwehr Rahlstedt","og_description":"Wir, die Freiwillige Feuerwehr Rahlstedt, sind eine von 86 Freiwilligen Feuerwehren in Hamburg. Mit unseren 38 aktiven Mitgliedern, einem Hilfeleistungsl\u00f6schfahrzeug und einem L\u00f6schfahrzeug fahren wir ca. 200 Eins\u00e4tze j\u00e4hrlich.","og_url":"https:\/\/www.ff-rahlstedt.de\/","og_site_name":"Freiwillige Feuerwehr Rahlstedt","article_modified_time":"2026-01-28T17:31:40+00:00","twitter_card":"summary_large_image","twitter_misc":{"Gesch\u00e4tzte Lesezeit":"5\u00a0Minuten"},"schema":{"@context":"https:\/\/schema.org","@graph":[{"@type":"WebPage","@id":"https:\/\/www.ff-rahlstedt.de\/","url":"https:\/\/www.ff-rahlstedt.de\/","name":"Startseite - Freiwillige Feuerwehr Rahlstedt","isPartOf":{"@id":"https:\/\/www.ff-rahlstedt.de\/#website"},"primaryImageOfPage":{"@id":"https:\/\/www.ff-rahlstedt.de\/#primaryimage"},"image":{"@id":"https:\/\/www.ff-rahlstedt.de\/#primaryimage"},"thumbnailUrl":"","datePublished":"2020-09-13T13:38:27+00:00","dateModified":"2026-01-28T17:31:40+00:00","breadcrumb":{"@id":"https:\/\/www.ff-rahlstedt.de\/#breadcrumb"},"inLanguage":"de","potentialAction":[{"@type":"ReadAction","target":["https:\/\/www.ff-rahlstedt.de\/"]}]},{"@type":"ImageObject","inLanguage":"de","@id":"https:\/\/www.ff-rahlstedt.de\/#primaryimage","url":"","contentUrl":""},{"@type":"BreadcrumbList","@id":"https:\/\/www.ff-rahlstedt.de\/#breadcrumb","itemListElement":[{"@type":"ListItem","position":1,"name":"Startseite","item":"https:\/\/www.ff-rahlstedt.de\/"},{"@type":"ListItem","position":2,"name":"Startseite"}]},{"@type":"WebSite","@id":"https:\/\/www.ff-rahlstedt.de\/#website","url":"https:\/\/www.ff-rahlstedt.de\/","name":"Freiwillige Feuerwehr Rahlstedt","description":"","publisher":{"@id":"https:\/\/www.ff-rahlstedt.de\/#organization"},"potentialAction":[{"@type":"SearchAction","target":{"@type":"EntryPoint","urlTemplate":"https:\/\/www.ff-rahlstedt.de\/?s={search_term_string}"},"query-input":{"@type":"PropertyValueSpecification","valueRequired":true,"valueName":"search_term_string"}}],"inLanguage":"de"},{"@type":"Organization","@id":"https:\/\/www.ff-rahlstedt.de\/#organization","name":"Freiwillige Feuerwehr Rahlstedt","url":"https:\/\/www.ff-rahlstedt.de\/","logo":{"@type":"ImageObject","inLanguage":"de","@id":"https:\/\/www.ff-rahlstedt.de\/#\/schema\/logo\/image\/","url":"https:\/\/www.ff-rahlstedt.de\/wp-content\/uploads\/2020\/09\/cropped-Logo-1.png","contentUrl":"https:\/\/www.ff-rahlstedt.de\/wp-content\/uploads\/2020\/09\/cropped-Logo-1.png","width":776,"height":777,"caption":"Freiwillige Feuerwehr Rahlstedt"},"image":{"@id":"https:\/\/www.ff-rahlstedt.de\/#\/schema\/logo\/image\/"}}]}},"_links":{"self":[{"href":"https:\/\/www.ff-rahlstedt.de\/index.php?rest_route=\/wp\/v2\/pages\/22","targetHints":{"allow":["GET"]}}],"collection":[{"href":"https:\/\/www.ff-rahlstedt.de\/index.php?rest_route=\/wp\/v2\/pages"}],"about":[{"href":"https:\/\/www.ff-rahlstedt.de\/index.php?rest_route=\/wp\/v2\/types\/page"}],"author":[{"embeddable":true,"href":"https:\/\/www.ff-rahlstedt.de\/index.php?rest_route=\/wp\/v2\/users\/1"}],"replies":[{"embeddable":true,"href":"https:\/\/www.ff-rahlstedt.de\/index.php?rest_route=%2Fwp%2Fv2%2Fcomments&post=22"}],"version-history":[{"count":49,"href":"https:\/\/www.ff-rahlstedt.de\/index.php?rest_route=\/wp\/v2\/pages\/22\/revisions"}],"predecessor-version":[{"id":2618,"href":"https:\/\/www.ff-rahlstedt.de\/index.php?rest_route=\/wp\/v2\/pages\/22\/revisions\/2618"}],"wp:featuredmedia":[{"embeddable":true,"href":"https:\/\/www.ff-rahlstedt.de\/index.php?rest_route=\/"}],"wp:attachment":[{"href":"https:\/\/www.ff-rahlstedt.de\/index.php?rest_route=%2Fwp%2Fv2%2Fmedia&parent=22"}],"curies":[{"name":"wp","href":"https:\/\/api.w.org\/{rel}","templated":true}]}}