{"id":2444,"date":"2025-11-05T15:00:16","date_gmt":"2025-11-05T14:00:16","guid":{"rendered":"https:\/\/www.ff-rahlstedt.de\/?page_id=2444"},"modified":"2025-11-05T16:58:29","modified_gmt":"2025-11-05T15:58:29","slug":"das-sind-wir-2","status":"publish","type":"page","link":"https:\/\/www.ff-rahlstedt.de\/?page_id=2444","title":{"rendered":"Das sind wir."},"content":{"rendered":"\t\t<div data-elementor-type=\"wp-page\" data-elementor-id=\"2444\" class=\"elementor elementor-2444\" data-elementor-post-type=\"page\">\n\t\t\t\t\t\t<section class=\"elementor-section elementor-top-section elementor-element elementor-element-3c8c7f19 elementor-section-boxed elementor-section-height-default elementor-section-height-default\" data-id=\"3c8c7f19\" data-element_type=\"section\">\n\t\t\t\t\t\t<div class=\"elementor-container elementor-column-gap-default\">\n\t\t\t\t\t<div class=\"elementor-column elementor-col-100 elementor-top-column elementor-element elementor-element-4c60bcb\" data-id=\"4c60bcb\" data-element_type=\"column\">\n\t\t\t<div class=\"elementor-widget-wrap elementor-element-populated\">\n\t\t\t\t\t\t<div class=\"elementor-element elementor-element-bca4319 elementor-widget__width-initial elementor-widget elementor-widget-image\" data-id=\"bca4319\" data-element_type=\"widget\" data-widget_type=\"image.default\">\n\t\t\t\t<div class=\"elementor-widget-container\">\n\t\t\t\t\t\t\t\t\t\t\t\t\t\t\t<img fetchpriority=\"high\" decoding=\"async\" width=\"750\" height=\"750\" src=\"https:\/\/www.ff-rahlstedt.de\/wp-content\/uploads\/2025\/11\/WhatsApp-Image-2025-11-05-at-14.57.57-1024x1024.jpeg\" class=\"attachment-large size-large wp-image-2447\" alt=\"\" srcset=\"https:\/\/www.ff-rahlstedt.de\/wp-content\/uploads\/2025\/11\/WhatsApp-Image-2025-11-05-at-14.57.57-1024x1024.jpeg 1024w, https:\/\/www.ff-rahlstedt.de\/wp-content\/uploads\/2025\/11\/WhatsApp-Image-2025-11-05-at-14.57.57-300x300.jpeg 300w, https:\/\/www.ff-rahlstedt.de\/wp-content\/uploads\/2025\/11\/WhatsApp-Image-2025-11-05-at-14.57.57-150x150.jpeg 150w, https:\/\/www.ff-rahlstedt.de\/wp-content\/uploads\/2025\/11\/WhatsApp-Image-2025-11-05-at-14.57.57-768x768.jpeg 768w, https:\/\/www.ff-rahlstedt.de\/wp-content\/uploads\/2025\/11\/WhatsApp-Image-2025-11-05-at-14.57.57-1536x1536.jpeg 1536w, https:\/\/www.ff-rahlstedt.de\/wp-content\/uploads\/2025\/11\/WhatsApp-Image-2025-11-05-at-14.57.57.jpeg 1600w\" sizes=\"(max-width: 750px) 100vw, 750px\" \/>\t\t\t\t\t\t\t\t\t\t\t\t\t\t\t<\/div>\n\t\t\t\t<\/div>\n\t\t\t\t<div class=\"elementor-element elementor-element-5c9ce5aa elementor-widget elementor-widget-text-editor\" data-id=\"5c9ce5aa\" data-element_type=\"widget\" data-widget_type=\"text-editor.default\">\n\t\t\t\t<div class=\"elementor-widget-container\">\n\t\t\t\t\t\t\t\t\t<p><\/p>\n<p><\/p>\n<p>Die Minifeuerwehr Rahlstedt wurde im Fr\u00fchjahr 2025 gegr\u00fcndet. Als 18. Minifeuerwehr von mittlerweile 22 Minifeuerwehren in Hamburg bieten wir interessierten M\u00e4dchen und Jungen ein abwechslungsreiches und brandhei\u00dfes Hobby.<\/p>\n<p><\/p>\n<p><\/p>\n<p>Aktuell besteht die Minifeuerwehr Rahlstedt aus drei M\u00e4dchen und 12 Jungen im Alter von f\u00fcnf bis neun Jahren, sowie aus sieben Betreuern.<\/p>\n<p><\/p>\n<p><\/p>\n<p>Wir treffen uns einmal im Monat zu unseren Zusammenk\u00fcnften am Ger\u00e4tehaus der Freiwilligen Feuerwehr Rahlstedt.<\/p>\n<p><\/p>\n<p><\/p>\n<p><\/p>\t\t\t\t\t\t\t\t<\/div>\n\t\t\t\t<\/div>\n\t\t\t\t\t<\/div>\n\t\t<\/div>\n\t\t\t\t\t<\/div>\n\t\t<\/section>\n\t\t\t\t<section class=\"elementor-section elementor-top-section elementor-element elementor-element-94f1010 elementor-section-boxed elementor-section-height-default elementor-section-height-default\" data-id=\"94f1010\" data-element_type=\"section\">\n\t\t\t\t\t\t<div class=\"elementor-container elementor-column-gap-default\">\n\t\t\t\t\t<div class=\"elementor-column elementor-col-100 elementor-top-column elementor-element elementor-element-22d6583\" data-id=\"22d6583\" data-element_type=\"column\">\n\t\t\t<div class=\"elementor-widget-wrap\">\n\t\t\t\t\t\t\t<\/div>\n\t\t<\/div>\n\t\t\t\t\t<\/div>\n\t\t<\/section>\n\t\t\t\t<section class=\"elementor-section elementor-top-section elementor-element elementor-element-e0c12fb elementor-section-boxed elementor-section-height-default elementor-section-height-default\" data-id=\"e0c12fb\" data-element_type=\"section\">\n\t\t\t\t\t\t<div class=\"elementor-container elementor-column-gap-default\">\n\t\t\t\t\t<div class=\"elementor-column elementor-col-100 elementor-top-column elementor-element elementor-element-4687556\" data-id=\"4687556\" data-element_type=\"column\">\n\t\t\t<div class=\"elementor-widget-wrap\">\n\t\t\t\t\t\t\t<\/div>\n\t\t<\/div>\n\t\t\t\t\t<\/div>\n\t\t<\/section>\n\t\t\t\t<\/div>\n\t\t","protected":false},"excerpt":{"rendered":"<p>Die Minifeuerwehr Rahlstedt wurde im Fr\u00fchjahr 2025 gegr\u00fcndet. Als 18. Minifeuerwehr von mittlerweile 22 Minifeuerwehren in Hamburg bieten wir interessierten M\u00e4dchen und Jungen ein abwechslungsreiches und brandhei\u00dfes Hobby. Aktuell besteht die Minifeuerwehr Rahlstedt aus drei M\u00e4dchen und 12 Jungen im Alter von f\u00fcnf bis neun Jahren, sowie aus sieben Betreuern. [&hellip;]<\/p>\n","protected":false},"author":15,"featured_media":1248,"parent":0,"menu_order":0,"comment_status":"closed","ping_status":"closed","template":"","meta":{"footnotes":""},"class_list":["post-2444","page","type-page","status-publish","has-post-thumbnail","hentry"],"yoast_head":"<!-- This site is optimized with the Yoast SEO plugin v26.7 - https:\/\/yoast.com\/wordpress\/plugins\/seo\/ -->\n<title>Das sind wir. - Freiwillige Feuerwehr Rahlstedt<\/title>\n<meta name=\"robots\" content=\"index, follow, max-snippet:-1, max-image-preview:large, max-video-preview:-1\" \/>\n<link rel=\"canonical\" href=\"https:\/\/www.ff-rahlstedt.de\/?page_id=2444\" \/>\n<meta property=\"og:locale\" content=\"de_DE\" \/>\n<meta property=\"og:type\" content=\"article\" \/>\n<meta property=\"og:title\" content=\"Das sind wir. - Freiwillige Feuerwehr Rahlstedt\" \/>\n<meta property=\"og:description\" content=\"Die Minifeuerwehr Rahlstedt wurde im Fr\u00fchjahr 2025 gegr\u00fcndet. Als 18. Minifeuerwehr von mittlerweile 22 Minifeuerwehren in Hamburg bieten wir interessierten M\u00e4dchen und Jungen ein abwechslungsreiches und brandhei\u00dfes Hobby. Aktuell besteht die Minifeuerwehr Rahlstedt aus drei M\u00e4dchen und 12 Jungen im Alter von f\u00fcnf bis neun Jahren, sowie aus sieben Betreuern. [&hellip;]\" \/>\n<meta property=\"og:url\" content=\"https:\/\/www.ff-rahlstedt.de\/?page_id=2444\" \/>\n<meta property=\"og:site_name\" content=\"Freiwillige Feuerwehr Rahlstedt\" \/>\n<meta property=\"article:modified_time\" content=\"2025-11-05T15:58:29+00:00\" \/>\n<meta property=\"og:image\" content=\"https:\/\/www.ff-rahlstedt.de\/wp-content\/uploads\/2020\/10\/Banner-Homepage-3.jpg\" \/>\n\t<meta property=\"og:image:width\" content=\"2550\" \/>\n\t<meta property=\"og:image:height\" content=\"360\" \/>\n\t<meta property=\"og:image:type\" content=\"image\/jpeg\" \/>\n<meta name=\"twitter:card\" content=\"summary_large_image\" \/>\n<meta name=\"twitter:label1\" content=\"Gesch\u00e4tzte Lesezeit\" \/>\n\t<meta name=\"twitter:data1\" content=\"1\u00a0Minute\" \/>\n<script type=\"application\/ld+json\" class=\"yoast-schema-graph\">{\"@context\":\"https:\/\/schema.org\",\"@graph\":[{\"@type\":\"WebPage\",\"@id\":\"https:\/\/www.ff-rahlstedt.de\/?page_id=2444\",\"url\":\"https:\/\/www.ff-rahlstedt.de\/?page_id=2444\",\"name\":\"Das sind wir. - Freiwillige Feuerwehr Rahlstedt\",\"isPartOf\":{\"@id\":\"https:\/\/www.ff-rahlstedt.de\/#website\"},\"primaryImageOfPage\":{\"@id\":\"https:\/\/www.ff-rahlstedt.de\/?page_id=2444#primaryimage\"},\"image\":{\"@id\":\"https:\/\/www.ff-rahlstedt.de\/?page_id=2444#primaryimage\"},\"thumbnailUrl\":\"https:\/\/www.ff-rahlstedt.de\/wp-content\/uploads\/2020\/10\/Banner-Homepage-3.jpg\",\"datePublished\":\"2025-11-05T14:00:16+00:00\",\"dateModified\":\"2025-11-05T15:58:29+00:00\",\"breadcrumb\":{\"@id\":\"https:\/\/www.ff-rahlstedt.de\/?page_id=2444#breadcrumb\"},\"inLanguage\":\"de\",\"potentialAction\":[{\"@type\":\"ReadAction\",\"target\":[\"https:\/\/www.ff-rahlstedt.de\/?page_id=2444\"]}]},{\"@type\":\"ImageObject\",\"inLanguage\":\"de\",\"@id\":\"https:\/\/www.ff-rahlstedt.de\/?page_id=2444#primaryimage\",\"url\":\"https:\/\/www.ff-rahlstedt.de\/wp-content\/uploads\/2020\/10\/Banner-Homepage-3.jpg\",\"contentUrl\":\"https:\/\/www.ff-rahlstedt.de\/wp-content\/uploads\/2020\/10\/Banner-Homepage-3.jpg\",\"width\":2550,\"height\":360},{\"@type\":\"BreadcrumbList\",\"@id\":\"https:\/\/www.ff-rahlstedt.de\/?page_id=2444#breadcrumb\",\"itemListElement\":[{\"@type\":\"ListItem\",\"position\":1,\"name\":\"Startseite\",\"item\":\"https:\/\/www.ff-rahlstedt.de\/\"},{\"@type\":\"ListItem\",\"position\":2,\"name\":\"Das sind wir.\"}]},{\"@type\":\"WebSite\",\"@id\":\"https:\/\/www.ff-rahlstedt.de\/#website\",\"url\":\"https:\/\/www.ff-rahlstedt.de\/\",\"name\":\"Freiwillige Feuerwehr Rahlstedt\",\"description\":\"\",\"publisher\":{\"@id\":\"https:\/\/www.ff-rahlstedt.de\/#organization\"},\"potentialAction\":[{\"@type\":\"SearchAction\",\"target\":{\"@type\":\"EntryPoint\",\"urlTemplate\":\"https:\/\/www.ff-rahlstedt.de\/?s={search_term_string}\"},\"query-input\":{\"@type\":\"PropertyValueSpecification\",\"valueRequired\":true,\"valueName\":\"search_term_string\"}}],\"inLanguage\":\"de\"},{\"@type\":\"Organization\",\"@id\":\"https:\/\/www.ff-rahlstedt.de\/#organization\",\"name\":\"Freiwillige Feuerwehr Rahlstedt\",\"url\":\"https:\/\/www.ff-rahlstedt.de\/\",\"logo\":{\"@type\":\"ImageObject\",\"inLanguage\":\"de\",\"@id\":\"https:\/\/www.ff-rahlstedt.de\/#\/schema\/logo\/image\/\",\"url\":\"https:\/\/www.ff-rahlstedt.de\/wp-content\/uploads\/2020\/09\/cropped-Logo-1.png\",\"contentUrl\":\"https:\/\/www.ff-rahlstedt.de\/wp-content\/uploads\/2020\/09\/cropped-Logo-1.png\",\"width\":776,\"height\":777,\"caption\":\"Freiwillige Feuerwehr Rahlstedt\"},\"image\":{\"@id\":\"https:\/\/www.ff-rahlstedt.de\/#\/schema\/logo\/image\/\"}}]}<\/script>\n<!-- \/ Yoast SEO plugin. -->","yoast_head_json":{"title":"Das sind wir. - Freiwillige Feuerwehr Rahlstedt","robots":{"index":"index","follow":"follow","max-snippet":"max-snippet:-1","max-image-preview":"max-image-preview:large","max-video-preview":"max-video-preview:-1"},"canonical":"https:\/\/www.ff-rahlstedt.de\/?page_id=2444","og_locale":"de_DE","og_type":"article","og_title":"Das sind wir. - Freiwillige Feuerwehr Rahlstedt","og_description":"Die Minifeuerwehr Rahlstedt wurde im Fr\u00fchjahr 2025 gegr\u00fcndet. Als 18. Minifeuerwehr von mittlerweile 22 Minifeuerwehren in Hamburg bieten wir interessierten M\u00e4dchen und Jungen ein abwechslungsreiches und brandhei\u00dfes Hobby. Aktuell besteht die Minifeuerwehr Rahlstedt aus drei M\u00e4dchen und 12 Jungen im Alter von f\u00fcnf bis neun Jahren, sowie aus sieben Betreuern. [&hellip;]","og_url":"https:\/\/www.ff-rahlstedt.de\/?page_id=2444","og_site_name":"Freiwillige Feuerwehr Rahlstedt","article_modified_time":"2025-11-05T15:58:29+00:00","og_image":[{"width":2550,"height":360,"url":"https:\/\/www.ff-rahlstedt.de\/wp-content\/uploads\/2020\/10\/Banner-Homepage-3.jpg","type":"image\/jpeg"}],"twitter_card":"summary_large_image","twitter_misc":{"Gesch\u00e4tzte Lesezeit":"1\u00a0Minute"},"schema":{"@context":"https:\/\/schema.org","@graph":[{"@type":"WebPage","@id":"https:\/\/www.ff-rahlstedt.de\/?page_id=2444","url":"https:\/\/www.ff-rahlstedt.de\/?page_id=2444","name":"Das sind wir. - Freiwillige Feuerwehr Rahlstedt","isPartOf":{"@id":"https:\/\/www.ff-rahlstedt.de\/#website"},"primaryImageOfPage":{"@id":"https:\/\/www.ff-rahlstedt.de\/?page_id=2444#primaryimage"},"image":{"@id":"https:\/\/www.ff-rahlstedt.de\/?page_id=2444#primaryimage"},"thumbnailUrl":"https:\/\/www.ff-rahlstedt.de\/wp-content\/uploads\/2020\/10\/Banner-Homepage-3.jpg","datePublished":"2025-11-05T14:00:16+00:00","dateModified":"2025-11-05T15:58:29+00:00","breadcrumb":{"@id":"https:\/\/www.ff-rahlstedt.de\/?page_id=2444#breadcrumb"},"inLanguage":"de","potentialAction":[{"@type":"ReadAction","target":["https:\/\/www.ff-rahlstedt.de\/?page_id=2444"]}]},{"@type":"ImageObject","inLanguage":"de","@id":"https:\/\/www.ff-rahlstedt.de\/?page_id=2444#primaryimage","url":"https:\/\/www.ff-rahlstedt.de\/wp-content\/uploads\/2020\/10\/Banner-Homepage-3.jpg","contentUrl":"https:\/\/www.ff-rahlstedt.de\/wp-content\/uploads\/2020\/10\/Banner-Homepage-3.jpg","width":2550,"height":360},{"@type":"BreadcrumbList","@id":"https:\/\/www.ff-rahlstedt.de\/?page_id=2444#breadcrumb","itemListElement":[{"@type":"ListItem","position":1,"name":"Startseite","item":"https:\/\/www.ff-rahlstedt.de\/"},{"@type":"ListItem","position":2,"name":"Das sind wir."}]},{"@type":"WebSite","@id":"https:\/\/www.ff-rahlstedt.de\/#website","url":"https:\/\/www.ff-rahlstedt.de\/","name":"Freiwillige Feuerwehr Rahlstedt","description":"","publisher":{"@id":"https:\/\/www.ff-rahlstedt.de\/#organization"},"potentialAction":[{"@type":"SearchAction","target":{"@type":"EntryPoint","urlTemplate":"https:\/\/www.ff-rahlstedt.de\/?s={search_term_string}"},"query-input":{"@type":"PropertyValueSpecification","valueRequired":true,"valueName":"search_term_string"}}],"inLanguage":"de"},{"@type":"Organization","@id":"https:\/\/www.ff-rahlstedt.de\/#organization","name":"Freiwillige Feuerwehr Rahlstedt","url":"https:\/\/www.ff-rahlstedt.de\/","logo":{"@type":"ImageObject","inLanguage":"de","@id":"https:\/\/www.ff-rahlstedt.de\/#\/schema\/logo\/image\/","url":"https:\/\/www.ff-rahlstedt.de\/wp-content\/uploads\/2020\/09\/cropped-Logo-1.png","contentUrl":"https:\/\/www.ff-rahlstedt.de\/wp-content\/uploads\/2020\/09\/cropped-Logo-1.png","width":776,"height":777,"caption":"Freiwillige Feuerwehr Rahlstedt"},"image":{"@id":"https:\/\/www.ff-rahlstedt.de\/#\/schema\/logo\/image\/"}}]}},"_links":{"self":[{"href":"https:\/\/www.ff-rahlstedt.de\/index.php?rest_route=\/wp\/v2\/pages\/2444","targetHints":{"allow":["GET"]}}],"collection":[{"href":"https:\/\/www.ff-rahlstedt.de\/index.php?rest_route=\/wp\/v2\/pages"}],"about":[{"href":"https:\/\/www.ff-rahlstedt.de\/index.php?rest_route=\/wp\/v2\/types\/page"}],"author":[{"embeddable":true,"href":"https:\/\/www.ff-rahlstedt.de\/index.php?rest_route=\/wp\/v2\/users\/15"}],"replies":[{"embeddable":true,"href":"https:\/\/www.ff-rahlstedt.de\/index.php?rest_route=%2Fwp%2Fv2%2Fcomments&post=2444"}],"version-history":[{"count":5,"href":"https:\/\/www.ff-rahlstedt.de\/index.php?rest_route=\/wp\/v2\/pages\/2444\/revisions"}],"predecessor-version":[{"id":2453,"href":"https:\/\/www.ff-rahlstedt.de\/index.php?rest_route=\/wp\/v2\/pages\/2444\/revisions\/2453"}],"wp:featuredmedia":[{"embeddable":true,"href":"https:\/\/www.ff-rahlstedt.de\/index.php?rest_route=\/wp\/v2\/media\/1248"}],"wp:attachment":[{"href":"https:\/\/www.ff-rahlstedt.de\/index.php?rest_route=%2Fwp%2Fv2%2Fmedia&parent=2444"}],"curies":[{"name":"wp","href":"https:\/\/api.w.org\/{rel}","templated":true}]}}