{"id":2461,"date":"2025-11-05T15:16:45","date_gmt":"2025-11-05T14:16:45","guid":{"rendered":"https:\/\/www.ff-rahlstedt.de\/?page_id=2461"},"modified":"2025-11-21T14:17:00","modified_gmt":"2025-11-21T13:17:00","slug":"ich-will-mitmachen-bei-der-minifeuerwehr","status":"publish","type":"page","link":"https:\/\/www.ff-rahlstedt.de\/?page_id=2461","title":{"rendered":"Ich will mitmachen!"},"content":{"rendered":"\t\t<div data-elementor-type=\"wp-page\" data-elementor-id=\"2461\" class=\"elementor elementor-2461\" data-elementor-post-type=\"page\">\n\t\t\t\t\t\t<section class=\"elementor-section elementor-top-section elementor-element elementor-element-bdffaa9 elementor-section-boxed elementor-section-height-default elementor-section-height-default\" data-id=\"bdffaa9\" data-element_type=\"section\">\n\t\t\t\t\t\t<div class=\"elementor-container elementor-column-gap-default\">\n\t\t\t\t\t<div class=\"elementor-column elementor-col-50 elementor-top-column elementor-element elementor-element-226ec375\" data-id=\"226ec375\" data-element_type=\"column\">\n\t\t\t<div class=\"elementor-widget-wrap elementor-element-populated\">\n\t\t\t\t\t\t<div class=\"elementor-element elementor-element-28f8fac3 elementor-widget elementor-widget-text-editor\" data-id=\"28f8fac3\" data-element_type=\"widget\" data-widget_type=\"text-editor.default\">\n\t\t\t\t<div class=\"elementor-widget-container\">\n\t\t\t\t\t\t\t\t\t<p>Unsere Minis suchen genau Dich zur Verst\u00e4rkung des Teams! Hast Du Lust auf ein au\u00dfergew\u00f6hnliches Hobby? Probiere es einfach selbst und melde Dich bei uns.<\/p>\n<p><u><b>Zurzeit sind bei uns leider alle Pl\u00e4tze belegt und es besteht eine Warteliste. Schreib uns gerne trotzdem eine Nachricht \u00fcber das Kontaktformular. Wir setzen Dich auf die Warteliste und melden uns sobald ein Platz bei uns frei geworden ist. Dies kann unter Umst\u00e4nden eine gewisse Zeit dauern, aber mach Dir keine Sorgen, wir werden Dich nicht vergessen.<\/b><\/u><\/p>\n<p><b>Und das musst Du mitbringen<\/b><\/p>\n<p>Du bist mindestens f\u00fcnf Jahre alt und wohnst im Stadtteil Rahlstedt oder im Bezirk Wandsbek. Nat\u00fcrlich m\u00fcssen Deine Eltern einverstanden sein, dass Du Mitglied in der Minifeuerwehr werden willst und m\u00fcssen daher schriftlich ihr Einverst\u00e4ndnis geben.<\/p>\n<p>Egal ob M\u00e4dchen oder Junge, bei uns findest Du schnell neue Kontakte sowie Abwechslung und Spannung neben Deinem Alltag.<\/p>\n<p>Entdecke die Blaulicht-Welt!<\/p>\t\t\t\t\t\t\t\t<\/div>\n\t\t\t\t<\/div>\n\t\t\t\t<div class=\"elementor-element elementor-element-ffcff3d elementor-widget elementor-widget-shortcode\" data-id=\"ffcff3d\" data-element_type=\"widget\" data-widget_type=\"shortcode.default\">\n\t\t\t\t<div class=\"elementor-widget-container\">\n\t\t\t\t\t\t\t<div class=\"elementor-shortcode\"><\/div>\n\t\t\t\t\t\t<\/div>\n\t\t\t\t<\/div>\n\t\t\t\t\t<\/div>\n\t\t<\/div>\n\t\t\t\t<div class=\"elementor-column elementor-col-50 elementor-top-column elementor-element elementor-element-67e4139\" data-id=\"67e4139\" data-element_type=\"column\">\n\t\t\t<div class=\"elementor-widget-wrap elementor-element-populated\">\n\t\t\t\t\t\t<div class=\"elementor-element elementor-element-c2f097c elementor-widget elementor-widget-heading\" data-id=\"c2f097c\" data-element_type=\"widget\" data-widget_type=\"heading.default\">\n\t\t\t\t<div class=\"elementor-widget-container\">\n\t\t\t\t\t<h2 class=\"elementor-heading-title elementor-size-default\">Kontaktformular<\/h2>\t\t\t\t<\/div>\n\t\t\t\t<\/div>\n\t\t\t\t<div class=\"elementor-element elementor-element-dfb3601 elementor-widget elementor-widget-shortcode\" data-id=\"dfb3601\" data-element_type=\"widget\" data-widget_type=\"shortcode.default\">\n\t\t\t\t<div class=\"elementor-widget-container\">\n\t\t\t\t\t\t\t<div class=\"elementor-shortcode\">\n<div class=\"wpcf7 no-js\" id=\"wpcf7-f2512-o1\" lang=\"de-DE\" dir=\"ltr\" data-wpcf7-id=\"2512\">\n<div class=\"screen-reader-response\"><p role=\"status\" aria-live=\"polite\" aria-atomic=\"true\"><\/p> <ul><\/ul><\/div>\n<form action=\"\/index.php?rest_route=%2Fwp%2Fv2%2Fpages%2F2461#wpcf7-f2512-o1\" method=\"post\" class=\"wpcf7-form init\" aria-label=\"Kontaktformular\" novalidate=\"novalidate\" data-status=\"init\">\n<fieldset class=\"hidden-fields-container\"><input type=\"hidden\" name=\"_wpcf7\" value=\"2512\" \/><input type=\"hidden\" name=\"_wpcf7_version\" value=\"6.1.4\" \/><input type=\"hidden\" name=\"_wpcf7_locale\" value=\"de_DE\" \/><input type=\"hidden\" name=\"_wpcf7_unit_tag\" value=\"wpcf7-f2512-o1\" \/><input type=\"hidden\" name=\"_wpcf7_container_post\" value=\"0\" \/><input type=\"hidden\" name=\"_wpcf7_posted_data_hash\" value=\"\" \/>\n<\/fieldset>\n<p><label> Ihr Name *<br \/>\n<span class=\"wpcf7-form-control-wrap\" data-name=\"your-name\"><input size=\"40\" maxlength=\"400\" class=\"wpcf7-form-control wpcf7-text wpcf7-validates-as-required\" aria-required=\"true\" aria-invalid=\"false\" value=\"\" type=\"text\" name=\"your-name\" \/><\/span> <\/label>\n<\/p>\n<p><label> Ihre E-Mail-Adresse *<br \/>\n<span class=\"wpcf7-form-control-wrap\" data-name=\"your-email\"><input size=\"40\" maxlength=\"400\" class=\"wpcf7-form-control wpcf7-email wpcf7-validates-as-required wpcf7-text wpcf7-validates-as-email\" aria-required=\"true\" aria-invalid=\"false\" value=\"\" type=\"email\" name=\"your-email\" \/><\/span> <\/label>\n<\/p>\n<p><label> Name des Kindes *<br \/>\n<span class=\"wpcf7-form-control-wrap\" data-name=\"your-childrenname\"><input size=\"40\" maxlength=\"400\" class=\"wpcf7-form-control wpcf7-text wpcf7-validates-as-required\" aria-required=\"true\" aria-invalid=\"false\" value=\"\" type=\"text\" name=\"your-childrenname\" \/><\/span> <\/label>\n<\/p>\n<p><label> Alter *<br \/>\n<span class=\"wpcf7-form-control-wrap\" data-name=\"your-age\"><input class=\"wpcf7-form-control wpcf7-number wpcf7-validates-as-required wpcf7-validates-as-number\" min=\"0\" max=\"10\" aria-required=\"true\" aria-invalid=\"false\" value=\"\" type=\"number\" name=\"your-age\" \/><\/span> <\/label>\n<\/p>\n<p><label> Geburtsdatum *<br \/>\n<span class=\"wpcf7-form-control-wrap\" data-name=\"birthday\"><input class=\"wpcf7-form-control wpcf7-date wpcf7-validates-as-required wpcf7-validates-as-date\" aria-required=\"true\" aria-invalid=\"false\" value=\"\" type=\"date\" name=\"birthday\" \/><\/span> <\/label>\n<\/p>\n<p><label> Telefonnummer *<br \/>\n<span class=\"wpcf7-form-control-wrap\" data-name=\"your-phonenumber\"><input size=\"40\" maxlength=\"400\" class=\"wpcf7-form-control wpcf7-tel wpcf7-validates-as-required wpcf7-text wpcf7-validates-as-tel\" aria-required=\"true\" aria-invalid=\"false\" value=\"\" type=\"tel\" name=\"your-phonenumber\" \/><\/span> <\/label>\n<\/p>\n<p><label> Adresse *<br \/>\n<span class=\"wpcf7-form-control-wrap\" data-name=\"your-city\"><input size=\"40\" maxlength=\"400\" class=\"wpcf7-form-control wpcf7-text wpcf7-validates-as-required\" aria-required=\"true\" aria-invalid=\"false\" value=\"\" type=\"text\" name=\"your-city\" \/><\/span> <\/label>\n<\/p>\n<p><label> Nachricht *<br \/>\n<span class=\"wpcf7-form-control-wrap\" data-name=\"your-messsage\"><textarea cols=\"40\" rows=\"10\" maxlength=\"2000\" class=\"wpcf7-form-control wpcf7-textarea wpcf7-validates-as-required\" aria-required=\"true\" aria-invalid=\"false\" name=\"your-messsage\"><\/textarea><\/span> <\/label>\n<\/p>\n<p><label> Spam-Pr\u00fcfung *<br \/>\n<span class=\"wpcf7-form-control-wrap\" data-name=\"check\"><label><span class=\"wpcf7-quiz-label\">Ergebnis aus 4 + 6?<\/span> <input size=\"40\" class=\"wpcf7-form-control wpcf7-quiz\" autocomplete=\"off\" aria-required=\"true\" aria-invalid=\"false\" type=\"text\" name=\"check\" \/><\/label><input type=\"hidden\" name=\"_wpcf7_quiz_answer_check\" value=\"d03f5850585ffc9f412ebcb03e46fdca\" \/><\/span> <\/label>\n<\/p>\n<p><input class=\"wpcf7-form-control wpcf7-submit has-spinner\" type=\"submit\" value=\"Senden\" \/>\n<\/p>\n<p>* = Pflichtfeld\n<\/p><div class=\"wpcf7-response-output\" aria-hidden=\"true\"><\/div>\n<\/form>\n<\/div>\n<\/div>\n\t\t\t\t\t\t<\/div>\n\t\t\t\t<\/div>\n\t\t\t\t\t<\/div>\n\t\t<\/div>\n\t\t\t\t\t<\/div>\n\t\t<\/section>\n\t\t\t\t<section class=\"elementor-section elementor-top-section elementor-element elementor-element-3d78e88 elementor-section-boxed elementor-section-height-default elementor-section-height-default\" data-id=\"3d78e88\" data-element_type=\"section\">\n\t\t\t\t\t\t<div class=\"elementor-container elementor-column-gap-default\">\n\t\t\t\t\t<div class=\"elementor-column elementor-col-100 elementor-top-column elementor-element elementor-element-668a57e\" data-id=\"668a57e\" data-element_type=\"column\">\n\t\t\t<div class=\"elementor-widget-wrap\">\n\t\t\t\t\t\t\t<\/div>\n\t\t<\/div>\n\t\t\t\t\t<\/div>\n\t\t<\/section>\n\t\t\t\t<\/div>\n\t\t","protected":false},"excerpt":{"rendered":"<p>Unsere Minis suchen genau Dich zur Verst\u00e4rkung des Teams! Hast Du Lust auf ein au\u00dfergew\u00f6hnliches Hobby? Probiere es einfach selbst und melde Dich bei uns. Zurzeit sind bei uns leider alle Pl\u00e4tze belegt und es besteht eine Warteliste. Schreib uns gerne trotzdem eine Nachricht \u00fcber das Kontaktformular. Wir setzen Dich [&hellip;]<\/p>\n","protected":false},"author":15,"featured_media":1248,"parent":0,"menu_order":0,"comment_status":"closed","ping_status":"closed","template":"","meta":{"footnotes":""},"class_list":["post-2461","page","type-page","status-publish","has-post-thumbnail","hentry"],"yoast_head":"<!-- This site is optimized with the Yoast SEO plugin v26.7 - https:\/\/yoast.com\/wordpress\/plugins\/seo\/ -->\n<title>Ich will mitmachen! - Freiwillige Feuerwehr Rahlstedt<\/title>\n<meta name=\"robots\" content=\"index, follow, max-snippet:-1, max-image-preview:large, max-video-preview:-1\" \/>\n<link rel=\"canonical\" href=\"https:\/\/www.ff-rahlstedt.de\/?page_id=2461\" \/>\n<meta property=\"og:locale\" content=\"de_DE\" \/>\n<meta property=\"og:type\" content=\"article\" \/>\n<meta property=\"og:title\" content=\"Ich will mitmachen! - Freiwillige Feuerwehr Rahlstedt\" \/>\n<meta property=\"og:description\" content=\"Unsere Minis suchen genau Dich zur Verst\u00e4rkung des Teams! Hast Du Lust auf ein au\u00dfergew\u00f6hnliches Hobby? Probiere es einfach selbst und melde Dich bei uns. Zurzeit sind bei uns leider alle Pl\u00e4tze belegt und es besteht eine Warteliste. Schreib uns gerne trotzdem eine Nachricht \u00fcber das Kontaktformular. Wir setzen Dich [&hellip;]\" \/>\n<meta property=\"og:url\" content=\"https:\/\/www.ff-rahlstedt.de\/?page_id=2461\" \/>\n<meta property=\"og:site_name\" content=\"Freiwillige Feuerwehr Rahlstedt\" \/>\n<meta property=\"article:modified_time\" content=\"2025-11-21T13:17:00+00:00\" \/>\n<meta property=\"og:image\" content=\"https:\/\/www.ff-rahlstedt.de\/wp-content\/uploads\/2020\/10\/Banner-Homepage-3.jpg\" \/>\n\t<meta property=\"og:image:width\" content=\"2550\" \/>\n\t<meta property=\"og:image:height\" content=\"360\" \/>\n\t<meta property=\"og:image:type\" content=\"image\/jpeg\" \/>\n<meta name=\"twitter:card\" content=\"summary_large_image\" \/>\n<meta name=\"twitter:label1\" content=\"Gesch\u00e4tzte Lesezeit\" \/>\n\t<meta name=\"twitter:data1\" content=\"1\u00a0Minute\" \/>\n<script type=\"application\/ld+json\" class=\"yoast-schema-graph\">{\"@context\":\"https:\/\/schema.org\",\"@graph\":[{\"@type\":\"WebPage\",\"@id\":\"https:\/\/www.ff-rahlstedt.de\/?page_id=2461\",\"url\":\"https:\/\/www.ff-rahlstedt.de\/?page_id=2461\",\"name\":\"Ich will mitmachen! - Freiwillige Feuerwehr Rahlstedt\",\"isPartOf\":{\"@id\":\"https:\/\/www.ff-rahlstedt.de\/#website\"},\"primaryImageOfPage\":{\"@id\":\"https:\/\/www.ff-rahlstedt.de\/?page_id=2461#primaryimage\"},\"image\":{\"@id\":\"https:\/\/www.ff-rahlstedt.de\/?page_id=2461#primaryimage\"},\"thumbnailUrl\":\"https:\/\/www.ff-rahlstedt.de\/wp-content\/uploads\/2020\/10\/Banner-Homepage-3.jpg\",\"datePublished\":\"2025-11-05T14:16:45+00:00\",\"dateModified\":\"2025-11-21T13:17:00+00:00\",\"breadcrumb\":{\"@id\":\"https:\/\/www.ff-rahlstedt.de\/?page_id=2461#breadcrumb\"},\"inLanguage\":\"de\",\"potentialAction\":[{\"@type\":\"ReadAction\",\"target\":[\"https:\/\/www.ff-rahlstedt.de\/?page_id=2461\"]}]},{\"@type\":\"ImageObject\",\"inLanguage\":\"de\",\"@id\":\"https:\/\/www.ff-rahlstedt.de\/?page_id=2461#primaryimage\",\"url\":\"https:\/\/www.ff-rahlstedt.de\/wp-content\/uploads\/2020\/10\/Banner-Homepage-3.jpg\",\"contentUrl\":\"https:\/\/www.ff-rahlstedt.de\/wp-content\/uploads\/2020\/10\/Banner-Homepage-3.jpg\",\"width\":2550,\"height\":360},{\"@type\":\"BreadcrumbList\",\"@id\":\"https:\/\/www.ff-rahlstedt.de\/?page_id=2461#breadcrumb\",\"itemListElement\":[{\"@type\":\"ListItem\",\"position\":1,\"name\":\"Startseite\",\"item\":\"https:\/\/www.ff-rahlstedt.de\/\"},{\"@type\":\"ListItem\",\"position\":2,\"name\":\"Ich will mitmachen!\"}]},{\"@type\":\"WebSite\",\"@id\":\"https:\/\/www.ff-rahlstedt.de\/#website\",\"url\":\"https:\/\/www.ff-rahlstedt.de\/\",\"name\":\"Freiwillige Feuerwehr Rahlstedt\",\"description\":\"\",\"publisher\":{\"@id\":\"https:\/\/www.ff-rahlstedt.de\/#organization\"},\"potentialAction\":[{\"@type\":\"SearchAction\",\"target\":{\"@type\":\"EntryPoint\",\"urlTemplate\":\"https:\/\/www.ff-rahlstedt.de\/?s={search_term_string}\"},\"query-input\":{\"@type\":\"PropertyValueSpecification\",\"valueRequired\":true,\"valueName\":\"search_term_string\"}}],\"inLanguage\":\"de\"},{\"@type\":\"Organization\",\"@id\":\"https:\/\/www.ff-rahlstedt.de\/#organization\",\"name\":\"Freiwillige Feuerwehr Rahlstedt\",\"url\":\"https:\/\/www.ff-rahlstedt.de\/\",\"logo\":{\"@type\":\"ImageObject\",\"inLanguage\":\"de\",\"@id\":\"https:\/\/www.ff-rahlstedt.de\/#\/schema\/logo\/image\/\",\"url\":\"https:\/\/www.ff-rahlstedt.de\/wp-content\/uploads\/2020\/09\/cropped-Logo-1.png\",\"contentUrl\":\"https:\/\/www.ff-rahlstedt.de\/wp-content\/uploads\/2020\/09\/cropped-Logo-1.png\",\"width\":776,\"height\":777,\"caption\":\"Freiwillige Feuerwehr Rahlstedt\"},\"image\":{\"@id\":\"https:\/\/www.ff-rahlstedt.de\/#\/schema\/logo\/image\/\"}}]}<\/script>\n<!-- \/ Yoast SEO plugin. -->","yoast_head_json":{"title":"Ich will mitmachen! - Freiwillige Feuerwehr Rahlstedt","robots":{"index":"index","follow":"follow","max-snippet":"max-snippet:-1","max-image-preview":"max-image-preview:large","max-video-preview":"max-video-preview:-1"},"canonical":"https:\/\/www.ff-rahlstedt.de\/?page_id=2461","og_locale":"de_DE","og_type":"article","og_title":"Ich will mitmachen! - Freiwillige Feuerwehr Rahlstedt","og_description":"Unsere Minis suchen genau Dich zur Verst\u00e4rkung des Teams! Hast Du Lust auf ein au\u00dfergew\u00f6hnliches Hobby? Probiere es einfach selbst und melde Dich bei uns. Zurzeit sind bei uns leider alle Pl\u00e4tze belegt und es besteht eine Warteliste. Schreib uns gerne trotzdem eine Nachricht \u00fcber das Kontaktformular. Wir setzen Dich [&hellip;]","og_url":"https:\/\/www.ff-rahlstedt.de\/?page_id=2461","og_site_name":"Freiwillige Feuerwehr Rahlstedt","article_modified_time":"2025-11-21T13:17:00+00:00","og_image":[{"width":2550,"height":360,"url":"https:\/\/www.ff-rahlstedt.de\/wp-content\/uploads\/2020\/10\/Banner-Homepage-3.jpg","type":"image\/jpeg"}],"twitter_card":"summary_large_image","twitter_misc":{"Gesch\u00e4tzte Lesezeit":"1\u00a0Minute"},"schema":{"@context":"https:\/\/schema.org","@graph":[{"@type":"WebPage","@id":"https:\/\/www.ff-rahlstedt.de\/?page_id=2461","url":"https:\/\/www.ff-rahlstedt.de\/?page_id=2461","name":"Ich will mitmachen! - Freiwillige Feuerwehr Rahlstedt","isPartOf":{"@id":"https:\/\/www.ff-rahlstedt.de\/#website"},"primaryImageOfPage":{"@id":"https:\/\/www.ff-rahlstedt.de\/?page_id=2461#primaryimage"},"image":{"@id":"https:\/\/www.ff-rahlstedt.de\/?page_id=2461#primaryimage"},"thumbnailUrl":"https:\/\/www.ff-rahlstedt.de\/wp-content\/uploads\/2020\/10\/Banner-Homepage-3.jpg","datePublished":"2025-11-05T14:16:45+00:00","dateModified":"2025-11-21T13:17:00+00:00","breadcrumb":{"@id":"https:\/\/www.ff-rahlstedt.de\/?page_id=2461#breadcrumb"},"inLanguage":"de","potentialAction":[{"@type":"ReadAction","target":["https:\/\/www.ff-rahlstedt.de\/?page_id=2461"]}]},{"@type":"ImageObject","inLanguage":"de","@id":"https:\/\/www.ff-rahlstedt.de\/?page_id=2461#primaryimage","url":"https:\/\/www.ff-rahlstedt.de\/wp-content\/uploads\/2020\/10\/Banner-Homepage-3.jpg","contentUrl":"https:\/\/www.ff-rahlstedt.de\/wp-content\/uploads\/2020\/10\/Banner-Homepage-3.jpg","width":2550,"height":360},{"@type":"BreadcrumbList","@id":"https:\/\/www.ff-rahlstedt.de\/?page_id=2461#breadcrumb","itemListElement":[{"@type":"ListItem","position":1,"name":"Startseite","item":"https:\/\/www.ff-rahlstedt.de\/"},{"@type":"ListItem","position":2,"name":"Ich will mitmachen!"}]},{"@type":"WebSite","@id":"https:\/\/www.ff-rahlstedt.de\/#website","url":"https:\/\/www.ff-rahlstedt.de\/","name":"Freiwillige Feuerwehr Rahlstedt","description":"","publisher":{"@id":"https:\/\/www.ff-rahlstedt.de\/#organization"},"potentialAction":[{"@type":"SearchAction","target":{"@type":"EntryPoint","urlTemplate":"https:\/\/www.ff-rahlstedt.de\/?s={search_term_string}"},"query-input":{"@type":"PropertyValueSpecification","valueRequired":true,"valueName":"search_term_string"}}],"inLanguage":"de"},{"@type":"Organization","@id":"https:\/\/www.ff-rahlstedt.de\/#organization","name":"Freiwillige Feuerwehr Rahlstedt","url":"https:\/\/www.ff-rahlstedt.de\/","logo":{"@type":"ImageObject","inLanguage":"de","@id":"https:\/\/www.ff-rahlstedt.de\/#\/schema\/logo\/image\/","url":"https:\/\/www.ff-rahlstedt.de\/wp-content\/uploads\/2020\/09\/cropped-Logo-1.png","contentUrl":"https:\/\/www.ff-rahlstedt.de\/wp-content\/uploads\/2020\/09\/cropped-Logo-1.png","width":776,"height":777,"caption":"Freiwillige Feuerwehr Rahlstedt"},"image":{"@id":"https:\/\/www.ff-rahlstedt.de\/#\/schema\/logo\/image\/"}}]}},"_links":{"self":[{"href":"https:\/\/www.ff-rahlstedt.de\/index.php?rest_route=\/wp\/v2\/pages\/2461","targetHints":{"allow":["GET"]}}],"collection":[{"href":"https:\/\/www.ff-rahlstedt.de\/index.php?rest_route=\/wp\/v2\/pages"}],"about":[{"href":"https:\/\/www.ff-rahlstedt.de\/index.php?rest_route=\/wp\/v2\/types\/page"}],"author":[{"embeddable":true,"href":"https:\/\/www.ff-rahlstedt.de\/index.php?rest_route=\/wp\/v2\/users\/15"}],"replies":[{"embeddable":true,"href":"https:\/\/www.ff-rahlstedt.de\/index.php?rest_route=%2Fwp%2Fv2%2Fcomments&post=2461"}],"version-history":[{"count":14,"href":"https:\/\/www.ff-rahlstedt.de\/index.php?rest_route=\/wp\/v2\/pages\/2461\/revisions"}],"predecessor-version":[{"id":2520,"href":"https:\/\/www.ff-rahlstedt.de\/index.php?rest_route=\/wp\/v2\/pages\/2461\/revisions\/2520"}],"wp:featuredmedia":[{"embeddable":true,"href":"https:\/\/www.ff-rahlstedt.de\/index.php?rest_route=\/wp\/v2\/media\/1248"}],"wp:attachment":[{"href":"https:\/\/www.ff-rahlstedt.de\/index.php?rest_route=%2Fwp%2Fv2%2Fmedia&parent=2461"}],"curies":[{"name":"wp","href":"https:\/\/api.w.org\/{rel}","templated":true}]}}