{"id":2648,"date":"2026-02-23T17:16:27","date_gmt":"2026-02-23T16:16:27","guid":{"rendered":"https:\/\/www.ff-rahlstedt.de\/?page_id=2648"},"modified":"2026-04-09T15:33:30","modified_gmt":"2026-04-09T13:33:30","slug":"ehrenabteilung","status":"publish","type":"page","link":"https:\/\/www.ff-rahlstedt.de\/?page_id=2648","title":{"rendered":"Ehrenabteilung"},"content":{"rendered":"\n<figure class=\"wp-block-image size-large\"><img fetchpriority=\"high\" decoding=\"async\" width=\"1024\" height=\"714\" src=\"https:\/\/www.ff-rahlstedt.de\/wp-content\/uploads\/2026\/02\/WhatsApp-Image-2026-02-11-at-10.58.59-1024x714.jpeg\" alt=\"\" class=\"wp-image-2649\" srcset=\"https:\/\/www.ff-rahlstedt.de\/wp-content\/uploads\/2026\/02\/WhatsApp-Image-2026-02-11-at-10.58.59-1024x714.jpeg 1024w, https:\/\/www.ff-rahlstedt.de\/wp-content\/uploads\/2026\/02\/WhatsApp-Image-2026-02-11-at-10.58.59-300x209.jpeg 300w, https:\/\/www.ff-rahlstedt.de\/wp-content\/uploads\/2026\/02\/WhatsApp-Image-2026-02-11-at-10.58.59-768x535.jpeg 768w, https:\/\/www.ff-rahlstedt.de\/wp-content\/uploads\/2026\/02\/WhatsApp-Image-2026-02-11-at-10.58.59-1536x1070.jpeg 1536w, https:\/\/www.ff-rahlstedt.de\/wp-content\/uploads\/2026\/02\/WhatsApp-Image-2026-02-11-at-10.58.59.jpeg 1600w\" sizes=\"(max-width: 1024px) 100vw, 1024px\" \/><\/figure>\n\n\n\n<p><\/p>\n\n\n\n<p>Die Ehrenabteilung der Freiwilligen Feuerwehr Rahlstedt besteht aus Kameraden, die sich \u00fcber viele Jahre hinweg aktiv und engagiert in den Dienst der Feuerwehr und damit in den Dienst der Allgemeinheit gestellt haben. Mit Vollendung des 62. Lebensjahres endet die aktive Zugeh\u00f6rigkeit zur Einsatzabteilung \u2013 nicht jedoch die Verbundenheit zur Feuerwehr.<br>Unsere Mitglieder der Ehrenabteilung blicken auf jahrzehntelange Erfahrung, zahlreiche Eins\u00e4tze, \u00dcbungen und gemeinsame Veranstaltungen zur\u00fcck. Sie haben die Entwicklung unserer Wehr ma\u00dfgeblich mitgepr\u00e4gt, stehen f\u00fcr Kameradschaft, Verl\u00e4sslichkeit und gelebtes Ehrenamt und haben dem Stadtteil Rahlstedt und somit der Stadt Hamburg ihren Dienst erwiesen.<br>Auch wenn sie nicht mehr am Einsatzdienst teilnehmen, bleiben sie ein wichtiger Teil unserer Feuerwehrgemeinschaft. Sie unterst\u00fctzen das Wehrleben, nehmen an Veranstaltungen teil und bereichern uns mit ihrem Erfahrungsschatz und ihrer Verbundenheit zur Freiwilligen Feuerwehr Rahlstedt.<br>Die Ehrenabteilung ist Ausdruck unserer Wertsch\u00e4tzung f\u00fcr langj\u00e4hrigen Einsatz und gelebte Kameradschaft \u2013 denn Feuerwehr ist mehr als ein Dienst: Sie ist eine Gemeinschaft f\u00fcrs Leben.<\/p>\n\n\n\n<p><strong>Mitglieder:<\/strong><\/p>\n\n\n\n<figure class=\"wp-block-pullquote\"><blockquote><p>Uwe Langstedt<br>Mitglied seit 1957<\/p><\/blockquote><\/figure>\n\n\n\n<figure class=\"wp-block-pullquote\"><blockquote><p>Hauptbrandmeister Wolfgang Wauer<br>Mitglied seit 1958<\/p><\/blockquote><\/figure>\n\n\n\n<figure class=\"wp-block-pullquote\"><blockquote><p>Hauptbrandmeister Siegfried Biernatzky<br>Mitglied seit 1962<\/p><\/blockquote><\/figure>\n\n\n\n<figure class=\"wp-block-pullquote\"><blockquote><p>Brandinspektor J\u00fcrgen Schmidt<br>ehemaliger Wehrf\u00fchrer 1986-1992<br>Mitglied seit 1963<\/p><\/blockquote><\/figure>\n\n\n\n<figure class=\"wp-block-pullquote\"><blockquote><p>Reinhard Seyer<br>Mitglied seit 1965<\/p><\/blockquote><\/figure>\n\n\n\n<figure class=\"wp-block-pullquote\"><blockquote><p>Karl-Heinz Osternack<br>Mitglied seit 1970<\/p><\/blockquote><\/figure>\n\n\n\n<figure class=\"wp-block-pullquote\"><blockquote><p>Brandinspektor J\u00fcrgen Kokott<br>ehemaliger Wehrf\u00fchrer 1996-2008 &amp; Stv. Bereichsf\u00fchrer<br>Mitglied seit 1979<\/p><\/blockquote><\/figure>\n\n\n\n<figure class=\"wp-block-pullquote\"><blockquote><p>Brandinspektor Jens M\u00f6rters<br>ehemaliger Wehrf\u00fchrer 1992-1996<br>Mitglied seit 1980<\/p><\/blockquote><\/figure>\n\n\n\n<figure class=\"wp-block-pullquote\"><blockquote><p>Brandinspektor Rainer Kottmann<br>ehemaliger Wehrf\u00fchrer 1996-2001<br>Mitglied seit 1993<\/p><\/blockquote><\/figure>\n\n\n\n<figure class=\"wp-block-pullquote\"><blockquote><p>Andreas Stricker<br>Mitglied seit 1995<\/p><\/blockquote><\/figure>\n\n\n\n<figure class=\"wp-block-pullquote\"><blockquote><p>Klaus Dieter Korthals<br>Mitgleid seit 1996<\/p><\/blockquote><\/figure>\n\n\n\n<figure class=\"wp-block-pullquote\"><blockquote><p>Brandinspektor Tobias Schirk<br>ehemaliger Wehrf\u00fchrer 2012-2013<br>Mitglied seit 2007<\/p><\/blockquote><\/figure>\n","protected":false},"excerpt":{"rendered":"<p>Die Ehrenabteilung der Freiwilligen Feuerwehr Rahlstedt besteht aus Kameraden, die sich \u00fcber viele Jahre hinweg aktiv und engagiert in den Dienst der Feuerwehr und damit in den Dienst der Allgemeinheit gestellt haben. Mit Vollendung des 62. Lebensjahres endet die aktive Zugeh\u00f6rigkeit zur Einsatzabteilung \u2013 nicht jedoch die Verbundenheit zur Feuerwehr.Unsere [&hellip;]<\/p>\n","protected":false},"author":15,"featured_media":0,"parent":0,"menu_order":0,"comment_status":"closed","ping_status":"closed","template":"","meta":{"footnotes":""},"class_list":["post-2648","page","type-page","status-publish","hentry"],"yoast_head":"<!-- This site is optimized with the Yoast SEO plugin v26.7 - https:\/\/yoast.com\/wordpress\/plugins\/seo\/ -->\n<title>Ehrenabteilung - Freiwillige Feuerwehr Rahlstedt<\/title>\n<meta name=\"robots\" content=\"index, follow, max-snippet:-1, max-image-preview:large, max-video-preview:-1\" \/>\n<link rel=\"canonical\" href=\"https:\/\/www.ff-rahlstedt.de\/?page_id=2648\" \/>\n<meta property=\"og:locale\" content=\"de_DE\" \/>\n<meta property=\"og:type\" content=\"article\" \/>\n<meta property=\"og:title\" content=\"Ehrenabteilung - Freiwillige Feuerwehr Rahlstedt\" \/>\n<meta property=\"og:description\" content=\"Die Ehrenabteilung der Freiwilligen Feuerwehr Rahlstedt besteht aus Kameraden, die sich \u00fcber viele Jahre hinweg aktiv und engagiert in den Dienst der Feuerwehr und damit in den Dienst der Allgemeinheit gestellt haben. Mit Vollendung des 62. Lebensjahres endet die aktive Zugeh\u00f6rigkeit zur Einsatzabteilung \u2013 nicht jedoch die Verbundenheit zur Feuerwehr.Unsere [&hellip;]\" \/>\n<meta property=\"og:url\" content=\"https:\/\/www.ff-rahlstedt.de\/?page_id=2648\" \/>\n<meta property=\"og:site_name\" content=\"Freiwillige Feuerwehr Rahlstedt\" \/>\n<meta property=\"article:modified_time\" content=\"2026-04-09T13:33:30+00:00\" \/>\n<meta property=\"og:image\" content=\"https:\/\/www.ff-rahlstedt.de\/wp-content\/uploads\/2026\/02\/WhatsApp-Image-2026-02-11-at-10.58.59.jpeg\" \/>\n\t<meta property=\"og:image:width\" content=\"1600\" \/>\n\t<meta property=\"og:image:height\" content=\"1115\" \/>\n\t<meta property=\"og:image:type\" content=\"image\/jpeg\" \/>\n<meta name=\"twitter:card\" content=\"summary_large_image\" \/>\n<meta name=\"twitter:label1\" content=\"Gesch\u00e4tzte Lesezeit\" \/>\n\t<meta name=\"twitter:data1\" content=\"2\u00a0Minuten\" \/>\n<script type=\"application\/ld+json\" class=\"yoast-schema-graph\">{\"@context\":\"https:\/\/schema.org\",\"@graph\":[{\"@type\":\"WebPage\",\"@id\":\"https:\/\/www.ff-rahlstedt.de\/?page_id=2648\",\"url\":\"https:\/\/www.ff-rahlstedt.de\/?page_id=2648\",\"name\":\"Ehrenabteilung - Freiwillige Feuerwehr Rahlstedt\",\"isPartOf\":{\"@id\":\"https:\/\/www.ff-rahlstedt.de\/#website\"},\"primaryImageOfPage\":{\"@id\":\"https:\/\/www.ff-rahlstedt.de\/?page_id=2648#primaryimage\"},\"image\":{\"@id\":\"https:\/\/www.ff-rahlstedt.de\/?page_id=2648#primaryimage\"},\"thumbnailUrl\":\"https:\/\/www.ff-rahlstedt.de\/wp-content\/uploads\/2026\/02\/WhatsApp-Image-2026-02-11-at-10.58.59-1024x714.jpeg\",\"datePublished\":\"2026-02-23T16:16:27+00:00\",\"dateModified\":\"2026-04-09T13:33:30+00:00\",\"breadcrumb\":{\"@id\":\"https:\/\/www.ff-rahlstedt.de\/?page_id=2648#breadcrumb\"},\"inLanguage\":\"de\",\"potentialAction\":[{\"@type\":\"ReadAction\",\"target\":[\"https:\/\/www.ff-rahlstedt.de\/?page_id=2648\"]}]},{\"@type\":\"ImageObject\",\"inLanguage\":\"de\",\"@id\":\"https:\/\/www.ff-rahlstedt.de\/?page_id=2648#primaryimage\",\"url\":\"https:\/\/www.ff-rahlstedt.de\/wp-content\/uploads\/2026\/02\/WhatsApp-Image-2026-02-11-at-10.58.59.jpeg\",\"contentUrl\":\"https:\/\/www.ff-rahlstedt.de\/wp-content\/uploads\/2026\/02\/WhatsApp-Image-2026-02-11-at-10.58.59.jpeg\",\"width\":1600,\"height\":1115},{\"@type\":\"BreadcrumbList\",\"@id\":\"https:\/\/www.ff-rahlstedt.de\/?page_id=2648#breadcrumb\",\"itemListElement\":[{\"@type\":\"ListItem\",\"position\":1,\"name\":\"Startseite\",\"item\":\"https:\/\/www.ff-rahlstedt.de\/\"},{\"@type\":\"ListItem\",\"position\":2,\"name\":\"Ehrenabteilung\"}]},{\"@type\":\"WebSite\",\"@id\":\"https:\/\/www.ff-rahlstedt.de\/#website\",\"url\":\"https:\/\/www.ff-rahlstedt.de\/\",\"name\":\"Freiwillige Feuerwehr Rahlstedt\",\"description\":\"\",\"publisher\":{\"@id\":\"https:\/\/www.ff-rahlstedt.de\/#organization\"},\"potentialAction\":[{\"@type\":\"SearchAction\",\"target\":{\"@type\":\"EntryPoint\",\"urlTemplate\":\"https:\/\/www.ff-rahlstedt.de\/?s={search_term_string}\"},\"query-input\":{\"@type\":\"PropertyValueSpecification\",\"valueRequired\":true,\"valueName\":\"search_term_string\"}}],\"inLanguage\":\"de\"},{\"@type\":\"Organization\",\"@id\":\"https:\/\/www.ff-rahlstedt.de\/#organization\",\"name\":\"Freiwillige Feuerwehr Rahlstedt\",\"url\":\"https:\/\/www.ff-rahlstedt.de\/\",\"logo\":{\"@type\":\"ImageObject\",\"inLanguage\":\"de\",\"@id\":\"https:\/\/www.ff-rahlstedt.de\/#\/schema\/logo\/image\/\",\"url\":\"https:\/\/www.ff-rahlstedt.de\/wp-content\/uploads\/2020\/09\/cropped-Logo-1.png\",\"contentUrl\":\"https:\/\/www.ff-rahlstedt.de\/wp-content\/uploads\/2020\/09\/cropped-Logo-1.png\",\"width\":776,\"height\":777,\"caption\":\"Freiwillige Feuerwehr Rahlstedt\"},\"image\":{\"@id\":\"https:\/\/www.ff-rahlstedt.de\/#\/schema\/logo\/image\/\"}}]}<\/script>\n<!-- \/ Yoast SEO plugin. -->","yoast_head_json":{"title":"Ehrenabteilung - Freiwillige Feuerwehr Rahlstedt","robots":{"index":"index","follow":"follow","max-snippet":"max-snippet:-1","max-image-preview":"max-image-preview:large","max-video-preview":"max-video-preview:-1"},"canonical":"https:\/\/www.ff-rahlstedt.de\/?page_id=2648","og_locale":"de_DE","og_type":"article","og_title":"Ehrenabteilung - Freiwillige Feuerwehr Rahlstedt","og_description":"Die Ehrenabteilung der Freiwilligen Feuerwehr Rahlstedt besteht aus Kameraden, die sich \u00fcber viele Jahre hinweg aktiv und engagiert in den Dienst der Feuerwehr und damit in den Dienst der Allgemeinheit gestellt haben. Mit Vollendung des 62. Lebensjahres endet die aktive Zugeh\u00f6rigkeit zur Einsatzabteilung \u2013 nicht jedoch die Verbundenheit zur Feuerwehr.Unsere [&hellip;]","og_url":"https:\/\/www.ff-rahlstedt.de\/?page_id=2648","og_site_name":"Freiwillige Feuerwehr Rahlstedt","article_modified_time":"2026-04-09T13:33:30+00:00","og_image":[{"width":1600,"height":1115,"url":"https:\/\/www.ff-rahlstedt.de\/wp-content\/uploads\/2026\/02\/WhatsApp-Image-2026-02-11-at-10.58.59.jpeg","type":"image\/jpeg"}],"twitter_card":"summary_large_image","twitter_misc":{"Gesch\u00e4tzte Lesezeit":"2\u00a0Minuten"},"schema":{"@context":"https:\/\/schema.org","@graph":[{"@type":"WebPage","@id":"https:\/\/www.ff-rahlstedt.de\/?page_id=2648","url":"https:\/\/www.ff-rahlstedt.de\/?page_id=2648","name":"Ehrenabteilung - Freiwillige Feuerwehr Rahlstedt","isPartOf":{"@id":"https:\/\/www.ff-rahlstedt.de\/#website"},"primaryImageOfPage":{"@id":"https:\/\/www.ff-rahlstedt.de\/?page_id=2648#primaryimage"},"image":{"@id":"https:\/\/www.ff-rahlstedt.de\/?page_id=2648#primaryimage"},"thumbnailUrl":"https:\/\/www.ff-rahlstedt.de\/wp-content\/uploads\/2026\/02\/WhatsApp-Image-2026-02-11-at-10.58.59-1024x714.jpeg","datePublished":"2026-02-23T16:16:27+00:00","dateModified":"2026-04-09T13:33:30+00:00","breadcrumb":{"@id":"https:\/\/www.ff-rahlstedt.de\/?page_id=2648#breadcrumb"},"inLanguage":"de","potentialAction":[{"@type":"ReadAction","target":["https:\/\/www.ff-rahlstedt.de\/?page_id=2648"]}]},{"@type":"ImageObject","inLanguage":"de","@id":"https:\/\/www.ff-rahlstedt.de\/?page_id=2648#primaryimage","url":"https:\/\/www.ff-rahlstedt.de\/wp-content\/uploads\/2026\/02\/WhatsApp-Image-2026-02-11-at-10.58.59.jpeg","contentUrl":"https:\/\/www.ff-rahlstedt.de\/wp-content\/uploads\/2026\/02\/WhatsApp-Image-2026-02-11-at-10.58.59.jpeg","width":1600,"height":1115},{"@type":"BreadcrumbList","@id":"https:\/\/www.ff-rahlstedt.de\/?page_id=2648#breadcrumb","itemListElement":[{"@type":"ListItem","position":1,"name":"Startseite","item":"https:\/\/www.ff-rahlstedt.de\/"},{"@type":"ListItem","position":2,"name":"Ehrenabteilung"}]},{"@type":"WebSite","@id":"https:\/\/www.ff-rahlstedt.de\/#website","url":"https:\/\/www.ff-rahlstedt.de\/","name":"Freiwillige Feuerwehr Rahlstedt","description":"","publisher":{"@id":"https:\/\/www.ff-rahlstedt.de\/#organization"},"potentialAction":[{"@type":"SearchAction","target":{"@type":"EntryPoint","urlTemplate":"https:\/\/www.ff-rahlstedt.de\/?s={search_term_string}"},"query-input":{"@type":"PropertyValueSpecification","valueRequired":true,"valueName":"search_term_string"}}],"inLanguage":"de"},{"@type":"Organization","@id":"https:\/\/www.ff-rahlstedt.de\/#organization","name":"Freiwillige Feuerwehr Rahlstedt","url":"https:\/\/www.ff-rahlstedt.de\/","logo":{"@type":"ImageObject","inLanguage":"de","@id":"https:\/\/www.ff-rahlstedt.de\/#\/schema\/logo\/image\/","url":"https:\/\/www.ff-rahlstedt.de\/wp-content\/uploads\/2020\/09\/cropped-Logo-1.png","contentUrl":"https:\/\/www.ff-rahlstedt.de\/wp-content\/uploads\/2020\/09\/cropped-Logo-1.png","width":776,"height":777,"caption":"Freiwillige Feuerwehr Rahlstedt"},"image":{"@id":"https:\/\/www.ff-rahlstedt.de\/#\/schema\/logo\/image\/"}}]}},"_links":{"self":[{"href":"https:\/\/www.ff-rahlstedt.de\/index.php?rest_route=\/wp\/v2\/pages\/2648","targetHints":{"allow":["GET"]}}],"collection":[{"href":"https:\/\/www.ff-rahlstedt.de\/index.php?rest_route=\/wp\/v2\/pages"}],"about":[{"href":"https:\/\/www.ff-rahlstedt.de\/index.php?rest_route=\/wp\/v2\/types\/page"}],"author":[{"embeddable":true,"href":"https:\/\/www.ff-rahlstedt.de\/index.php?rest_route=\/wp\/v2\/users\/15"}],"replies":[{"embeddable":true,"href":"https:\/\/www.ff-rahlstedt.de\/index.php?rest_route=%2Fwp%2Fv2%2Fcomments&post=2648"}],"version-history":[{"count":2,"href":"https:\/\/www.ff-rahlstedt.de\/index.php?rest_route=\/wp\/v2\/pages\/2648\/revisions"}],"predecessor-version":[{"id":2716,"href":"https:\/\/www.ff-rahlstedt.de\/index.php?rest_route=\/wp\/v2\/pages\/2648\/revisions\/2716"}],"wp:attachment":[{"href":"https:\/\/www.ff-rahlstedt.de\/index.php?rest_route=%2Fwp%2Fv2%2Fmedia&parent=2648"}],"curies":[{"name":"wp","href":"https:\/\/api.w.org\/{rel}","templated":true}]}}