{"id":452,"date":"2020-09-24T20:32:10","date_gmt":"2020-09-24T18:32:10","guid":{"rendered":"https:\/\/ff-rahlstedt.de\/?page_id=452"},"modified":"2026-02-28T15:23:24","modified_gmt":"2026-02-28T14:23:24","slug":"der-foerderverein","status":"publish","type":"page","link":"https:\/\/www.ff-rahlstedt.de\/?page_id=452","title":{"rendered":"Der F\u00f6rderverein"},"content":{"rendered":"\n<div class=\"wp-block-media-text is-stacked-on-mobile\" style=\"grid-template-columns:16% auto\"><figure class=\"wp-block-media-text__media\"><img fetchpriority=\"high\" decoding=\"async\" width=\"348\" height=\"349\" src=\"https:\/\/www.ff-rahlstedt.de\/wp-content\/uploads\/2026\/02\/Foev-logo.jpg\" alt=\"\" class=\"wp-image-2677 size-full\" srcset=\"https:\/\/www.ff-rahlstedt.de\/wp-content\/uploads\/2026\/02\/Foev-logo.jpg 348w, https:\/\/www.ff-rahlstedt.de\/wp-content\/uploads\/2026\/02\/Foev-logo-300x300.jpg 300w, https:\/\/www.ff-rahlstedt.de\/wp-content\/uploads\/2026\/02\/Foev-logo-150x150.jpg 150w\" sizes=\"(max-width: 348px) 100vw, 348px\" \/><\/figure><div class=\"wp-block-media-text__content\">\n<p>Hallo und willkommen<\/p>\n\n\n\n<p>auf den Seiten des F\u00f6rdervereines f\u00fcr die Freiwillige Feuerwehr Rahlstedt (FF) mit ihren Abteilungen: Einsatzabteilung, Jugendfeuerwehr, Minifeuerwehr und Ehrenabteilung:<\/p>\n<\/div><\/div>\n\n\n\n<p class=\"has-text-align-center\"><strong>Feuerwehrfreunde Rahlstedt e.V.<\/strong><\/p>\n\n\n\n<p>Die Freiwillige Feuerwehr in Hamburg geh\u00f6rt zur Beh\u00f6rde f\u00fcr Inneres und Sport. Alles f\u00fcr den \u201enormalen\u201c Dienstbetrieb wird gestellt, wie Feuerwehrh\u00e4user, L\u00f6sch- und Spezialfahrzeuge, die Ausr\u00fcstungen und vieles anderes mehr, aber es gibt Bereiche, die von der \u00f6ffentlichen Hand nicht finanziert werden. Als einfaches Beispiel: Sie lesen gerade auf der Website der Freiwilligen Feuerwehr Rahlstedt und diese Website wird bezahlt vom F\u00f6rderverein Feuerwehrfreunde Rahlstedt e.V.! Der Internetauftritt, auch der in den sozialen Netzwerken, wird also von der Beh\u00f6rde nicht finanziert. Und dieses ist nur das geringste, alles Weitere was \u00fcber den Haushalt der Beh\u00f6rde nicht bezahlt wird, kann das Ehrenamt durch F\u00f6rderungen erhalten, wie durch einen F\u00f6rderverein. Hier in Rahlstedt wurde im Jahre 2009 der F\u00f6rderverein Feuerwehrfreunde Rahlstedt e.V. gegr\u00fcndet. Aus der Satzung k\u00f6nnen Sie z.B. die Aufgaben\/Vereinszwecke entnehmen, wie: <em>Unterst\u00fctzung bei der Instandhaltung des Feuerwehrhauses, Unterst\u00fctzung der Wehrmitglieder bei gemeinsamen Veranstaltungen sowie die Beschaffung von Mitteln f\u00fcr die F\u00f6rderung des Feuerschutzes.<\/em><\/p>\n\n\n\n<p><em>Dieses betrifft auch den ganzen Bereich Jugendarbeit in unserer Feuerwehr.<br><\/em>Gerade unsere Jugendfeuerwehr ist sehr erfolgreich und ist damit mehr als nur eine Nachwuchsorganisation.<\/p>\n\n\n\n<p><em>Und damit sind wir wieder beim Thema: Geld\u2026\u2026 Wie finanziert sich der F\u00f6rderverein hier in Rahlstedt? Durch Spenden und \/ oder aktive \/ passive Mitgliedschaft und unserem traditionellen Weihnachtsbaumverkauf jedes Jahr am 3. Adventssonntag.<\/em><\/p>\n\n\n\n<p><em>Der Verein <strong>Feuerwehrfreunde Rahlstedt e.V.<\/strong> ist beim Vereinsregister des Amtsgerichtes Hamburg Nr.20591 eingetragen und ist gem\u00e4\u00df Finanzamt HH-Nord StNr. 17\/440\/15975 gemeinn\u00fctzig.<\/em><\/p>\n\n\n\n<p><em>Als Beispiele unterst\u00fctzt der Verein unsere Rahlstedter Wehr satzungsgem\u00e4\u00df wie:<\/em><\/p>\n\n\n\n<ul class=\"wp-block-list\">\n<li>Gestellung und Betrieb eines Mannschaftstransporters f\u00fcr alle Abteilungen der FF Rahlstedt<\/li>\n\n\n\n<li>Mitfinanzierung eines Ausbildungsanh\u00e4ngers f\u00fcr die Jugendfeuerwehr<\/li>\n\n\n\n<li>Unterst\u00fctzung der Jugendfeuerwehr bei Ausfahrten und Pokalveranstaltungen hier in Hamburg und national<\/li>\n\n\n\n<li>Beschaffung von Ger\u00e4tschaften uvam.<\/li>\n<\/ul>\n\n\n\n<p>Die n\u00e4chsten Ziele des F\u00f6rdervereines Feuerwehrfreunde Rahlstedt e.V. sind:<\/p>\n\n\n\n<ul class=\"wp-block-list\">\n<li>Ersatzbeschaffung f\u00fcr den \u00fcber 20 Jahre alten VW-Bus<\/li>\n\n\n\n<li>Unterst\u00fctzung nach Fertigstellung des neuen Ger\u00e4tehauses z.B.: bei der Einrichtung \u00a0uam.<\/li>\n<\/ul>\n\n\n\n<p>So sind wir auf <strong>Ihre Mithilfe<\/strong> angewiesen und w\u00fcrden uns \u00fcber eine Spende \/ Mitgliedschaft freuen. Aufgrund unserer Gemeinn\u00fctzigkeit, ist Ihre Spende \/ Mitgliedschaft f\u00fcr Sie steuerlich absetzbar!<\/p>\n\n\n\n<p class=\"has-text-align-center\"><strong>Sie unterst\u00fctzen damit die Freiwillige Feuerwehr Rahlstedt, d.h. speziell: das Ehrenamt, die Jugendarbeit in der Jugendfeuerwehr \/ Minifeuerwehr.<\/strong><\/p>\n\n\n\n<p>Wir, der Vorstand der Feuerwehrfreunde, sind ehemalige Aktive der FF Rahlstedt und m\u00f6chten Sie auffordern, uns bei der F\u00f6rderung des Ehrenamtes hier in Rahlstedt z.B. mit einer Mitgliedschaft oder einer Spende zu unterst\u00fctzen.<\/p>\n\n\n\n<p>Sprechen Sie uns an, wir sind f\u00fcr Sie da!<\/p>\n\n\n<div class=\"wp-block-image\">\n<figure class=\"aligncenter size-full is-resized\"><img decoding=\"async\" width=\"706\" height=\"889\" src=\"https:\/\/www.ff-rahlstedt.de\/wp-content\/uploads\/2026\/02\/Foev-leitung.jpg\" alt=\"\" class=\"wp-image-2675\" style=\"width:415px;height:auto\" srcset=\"https:\/\/www.ff-rahlstedt.de\/wp-content\/uploads\/2026\/02\/Foev-leitung.jpg 706w, https:\/\/www.ff-rahlstedt.de\/wp-content\/uploads\/2026\/02\/Foev-leitung-238x300.jpg 238w\" sizes=\"(max-width: 706px) 100vw, 706px\" \/><figcaption class=\"wp-element-caption\">Von links Rainer Kottmann (1. Vorsitzender), J\u00fcrgen Kokott (2. Vorsitzender)<\/figcaption><\/figure>\n<\/div>\n\n\n<p>Weitere Informationen finden Sie nachfolgend in den Downloads: (oder schreiben Sie uns an, wir schicken Ihnen das gew\u00fcnschte\u2026..)<\/p>\n\n\n\n<div data-wp-interactive=\"core\/file\" class=\"wp-block-file\"><object data-wp-bind--hidden=\"!state.hasPdfPreview\" hidden class=\"wp-block-file__embed\" data=\"https:\/\/www.ff-rahlstedt.de\/wp-content\/uploads\/2026\/02\/Feuermelder-012026.pdf\" type=\"application\/pdf\" style=\"width:100%;height:600px\" aria-label=\"Einbettung von Feuermelder 012026.\"><\/object><a id=\"wp-block-file--media-042ce063-32bd-4ff1-9a37-d592463bbb84\" href=\"https:\/\/www.ff-rahlstedt.de\/wp-content\/uploads\/2026\/02\/Feuermelder-012026.pdf\">Feuermelder 012026<\/a><a href=\"https:\/\/www.ff-rahlstedt.de\/wp-content\/uploads\/2026\/02\/Feuermelder-012026.pdf\" class=\"wp-block-file__button wp-element-button\" download aria-describedby=\"wp-block-file--media-042ce063-32bd-4ff1-9a37-d592463bbb84\">Herunterladen<\/a><\/div>\n\n\n\n<div data-wp-interactive=\"core\/file\" class=\"wp-block-file\"><object data-wp-bind--hidden=\"!state.hasPdfPreview\" hidden class=\"wp-block-file__embed\" data=\"https:\/\/www.ff-rahlstedt.de\/wp-content\/uploads\/2026\/02\/Beitrittserklaerung2026.pdf\" type=\"application\/pdf\" style=\"width:100%;height:600px\" aria-label=\"Einbettung von Beitrittserkl\u00e4rung2026.\"><\/object><a id=\"wp-block-file--media-924930ec-e916-4ae8-8bcc-c88acf03bc61\" href=\"https:\/\/www.ff-rahlstedt.de\/wp-content\/uploads\/2026\/02\/Beitrittserklaerung2026.pdf\">Beitrittserkl\u00e4rung2026<\/a><a href=\"https:\/\/www.ff-rahlstedt.de\/wp-content\/uploads\/2026\/02\/Beitrittserklaerung2026.pdf\" class=\"wp-block-file__button wp-element-button\" download aria-describedby=\"wp-block-file--media-924930ec-e916-4ae8-8bcc-c88acf03bc61\">Herunterladen<\/a><\/div>\n\n\n\n<div data-wp-interactive=\"core\/file\" class=\"wp-block-file\"><object data-wp-bind--hidden=\"!state.hasPdfPreview\" hidden class=\"wp-block-file__embed\" data=\"https:\/\/www.ff-rahlstedt.de\/wp-content\/uploads\/2026\/02\/Satzung-FoeVerein-2025-ab-25.06.20252.pdf\" type=\"application\/pdf\" style=\"width:100%;height:600px\" aria-label=\"Einbettung von Satzung F\u00f6Verein 2025 ab 25.06.2025.\"><\/object><a id=\"wp-block-file--media-1f411127-d730-42f8-a8ba-10269180c2f7\" href=\"https:\/\/www.ff-rahlstedt.de\/wp-content\/uploads\/2026\/02\/Satzung-FoeVerein-2025-ab-25.06.20252.pdf\">Satzung F\u00f6Verein 2025 ab 25.06.2025<\/a><a href=\"https:\/\/www.ff-rahlstedt.de\/wp-content\/uploads\/2026\/02\/Satzung-FoeVerein-2025-ab-25.06.20252.pdf\" class=\"wp-block-file__button wp-element-button\" download aria-describedby=\"wp-block-file--media-1f411127-d730-42f8-a8ba-10269180c2f7\">Herunterladen<\/a><\/div>\n","protected":false},"excerpt":{"rendered":"<p>Hallo und willkommen auf den Seiten des F\u00f6rdervereines f\u00fcr die Freiwillige Feuerwehr Rahlstedt (FF) mit ihren Abteilungen: Einsatzabteilung, Jugendfeuerwehr, Minifeuerwehr und Ehrenabteilung: Feuerwehrfreunde Rahlstedt e.V. Die Freiwillige Feuerwehr in Hamburg geh\u00f6rt zur Beh\u00f6rde f\u00fcr Inneres und Sport. Alles f\u00fcr den \u201enormalen\u201c Dienstbetrieb wird gestellt, wie Feuerwehrh\u00e4user, L\u00f6sch- und Spezialfahrzeuge, die [&hellip;]<\/p>\n","protected":false},"author":1,"featured_media":1244,"parent":0,"menu_order":0,"comment_status":"closed","ping_status":"closed","template":"","meta":{"footnotes":""},"class_list":["post-452","page","type-page","status-publish","has-post-thumbnail","hentry"],"yoast_head":"<!-- This site is optimized with the Yoast SEO plugin v26.7 - https:\/\/yoast.com\/wordpress\/plugins\/seo\/ -->\n<title>Der F\u00f6rderverein - Freiwillige Feuerwehr Rahlstedt<\/title>\n<meta name=\"robots\" content=\"index, follow, max-snippet:-1, max-image-preview:large, max-video-preview:-1\" \/>\n<link rel=\"canonical\" href=\"https:\/\/www.ff-rahlstedt.de\/?page_id=452\" \/>\n<meta property=\"og:locale\" content=\"de_DE\" \/>\n<meta property=\"og:type\" content=\"article\" \/>\n<meta property=\"og:title\" content=\"Der F\u00f6rderverein - Freiwillige Feuerwehr Rahlstedt\" \/>\n<meta property=\"og:description\" content=\"Hallo und willkommen auf den Seiten des F\u00f6rdervereines f\u00fcr die Freiwillige Feuerwehr Rahlstedt (FF) mit ihren Abteilungen: Einsatzabteilung, Jugendfeuerwehr, Minifeuerwehr und Ehrenabteilung: Feuerwehrfreunde Rahlstedt e.V. Die Freiwillige Feuerwehr in Hamburg geh\u00f6rt zur Beh\u00f6rde f\u00fcr Inneres und Sport. Alles f\u00fcr den \u201enormalen\u201c Dienstbetrieb wird gestellt, wie Feuerwehrh\u00e4user, L\u00f6sch- und Spezialfahrzeuge, die [&hellip;]\" \/>\n<meta property=\"og:url\" content=\"https:\/\/www.ff-rahlstedt.de\/?page_id=452\" \/>\n<meta property=\"og:site_name\" content=\"Freiwillige Feuerwehr Rahlstedt\" \/>\n<meta property=\"article:modified_time\" content=\"2026-02-28T14:23:24+00:00\" \/>\n<meta property=\"og:image\" content=\"https:\/\/www.ff-rahlstedt.de\/wp-content\/uploads\/2020\/10\/Banner-Homepage-5.jpg\" \/>\n\t<meta property=\"og:image:width\" content=\"2550\" \/>\n\t<meta property=\"og:image:height\" content=\"360\" \/>\n\t<meta property=\"og:image:type\" content=\"image\/jpeg\" \/>\n<meta name=\"twitter:card\" content=\"summary_large_image\" \/>\n<meta name=\"twitter:label1\" content=\"Gesch\u00e4tzte Lesezeit\" \/>\n\t<meta name=\"twitter:data1\" content=\"4\u00a0Minuten\" \/>\n<script type=\"application\/ld+json\" class=\"yoast-schema-graph\">{\"@context\":\"https:\/\/schema.org\",\"@graph\":[{\"@type\":\"WebPage\",\"@id\":\"https:\/\/www.ff-rahlstedt.de\/?page_id=452\",\"url\":\"https:\/\/www.ff-rahlstedt.de\/?page_id=452\",\"name\":\"Der F\u00f6rderverein - Freiwillige Feuerwehr Rahlstedt\",\"isPartOf\":{\"@id\":\"https:\/\/www.ff-rahlstedt.de\/#website\"},\"primaryImageOfPage\":{\"@id\":\"https:\/\/www.ff-rahlstedt.de\/?page_id=452#primaryimage\"},\"image\":{\"@id\":\"https:\/\/www.ff-rahlstedt.de\/?page_id=452#primaryimage\"},\"thumbnailUrl\":\"https:\/\/www.ff-rahlstedt.de\/wp-content\/uploads\/2020\/10\/Banner-Homepage-5.jpg\",\"datePublished\":\"2020-09-24T18:32:10+00:00\",\"dateModified\":\"2026-02-28T14:23:24+00:00\",\"breadcrumb\":{\"@id\":\"https:\/\/www.ff-rahlstedt.de\/?page_id=452#breadcrumb\"},\"inLanguage\":\"de\",\"potentialAction\":[{\"@type\":\"ReadAction\",\"target\":[\"https:\/\/www.ff-rahlstedt.de\/?page_id=452\"]}]},{\"@type\":\"ImageObject\",\"inLanguage\":\"de\",\"@id\":\"https:\/\/www.ff-rahlstedt.de\/?page_id=452#primaryimage\",\"url\":\"https:\/\/www.ff-rahlstedt.de\/wp-content\/uploads\/2020\/10\/Banner-Homepage-5.jpg\",\"contentUrl\":\"https:\/\/www.ff-rahlstedt.de\/wp-content\/uploads\/2020\/10\/Banner-Homepage-5.jpg\",\"width\":2550,\"height\":360},{\"@type\":\"BreadcrumbList\",\"@id\":\"https:\/\/www.ff-rahlstedt.de\/?page_id=452#breadcrumb\",\"itemListElement\":[{\"@type\":\"ListItem\",\"position\":1,\"name\":\"Startseite\",\"item\":\"https:\/\/www.ff-rahlstedt.de\/\"},{\"@type\":\"ListItem\",\"position\":2,\"name\":\"Der F\u00f6rderverein\"}]},{\"@type\":\"WebSite\",\"@id\":\"https:\/\/www.ff-rahlstedt.de\/#website\",\"url\":\"https:\/\/www.ff-rahlstedt.de\/\",\"name\":\"Freiwillige Feuerwehr Rahlstedt\",\"description\":\"\",\"publisher\":{\"@id\":\"https:\/\/www.ff-rahlstedt.de\/#organization\"},\"potentialAction\":[{\"@type\":\"SearchAction\",\"target\":{\"@type\":\"EntryPoint\",\"urlTemplate\":\"https:\/\/www.ff-rahlstedt.de\/?s={search_term_string}\"},\"query-input\":{\"@type\":\"PropertyValueSpecification\",\"valueRequired\":true,\"valueName\":\"search_term_string\"}}],\"inLanguage\":\"de\"},{\"@type\":\"Organization\",\"@id\":\"https:\/\/www.ff-rahlstedt.de\/#organization\",\"name\":\"Freiwillige Feuerwehr Rahlstedt\",\"url\":\"https:\/\/www.ff-rahlstedt.de\/\",\"logo\":{\"@type\":\"ImageObject\",\"inLanguage\":\"de\",\"@id\":\"https:\/\/www.ff-rahlstedt.de\/#\/schema\/logo\/image\/\",\"url\":\"https:\/\/www.ff-rahlstedt.de\/wp-content\/uploads\/2020\/09\/cropped-Logo-1.png\",\"contentUrl\":\"https:\/\/www.ff-rahlstedt.de\/wp-content\/uploads\/2020\/09\/cropped-Logo-1.png\",\"width\":776,\"height\":777,\"caption\":\"Freiwillige Feuerwehr Rahlstedt\"},\"image\":{\"@id\":\"https:\/\/www.ff-rahlstedt.de\/#\/schema\/logo\/image\/\"}}]}<\/script>\n<!-- \/ Yoast SEO plugin. -->","yoast_head_json":{"title":"Der F\u00f6rderverein - Freiwillige Feuerwehr Rahlstedt","robots":{"index":"index","follow":"follow","max-snippet":"max-snippet:-1","max-image-preview":"max-image-preview:large","max-video-preview":"max-video-preview:-1"},"canonical":"https:\/\/www.ff-rahlstedt.de\/?page_id=452","og_locale":"de_DE","og_type":"article","og_title":"Der F\u00f6rderverein - Freiwillige Feuerwehr Rahlstedt","og_description":"Hallo und willkommen auf den Seiten des F\u00f6rdervereines f\u00fcr die Freiwillige Feuerwehr Rahlstedt (FF) mit ihren Abteilungen: Einsatzabteilung, Jugendfeuerwehr, Minifeuerwehr und Ehrenabteilung: Feuerwehrfreunde Rahlstedt e.V. Die Freiwillige Feuerwehr in Hamburg geh\u00f6rt zur Beh\u00f6rde f\u00fcr Inneres und Sport. Alles f\u00fcr den \u201enormalen\u201c Dienstbetrieb wird gestellt, wie Feuerwehrh\u00e4user, L\u00f6sch- und Spezialfahrzeuge, die [&hellip;]","og_url":"https:\/\/www.ff-rahlstedt.de\/?page_id=452","og_site_name":"Freiwillige Feuerwehr Rahlstedt","article_modified_time":"2026-02-28T14:23:24+00:00","og_image":[{"width":2550,"height":360,"url":"https:\/\/www.ff-rahlstedt.de\/wp-content\/uploads\/2020\/10\/Banner-Homepage-5.jpg","type":"image\/jpeg"}],"twitter_card":"summary_large_image","twitter_misc":{"Gesch\u00e4tzte Lesezeit":"4\u00a0Minuten"},"schema":{"@context":"https:\/\/schema.org","@graph":[{"@type":"WebPage","@id":"https:\/\/www.ff-rahlstedt.de\/?page_id=452","url":"https:\/\/www.ff-rahlstedt.de\/?page_id=452","name":"Der F\u00f6rderverein - Freiwillige Feuerwehr Rahlstedt","isPartOf":{"@id":"https:\/\/www.ff-rahlstedt.de\/#website"},"primaryImageOfPage":{"@id":"https:\/\/www.ff-rahlstedt.de\/?page_id=452#primaryimage"},"image":{"@id":"https:\/\/www.ff-rahlstedt.de\/?page_id=452#primaryimage"},"thumbnailUrl":"https:\/\/www.ff-rahlstedt.de\/wp-content\/uploads\/2020\/10\/Banner-Homepage-5.jpg","datePublished":"2020-09-24T18:32:10+00:00","dateModified":"2026-02-28T14:23:24+00:00","breadcrumb":{"@id":"https:\/\/www.ff-rahlstedt.de\/?page_id=452#breadcrumb"},"inLanguage":"de","potentialAction":[{"@type":"ReadAction","target":["https:\/\/www.ff-rahlstedt.de\/?page_id=452"]}]},{"@type":"ImageObject","inLanguage":"de","@id":"https:\/\/www.ff-rahlstedt.de\/?page_id=452#primaryimage","url":"https:\/\/www.ff-rahlstedt.de\/wp-content\/uploads\/2020\/10\/Banner-Homepage-5.jpg","contentUrl":"https:\/\/www.ff-rahlstedt.de\/wp-content\/uploads\/2020\/10\/Banner-Homepage-5.jpg","width":2550,"height":360},{"@type":"BreadcrumbList","@id":"https:\/\/www.ff-rahlstedt.de\/?page_id=452#breadcrumb","itemListElement":[{"@type":"ListItem","position":1,"name":"Startseite","item":"https:\/\/www.ff-rahlstedt.de\/"},{"@type":"ListItem","position":2,"name":"Der F\u00f6rderverein"}]},{"@type":"WebSite","@id":"https:\/\/www.ff-rahlstedt.de\/#website","url":"https:\/\/www.ff-rahlstedt.de\/","name":"Freiwillige Feuerwehr Rahlstedt","description":"","publisher":{"@id":"https:\/\/www.ff-rahlstedt.de\/#organization"},"potentialAction":[{"@type":"SearchAction","target":{"@type":"EntryPoint","urlTemplate":"https:\/\/www.ff-rahlstedt.de\/?s={search_term_string}"},"query-input":{"@type":"PropertyValueSpecification","valueRequired":true,"valueName":"search_term_string"}}],"inLanguage":"de"},{"@type":"Organization","@id":"https:\/\/www.ff-rahlstedt.de\/#organization","name":"Freiwillige Feuerwehr Rahlstedt","url":"https:\/\/www.ff-rahlstedt.de\/","logo":{"@type":"ImageObject","inLanguage":"de","@id":"https:\/\/www.ff-rahlstedt.de\/#\/schema\/logo\/image\/","url":"https:\/\/www.ff-rahlstedt.de\/wp-content\/uploads\/2020\/09\/cropped-Logo-1.png","contentUrl":"https:\/\/www.ff-rahlstedt.de\/wp-content\/uploads\/2020\/09\/cropped-Logo-1.png","width":776,"height":777,"caption":"Freiwillige Feuerwehr Rahlstedt"},"image":{"@id":"https:\/\/www.ff-rahlstedt.de\/#\/schema\/logo\/image\/"}}]}},"_links":{"self":[{"href":"https:\/\/www.ff-rahlstedt.de\/index.php?rest_route=\/wp\/v2\/pages\/452","targetHints":{"allow":["GET"]}}],"collection":[{"href":"https:\/\/www.ff-rahlstedt.de\/index.php?rest_route=\/wp\/v2\/pages"}],"about":[{"href":"https:\/\/www.ff-rahlstedt.de\/index.php?rest_route=\/wp\/v2\/types\/page"}],"author":[{"embeddable":true,"href":"https:\/\/www.ff-rahlstedt.de\/index.php?rest_route=\/wp\/v2\/users\/1"}],"replies":[{"embeddable":true,"href":"https:\/\/www.ff-rahlstedt.de\/index.php?rest_route=%2Fwp%2Fv2%2Fcomments&post=452"}],"version-history":[{"count":7,"href":"https:\/\/www.ff-rahlstedt.de\/index.php?rest_route=\/wp\/v2\/pages\/452\/revisions"}],"predecessor-version":[{"id":2680,"href":"https:\/\/www.ff-rahlstedt.de\/index.php?rest_route=\/wp\/v2\/pages\/452\/revisions\/2680"}],"wp:featuredmedia":[{"embeddable":true,"href":"https:\/\/www.ff-rahlstedt.de\/index.php?rest_route=\/wp\/v2\/media\/1244"}],"wp:attachment":[{"href":"https:\/\/www.ff-rahlstedt.de\/index.php?rest_route=%2Fwp%2Fv2%2Fmedia&parent=452"}],"curies":[{"name":"wp","href":"https:\/\/api.w.org\/{rel}","templated":true}]}}