{"id":481,"date":"2020-09-27T13:22:50","date_gmt":"2020-09-27T11:22:50","guid":{"rendered":"https:\/\/ff-rahlstedt.de\/?page_id=481"},"modified":"2021-01-27T18:52:07","modified_gmt":"2021-01-27T17:52:07","slug":"ueber-uns","status":"publish","type":"page","link":"https:\/\/www.ff-rahlstedt.de\/?page_id=481","title":{"rendered":"\u00dcber uns"},"content":{"rendered":"\n<div class=\"wp-block-themeisle-blocks-advanced-columns has-1-columns has-desktop-equal-layout has-tablet-equal-layout has-mobile-equal-layout has-default-gap has-vertical-unset\" id=\"wp-block-themeisle-blocks-advanced-columns-ffd84fea\"><div class=\"wp-block-themeisle-blocks-advanced-columns-overlay\"><\/div><div class=\"innerblocks-wrap\">\n<div class=\"wp-block-themeisle-blocks-advanced-column\" id=\"wp-block-themeisle-blocks-advanced-column-3d835e6e\">\n<div>\n<p>Wir, die Freiwillige Feuerwehr Rahlstedt, sind eine von 86 Freiwilligen Feuerwehren in Hamburg. Mit unseren 38 aktiven Mitgliedern und 2 L\u00f6schfahrzeugen fahren wir zu ca. 180\u00a0 Eins\u00e4tzen j\u00e4hrlich. Dabei leisten wir gemeinsam mit der Berufsfeuerwehr oder auch im Alleineinsatz Hilfe bei Br\u00e4nden, Unf\u00e4llen und jeder anderen m\u00f6glichen oder unm\u00f6glichen Notlage.\u00a0<\/p>\n<p>Unser Einsatzgebiet erstreckt sich im Stadtteil Hamburg Rahlstedt auf die Bereiche Alt-Rahlstedt, Neu-Rahlstedt und Hohenhorst. Au\u00dferdem k\u00f6nnen wir bei Sonderlagen (Unwetter, Gro\u00dfeins\u00e4tze etc.) auch an jeder anderen Stelle im Hamburger Stadtgebiet eingesetzt werden.<\/p>\n<p>Alarmiert werden wir von der Einsatzzentrale der Hamburger Feuerwehr \u00fcber einen digitalen Funkmeldeempf\u00e4nger (DME), den jedes unserer Mitglieder st\u00e4ndig mit sich f\u00fchrt, um bei einem Alarm zu jeder Tages- oder Nachtzeit seinen Tagesablauf zu unterbrechen und schnellstens Hilfe zu leisten.<\/p>\n<p>Doch die Freiwillige Feuerwehr Rahlstedt ist nicht nur ein Dienstleistungsbetrieb, sondern auch im Stadtteil eine aktive Institution.<br \/>So unterst\u00fctzen wir viele Veranstaltungen\u00a0wie z.B. Laternenumz\u00fcge, den j\u00e4hrlichen Wandse-Lauf und einige Stadtteil- und Kinderfeste. <br \/>Auch die Kameradschaftspflege mit Ausfahrten, Grillfesten, Weihnachtsfeier, u.v.m. ist von hohem Stellenwert.<\/p>\n<\/div>\n<\/div>\n<\/div><\/div>\n","protected":false},"excerpt":{"rendered":"","protected":false},"author":1,"featured_media":1246,"parent":0,"menu_order":0,"comment_status":"closed","ping_status":"closed","template":"","meta":{"footnotes":""},"class_list":["post-481","page","type-page","status-publish","has-post-thumbnail","hentry"],"yoast_head":"<!-- This site is optimized with the Yoast SEO plugin v27.5 - https:\/\/yoast.com\/product\/yoast-seo-wordpress\/ -->\n<title>\u00dcber uns - Freiwillige Feuerwehr Rahlstedt<\/title>\n<meta name=\"robots\" content=\"index, follow, max-snippet:-1, max-image-preview:large, max-video-preview:-1\" \/>\n<link rel=\"canonical\" href=\"https:\/\/www.ff-rahlstedt.de\/?page_id=481\" \/>\n<meta property=\"og:locale\" content=\"de_DE\" \/>\n<meta property=\"og:type\" content=\"article\" \/>\n<meta property=\"og:title\" content=\"\u00dcber uns - Freiwillige Feuerwehr Rahlstedt\" \/>\n<meta property=\"og:url\" content=\"https:\/\/www.ff-rahlstedt.de\/?page_id=481\" \/>\n<meta property=\"og:site_name\" content=\"Freiwillige Feuerwehr Rahlstedt\" \/>\n<meta property=\"article:modified_time\" content=\"2021-01-27T17:52:07+00:00\" \/>\n<meta property=\"og:image\" content=\"https:\/\/www.ff-rahlstedt.de\/wp-content\/uploads\/2020\/10\/Banner-Homepage-1.jpg\" \/>\n\t<meta property=\"og:image:width\" content=\"2550\" \/>\n\t<meta property=\"og:image:height\" content=\"360\" \/>\n\t<meta property=\"og:image:type\" content=\"image\/jpeg\" \/>\n<meta name=\"twitter:card\" content=\"summary_large_image\" \/>\n<meta name=\"twitter:label1\" content=\"Gesch\u00e4tzte Lesezeit\" \/>\n\t<meta name=\"twitter:data1\" content=\"1\u00a0Minute\" \/>\n<script type=\"application\/ld+json\" class=\"yoast-schema-graph\">{\"@context\":\"https:\\\/\\\/schema.org\",\"@graph\":[{\"@type\":\"WebPage\",\"@id\":\"https:\\\/\\\/www.ff-rahlstedt.de\\\/?page_id=481\",\"url\":\"https:\\\/\\\/www.ff-rahlstedt.de\\\/?page_id=481\",\"name\":\"\u00dcber uns - Freiwillige Feuerwehr Rahlstedt\",\"isPartOf\":{\"@id\":\"https:\\\/\\\/www.ff-rahlstedt.de\\\/#website\"},\"primaryImageOfPage\":{\"@id\":\"https:\\\/\\\/www.ff-rahlstedt.de\\\/?page_id=481#primaryimage\"},\"image\":{\"@id\":\"https:\\\/\\\/www.ff-rahlstedt.de\\\/?page_id=481#primaryimage\"},\"thumbnailUrl\":\"https:\\\/\\\/www.ff-rahlstedt.de\\\/wp-content\\\/uploads\\\/2020\\\/10\\\/Banner-Homepage-1.jpg\",\"datePublished\":\"2020-09-27T11:22:50+00:00\",\"dateModified\":\"2021-01-27T17:52:07+00:00\",\"breadcrumb\":{\"@id\":\"https:\\\/\\\/www.ff-rahlstedt.de\\\/?page_id=481#breadcrumb\"},\"inLanguage\":\"de\",\"potentialAction\":[{\"@type\":\"ReadAction\",\"target\":[\"https:\\\/\\\/www.ff-rahlstedt.de\\\/?page_id=481\"]}]},{\"@type\":\"ImageObject\",\"inLanguage\":\"de\",\"@id\":\"https:\\\/\\\/www.ff-rahlstedt.de\\\/?page_id=481#primaryimage\",\"url\":\"https:\\\/\\\/www.ff-rahlstedt.de\\\/wp-content\\\/uploads\\\/2020\\\/10\\\/Banner-Homepage-1.jpg\",\"contentUrl\":\"https:\\\/\\\/www.ff-rahlstedt.de\\\/wp-content\\\/uploads\\\/2020\\\/10\\\/Banner-Homepage-1.jpg\",\"width\":2550,\"height\":360},{\"@type\":\"BreadcrumbList\",\"@id\":\"https:\\\/\\\/www.ff-rahlstedt.de\\\/?page_id=481#breadcrumb\",\"itemListElement\":[{\"@type\":\"ListItem\",\"position\":1,\"name\":\"Startseite\",\"item\":\"https:\\\/\\\/www.ff-rahlstedt.de\\\/\"},{\"@type\":\"ListItem\",\"position\":2,\"name\":\"\u00dcber uns\"}]},{\"@type\":\"WebSite\",\"@id\":\"https:\\\/\\\/www.ff-rahlstedt.de\\\/#website\",\"url\":\"https:\\\/\\\/www.ff-rahlstedt.de\\\/\",\"name\":\"Freiwillige Feuerwehr Rahlstedt\",\"description\":\"\",\"publisher\":{\"@id\":\"https:\\\/\\\/www.ff-rahlstedt.de\\\/#organization\"},\"potentialAction\":[{\"@type\":\"SearchAction\",\"target\":{\"@type\":\"EntryPoint\",\"urlTemplate\":\"https:\\\/\\\/www.ff-rahlstedt.de\\\/?s={search_term_string}\"},\"query-input\":{\"@type\":\"PropertyValueSpecification\",\"valueRequired\":true,\"valueName\":\"search_term_string\"}}],\"inLanguage\":\"de\"},{\"@type\":\"Organization\",\"@id\":\"https:\\\/\\\/www.ff-rahlstedt.de\\\/#organization\",\"name\":\"Freiwillige Feuerwehr Rahlstedt\",\"url\":\"https:\\\/\\\/www.ff-rahlstedt.de\\\/\",\"logo\":{\"@type\":\"ImageObject\",\"inLanguage\":\"de\",\"@id\":\"https:\\\/\\\/www.ff-rahlstedt.de\\\/#\\\/schema\\\/logo\\\/image\\\/\",\"url\":\"https:\\\/\\\/www.ff-rahlstedt.de\\\/wp-content\\\/uploads\\\/2020\\\/09\\\/cropped-Logo-1.png\",\"contentUrl\":\"https:\\\/\\\/www.ff-rahlstedt.de\\\/wp-content\\\/uploads\\\/2020\\\/09\\\/cropped-Logo-1.png\",\"width\":776,\"height\":777,\"caption\":\"Freiwillige Feuerwehr Rahlstedt\"},\"image\":{\"@id\":\"https:\\\/\\\/www.ff-rahlstedt.de\\\/#\\\/schema\\\/logo\\\/image\\\/\"}}]}<\/script>\n<!-- \/ Yoast SEO plugin. -->","yoast_head_json":{"title":"\u00dcber uns - Freiwillige Feuerwehr Rahlstedt","robots":{"index":"index","follow":"follow","max-snippet":"max-snippet:-1","max-image-preview":"max-image-preview:large","max-video-preview":"max-video-preview:-1"},"canonical":"https:\/\/www.ff-rahlstedt.de\/?page_id=481","og_locale":"de_DE","og_type":"article","og_title":"\u00dcber uns - Freiwillige Feuerwehr Rahlstedt","og_url":"https:\/\/www.ff-rahlstedt.de\/?page_id=481","og_site_name":"Freiwillige Feuerwehr Rahlstedt","article_modified_time":"2021-01-27T17:52:07+00:00","og_image":[{"width":2550,"height":360,"url":"https:\/\/www.ff-rahlstedt.de\/wp-content\/uploads\/2020\/10\/Banner-Homepage-1.jpg","type":"image\/jpeg"}],"twitter_card":"summary_large_image","twitter_misc":{"Gesch\u00e4tzte Lesezeit":"1\u00a0Minute"},"schema":{"@context":"https:\/\/schema.org","@graph":[{"@type":"WebPage","@id":"https:\/\/www.ff-rahlstedt.de\/?page_id=481","url":"https:\/\/www.ff-rahlstedt.de\/?page_id=481","name":"\u00dcber uns - Freiwillige Feuerwehr Rahlstedt","isPartOf":{"@id":"https:\/\/www.ff-rahlstedt.de\/#website"},"primaryImageOfPage":{"@id":"https:\/\/www.ff-rahlstedt.de\/?page_id=481#primaryimage"},"image":{"@id":"https:\/\/www.ff-rahlstedt.de\/?page_id=481#primaryimage"},"thumbnailUrl":"https:\/\/www.ff-rahlstedt.de\/wp-content\/uploads\/2020\/10\/Banner-Homepage-1.jpg","datePublished":"2020-09-27T11:22:50+00:00","dateModified":"2021-01-27T17:52:07+00:00","breadcrumb":{"@id":"https:\/\/www.ff-rahlstedt.de\/?page_id=481#breadcrumb"},"inLanguage":"de","potentialAction":[{"@type":"ReadAction","target":["https:\/\/www.ff-rahlstedt.de\/?page_id=481"]}]},{"@type":"ImageObject","inLanguage":"de","@id":"https:\/\/www.ff-rahlstedt.de\/?page_id=481#primaryimage","url":"https:\/\/www.ff-rahlstedt.de\/wp-content\/uploads\/2020\/10\/Banner-Homepage-1.jpg","contentUrl":"https:\/\/www.ff-rahlstedt.de\/wp-content\/uploads\/2020\/10\/Banner-Homepage-1.jpg","width":2550,"height":360},{"@type":"BreadcrumbList","@id":"https:\/\/www.ff-rahlstedt.de\/?page_id=481#breadcrumb","itemListElement":[{"@type":"ListItem","position":1,"name":"Startseite","item":"https:\/\/www.ff-rahlstedt.de\/"},{"@type":"ListItem","position":2,"name":"\u00dcber uns"}]},{"@type":"WebSite","@id":"https:\/\/www.ff-rahlstedt.de\/#website","url":"https:\/\/www.ff-rahlstedt.de\/","name":"Freiwillige Feuerwehr Rahlstedt","description":"","publisher":{"@id":"https:\/\/www.ff-rahlstedt.de\/#organization"},"potentialAction":[{"@type":"SearchAction","target":{"@type":"EntryPoint","urlTemplate":"https:\/\/www.ff-rahlstedt.de\/?s={search_term_string}"},"query-input":{"@type":"PropertyValueSpecification","valueRequired":true,"valueName":"search_term_string"}}],"inLanguage":"de"},{"@type":"Organization","@id":"https:\/\/www.ff-rahlstedt.de\/#organization","name":"Freiwillige Feuerwehr Rahlstedt","url":"https:\/\/www.ff-rahlstedt.de\/","logo":{"@type":"ImageObject","inLanguage":"de","@id":"https:\/\/www.ff-rahlstedt.de\/#\/schema\/logo\/image\/","url":"https:\/\/www.ff-rahlstedt.de\/wp-content\/uploads\/2020\/09\/cropped-Logo-1.png","contentUrl":"https:\/\/www.ff-rahlstedt.de\/wp-content\/uploads\/2020\/09\/cropped-Logo-1.png","width":776,"height":777,"caption":"Freiwillige Feuerwehr Rahlstedt"},"image":{"@id":"https:\/\/www.ff-rahlstedt.de\/#\/schema\/logo\/image\/"}}]}},"_links":{"self":[{"href":"https:\/\/www.ff-rahlstedt.de\/index.php?rest_route=\/wp\/v2\/pages\/481","targetHints":{"allow":["GET"]}}],"collection":[{"href":"https:\/\/www.ff-rahlstedt.de\/index.php?rest_route=\/wp\/v2\/pages"}],"about":[{"href":"https:\/\/www.ff-rahlstedt.de\/index.php?rest_route=\/wp\/v2\/types\/page"}],"author":[{"embeddable":true,"href":"https:\/\/www.ff-rahlstedt.de\/index.php?rest_route=\/wp\/v2\/users\/1"}],"replies":[{"embeddable":true,"href":"https:\/\/www.ff-rahlstedt.de\/index.php?rest_route=%2Fwp%2Fv2%2Fcomments&post=481"}],"version-history":[{"count":3,"href":"https:\/\/www.ff-rahlstedt.de\/index.php?rest_route=\/wp\/v2\/pages\/481\/revisions"}],"predecessor-version":[{"id":1429,"href":"https:\/\/www.ff-rahlstedt.de\/index.php?rest_route=\/wp\/v2\/pages\/481\/revisions\/1429"}],"wp:featuredmedia":[{"embeddable":true,"href":"https:\/\/www.ff-rahlstedt.de\/index.php?rest_route=\/wp\/v2\/media\/1246"}],"wp:attachment":[{"href":"https:\/\/www.ff-rahlstedt.de\/index.php?rest_route=%2Fwp%2Fv2%2Fmedia&parent=481"}],"curies":[{"name":"wp","href":"https:\/\/api.w.org\/{rel}","templated":true}]}}