{"id":495,"date":"2020-09-27T13:29:04","date_gmt":"2020-09-27T11:29:04","guid":{"rendered":"https:\/\/ff-rahlstedt.de\/?page_id=495"},"modified":"2022-07-24T08:59:43","modified_gmt":"2022-07-24T06:59:43","slug":"kontaktformular-ff","status":"publish","type":"page","link":"https:\/\/www.ff-rahlstedt.de\/?page_id=495","title":{"rendered":"Kontaktformular"},"content":{"rendered":"\t\t<div data-elementor-type=\"wp-page\" data-elementor-id=\"495\" class=\"elementor elementor-495\" data-elementor-post-type=\"page\">\n\t\t\t\t\t\t<section class=\"elementor-section elementor-top-section elementor-element elementor-element-4cfcdbae elementor-section-boxed elementor-section-height-default elementor-section-height-default\" data-id=\"4cfcdbae\" data-element_type=\"section\">\n\t\t\t\t\t\t<div class=\"elementor-container elementor-column-gap-default\">\n\t\t\t\t\t<div class=\"elementor-column elementor-col-100 elementor-top-column elementor-element elementor-element-2af541b4\" data-id=\"2af541b4\" data-element_type=\"column\">\n\t\t\t<div class=\"elementor-widget-wrap elementor-element-populated\">\n\t\t\t\t\t\t<div class=\"elementor-element elementor-element-61e2587 elementor-widget elementor-widget-text-editor\" data-id=\"61e2587\" data-element_type=\"widget\" data-widget_type=\"text-editor.default\">\n\t\t\t\t<div class=\"elementor-widget-container\">\n\t\t\t\t\t\t\t\t\t\n<div class=\"wp-block-themeisle-blocks-advanced-columns has-undefined-columns has-desktop-undefined-layout has-tablet-equal-layout has-mobile-equal-layout has-default-gap has-vertical-unset\"><div class=\"wp-block-themeisle-blocks-advanced-columns-overlay\"><\/div><div class=\"innerblocks-wrap\"><\/div><\/div>\n\t\t\t\t\t\t\t\t<\/div>\n\t\t\t\t<\/div>\n\t\t\t\t\t<\/div>\n\t\t<\/div>\n\t\t\t\t\t<\/div>\n\t\t<\/section>\n\t\t\t\t<section class=\"elementor-section elementor-top-section elementor-element elementor-element-b0027b3 elementor-section-boxed elementor-section-height-default elementor-section-height-default\" data-id=\"b0027b3\" data-element_type=\"section\">\n\t\t\t\t\t\t<div class=\"elementor-container elementor-column-gap-default\">\n\t\t\t\t\t<div class=\"elementor-column elementor-col-50 elementor-top-column elementor-element elementor-element-2dcd7e5\" data-id=\"2dcd7e5\" data-element_type=\"column\">\n\t\t\t<div class=\"elementor-widget-wrap elementor-element-populated\">\n\t\t\t\t\t\t<div class=\"elementor-element elementor-element-44a0c51 elementor-widget elementor-widget-text-editor\" data-id=\"44a0c51\" data-element_type=\"widget\" data-widget_type=\"text-editor.default\">\n\t\t\t\t<div class=\"elementor-widget-container\">\n\t\t\t\t\t\t\t\t\t<div itemprop=\"articleBody\">\n<h2>Keine Hilfe ohne Helfer: Daher suchen wir Dich!<\/h2>\n<h4>\u00a0<\/h4>\n<h4><strong>Du hast Lust dich ehrenamtlich bei der Feuerwehr zu engagieren?<\/strong><\/h4>\n<p>Wir suchen immer neue Kameraden. Ob du bereits eine feuerwehrtechnische Ausbildung hast oder ganz und gar neu in diesem Thema bist, spielt dabei keine Rolle.<\/p>\n<p>Du bist:<\/p>\n<ul>\n<li>zwischen 18 und 45 Jahre alt?<\/li>\n<li>wohnst in unserem <a title=\"Einsatzgebiet\" href=\"\/?page_id=484\">Einsatzgebiet<\/a>?<\/li>\n<li>teamf\u00e4hig?<\/li>\n<li>motiviert?<\/li>\n<li>k\u00f6rperlich und psychisch geeignet?<\/li>\n<li>technisch interessiert?<\/li>\n<li>hast Lust auf eine spannende T\u00e4tigkeit, nicht immer ohne Risiko?<\/li>\n<\/ul>\n<p><\/p>\n<p>Dann wende dich damit gerne an unsere Wehrf\u00fchrung, wir freuen uns auf DICH!<\/p>\n<p>Solltest Du in unserem <a title=\"Einsatzgebiet\" href=\"\/?page_id=484\">Einsatzgebiet<\/a> arbeiten und bereits au\u00dferhalb von Rahlstedt in einer Freiwilligen Feuerwehr aktiv sein, dann freuen wir uns \u00fcber deine Unterst\u00fctzung f\u00fcr den Einsatzdienst!\u00a0<\/p>\n<p><br \/><strong>Wappen, \u00c4rmelaufn\u00e4hner und Abzeichen bieten wir derzeit nicht an und bitten darum, auf etwaige Nachfragen zu verzichten.<\/strong><\/p>\n<\/div>\t\t\t\t\t\t\t\t<\/div>\n\t\t\t\t<\/div>\n\t\t\t\t<div class=\"elementor-element elementor-element-cb4f37f elementor-widget elementor-widget-shortcode\" data-id=\"cb4f37f\" data-element_type=\"widget\" data-widget_type=\"shortcode.default\">\n\t\t\t\t<div class=\"elementor-widget-container\">\n\t\t\t\t\t\t\t<div class=\"elementor-shortcode\"><\/div>\n\t\t\t\t\t\t<\/div>\n\t\t\t\t<\/div>\n\t\t\t\t\t<\/div>\n\t\t<\/div>\n\t\t\t\t<div class=\"elementor-column elementor-col-50 elementor-top-column elementor-element elementor-element-636c77c\" data-id=\"636c77c\" data-element_type=\"column\">\n\t\t\t<div class=\"elementor-widget-wrap elementor-element-populated\">\n\t\t\t\t\t\t<div class=\"elementor-element elementor-element-7a0aacf elementor-widget elementor-widget-heading\" data-id=\"7a0aacf\" data-element_type=\"widget\" data-widget_type=\"heading.default\">\n\t\t\t\t<div class=\"elementor-widget-container\">\n\t\t\t\t\t<h2 class=\"elementor-heading-title elementor-size-default\">Kontaktformular<\/h2>\t\t\t\t<\/div>\n\t\t\t\t<\/div>\n\t\t\t\t<div class=\"elementor-element elementor-element-8571904 elementor-widget elementor-widget-shortcode\" data-id=\"8571904\" data-element_type=\"widget\" data-widget_type=\"shortcode.default\">\n\t\t\t\t<div class=\"elementor-widget-container\">\n\t\t\t\t\t\t\t<div class=\"elementor-shortcode\">\n<div class=\"wpcf7 no-js\" id=\"wpcf7-f1239-o1\" lang=\"de-DE\" dir=\"ltr\" data-wpcf7-id=\"1239\">\n<div class=\"screen-reader-response\"><p role=\"status\" aria-live=\"polite\" aria-atomic=\"true\"><\/p> <ul><\/ul><\/div>\n<form action=\"\/index.php?rest_route=%2Fwp%2Fv2%2Fpages%2F495#wpcf7-f1239-o1\" method=\"post\" class=\"wpcf7-form init\" aria-label=\"Kontaktformular\" novalidate=\"novalidate\" data-status=\"init\">\n<fieldset class=\"hidden-fields-container\"><input type=\"hidden\" name=\"_wpcf7\" value=\"1239\" \/><input type=\"hidden\" name=\"_wpcf7_version\" value=\"6.1.4\" \/><input type=\"hidden\" name=\"_wpcf7_locale\" value=\"de_DE\" \/><input type=\"hidden\" name=\"_wpcf7_unit_tag\" value=\"wpcf7-f1239-o1\" \/><input type=\"hidden\" name=\"_wpcf7_container_post\" value=\"0\" \/><input type=\"hidden\" name=\"_wpcf7_posted_data_hash\" value=\"\" \/>\n<\/fieldset>\n<p><label> Ihr Name *<br \/>\n<span class=\"wpcf7-form-control-wrap\" data-name=\"your-name\"><input size=\"40\" maxlength=\"400\" class=\"wpcf7-form-control wpcf7-text wpcf7-validates-as-required\" aria-required=\"true\" aria-invalid=\"false\" value=\"\" type=\"text\" name=\"your-name\" \/><\/span> <\/label>\n<\/p>\n<p><label> Ihre E-Mail-Adresse *<br \/>\n<span class=\"wpcf7-form-control-wrap\" data-name=\"your-email\"><input size=\"40\" maxlength=\"400\" class=\"wpcf7-form-control wpcf7-email wpcf7-validates-as-required wpcf7-text wpcf7-validates-as-email\" aria-required=\"true\" aria-invalid=\"false\" value=\"\" type=\"email\" name=\"your-email\" \/><\/span> <\/label>\n<\/p>\n<p><label> Alter *<br \/>\n<span class=\"wpcf7-form-control-wrap\" data-name=\"your-age\"><input class=\"wpcf7-form-control wpcf7-number wpcf7-validates-as-required wpcf7-validates-as-number\" aria-required=\"true\" aria-invalid=\"false\" value=\"\" type=\"number\" name=\"your-age\" \/><\/span> <\/label>\n<\/p>\n<p><label> Telefonnummer *<br \/>\n<span class=\"wpcf7-form-control-wrap\" data-name=\"your-phonenumber\"><input size=\"40\" maxlength=\"400\" class=\"wpcf7-form-control wpcf7-tel wpcf7-validates-as-required wpcf7-text wpcf7-validates-as-tel\" aria-required=\"true\" aria-invalid=\"false\" value=\"\" type=\"tel\" name=\"your-phonenumber\" \/><\/span> <\/label>\n<\/p>\n<p><label> Adresse *<br \/>\n<span class=\"wpcf7-form-control-wrap\" data-name=\"your-city\"><input size=\"40\" maxlength=\"400\" class=\"wpcf7-form-control wpcf7-text wpcf7-validates-as-required\" aria-required=\"true\" aria-invalid=\"false\" value=\"\" type=\"text\" name=\"your-city\" \/><\/span> <\/label>\n<\/p>\n<p><label> Nachricht *<br \/>\n<span class=\"wpcf7-form-control-wrap\" data-name=\"your-messsage\"><textarea cols=\"40\" rows=\"10\" maxlength=\"2000\" class=\"wpcf7-form-control wpcf7-textarea wpcf7-validates-as-required\" aria-required=\"true\" aria-invalid=\"false\" name=\"your-messsage\"><\/textarea><\/span> <\/label>\n<\/p>\n<p><label> Spam-Pr\u00fcfung *<br \/>\n<span class=\"wpcf7-form-control-wrap\" data-name=\"check\"><label><span class=\"wpcf7-quiz-label\">Ergebnis aus 6 + 5?<\/span> <input size=\"40\" class=\"wpcf7-form-control wpcf7-quiz\" autocomplete=\"off\" aria-required=\"true\" aria-invalid=\"false\" type=\"text\" name=\"check\" \/><\/label><input type=\"hidden\" name=\"_wpcf7_quiz_answer_check\" value=\"e951f3673da6a6d1dc4aa0222eea181b\" \/><\/span> <\/label>\n<\/p>\n<p><input class=\"wpcf7-form-control wpcf7-submit has-spinner\" type=\"submit\" value=\"Senden\" \/>\n<\/p>\n<p>* = Pflichtfeld\n<\/p><div class=\"wpcf7-response-output\" aria-hidden=\"true\"><\/div>\n<\/form>\n<\/div>\n<\/div>\n\t\t\t\t\t\t<\/div>\n\t\t\t\t<\/div>\n\t\t\t\t\t<\/div>\n\t\t<\/div>\n\t\t\t\t\t<\/div>\n\t\t<\/section>\n\t\t\t\t<section class=\"elementor-section elementor-top-section elementor-element elementor-element-311f67e elementor-section-boxed elementor-section-height-default elementor-section-height-default\" data-id=\"311f67e\" data-element_type=\"section\">\n\t\t\t\t\t\t<div class=\"elementor-container elementor-column-gap-default\">\n\t\t\t\t\t<div class=\"elementor-column elementor-col-100 elementor-top-column elementor-element elementor-element-6795065\" data-id=\"6795065\" data-element_type=\"column\">\n\t\t\t<div class=\"elementor-widget-wrap elementor-element-populated\">\n\t\t\t\t\t\t<div class=\"elementor-element elementor-element-23c7cfe elementor-widget-divider--view-line elementor-widget elementor-widget-divider\" data-id=\"23c7cfe\" data-element_type=\"widget\" data-widget_type=\"divider.default\">\n\t\t\t\t<div class=\"elementor-widget-container\">\n\t\t\t\t\t\t\t<div class=\"elementor-divider\">\n\t\t\t<span class=\"elementor-divider-separator\">\n\t\t\t\t\t\t<\/span>\n\t\t<\/div>\n\t\t\t\t\t\t<\/div>\n\t\t\t\t<\/div>\n\t\t\t\t\t<\/div>\n\t\t<\/div>\n\t\t\t\t\t<\/div>\n\t\t<\/section>\n\t\t\t\t<section class=\"elementor-section elementor-top-section elementor-element elementor-element-71c43a4 elementor-section-boxed elementor-section-height-default elementor-section-height-default\" data-id=\"71c43a4\" data-element_type=\"section\">\n\t\t\t\t\t\t<div class=\"elementor-container elementor-column-gap-default\">\n\t\t\t\t\t<div class=\"elementor-column elementor-col-100 elementor-top-column elementor-element elementor-element-c86f2be\" data-id=\"c86f2be\" data-element_type=\"column\">\n\t\t\t<div class=\"elementor-widget-wrap elementor-element-populated\">\n\t\t\t\t\t\t<div class=\"elementor-element elementor-element-a490048 elementor-widget elementor-widget-text-editor\" data-id=\"a490048\" data-element_type=\"widget\" data-widget_type=\"text-editor.default\">\n\t\t\t\t<div class=\"elementor-widget-container\">\n\t\t\t\t\t\t\t\t\t<p style=\"text-align: center;\">Wobei wir Ihnen helfen k\u00f6nnen, und wobei nicht<\/p>\n<p style=\"text-align: center;\">Uns erreichen sehr viele Anfragen. Da wir leider viele davon weiterleiten m\u00fcssen m\u00f6chten wir Ihnen hier einen \u00dcberblick geben, wo wir Ihnen helfen k\u00f6nnen. Als Freiwillige Feuerwehr einer Gro\u00dfstadt wie Hamburg sind unsere M\u00f6glichkeiten leider begrenzt. Von anderen Feuerwehren, meist aus den Fl\u00e4chenl\u00e4ndern kennen Sie vielleicht den Allrounder.<\/p>\n<p style=\"text-align: center;\">Wir als Freiwillige Feuerwehr hier in Hamburg sind nicht f\u00fcr die Bereiche baulicher Brandschutz, Begehungen oder Fragen zu Feuerwehrzufahrten zust\u00e4ndig. Hier wenden Sie sich bitte an die Abteilung F04 der Berufsfeuerwehr Hamburg. Auch k\u00f6nnen wir Ihnen leider nicht beim f\u00e4llen eines Baumes auf Ihrem Grundst\u00fcck helfen, sofern dieser keine akute pl\u00f6tzlich auftretende Gefahr darstellt. Im Fall einer Gefahr wenden Sie sich bitte an den Notruf der Feuerwehr unter Telefon 112.<\/p>\n<p style=\"text-align: center;\">Schwimmb\u00e4der und private Pools k\u00f6nnen wir genauso wenig bef\u00fcllen. Hierzu ben\u00f6tigen Sie, insofern Sie das \u00f6ffentliche Wassernetz hierf\u00fcr benutzen wollen, ein Standrohr mit Wasseruhr. Dieses erhalten Sie auf Antrag bei Hamburg Wasser.<\/p>\n<p style=\"text-align: center;\">Falls Sie ein Geb\u00e4ude haben, am besten leerstehend, welches Sie uns zum \u00dcben zur Verf\u00fcgung stellen wollen dann freuen wir uns \u00fcber eine Nachricht von Ihnen.\u00a0Ebenso f\u00fchren wir Brandschutzerziehung bzw. Besichtigungen f\u00fcr Kinderg\u00e4rten bei uns vor Ort durch. Jedoch geben wir keine Brandschutzunterweisung f\u00fcr Firmen und f\u00fchren kein Feuerl\u00f6scher Training durch.<\/p>\n<p style=\"text-align: center;\">Unser F\u00f6rderverein \u201eFeuerwehrfreunde Rahlstedt e.V.\u201c verf\u00fcgt \u00fcber Zelte sowie Bierzelt Garnituren. Falls Interesse besteht dieses auszuleihen so schreiben Sie uns bitte eine Email an: <span id=\"cloak844e7136d4a97962507e47fb7e67bcbf\"><a href=\"mailto:foerderverein@ff-rahlstedt.de\">foerderverein@ff-rahlstedt.de<\/a><\/span><br \/>Unser Verein veranstaltet zudem jedes Jahr am dritten Advent ab 11 Uhr den traditionellen Tannenbaumverkauf. Hier haben wir neben den B\u00e4umen auch Speis und Trank sowie viele Attraktionen f\u00fcr Kinder.\u00a0<\/p>\n<p style=\"text-align: center;\">F\u00fcr alle weiteren Fragen freuen wir uns auf Ihre Kontaktaufnahme, am besten per Email. Wir bitten jedoch um Verst\u00e4ndnis, wenn die Beantwortung einige Zeit in Anspruch nehmen kann, auch wir als Wehrf\u00fchrung f\u00fchren unser Amt rein Ehrenamtlich neben unserer \u201enormalen\u201c beruflichen T\u00e4tigkeit aus. Vielen Dank!<\/p>\t\t\t\t\t\t\t\t<\/div>\n\t\t\t\t<\/div>\n\t\t\t\t\t<\/div>\n\t\t<\/div>\n\t\t\t\t\t<\/div>\n\t\t<\/section>\n\t\t\t\t<\/div>\n\t\t","protected":false},"excerpt":{"rendered":"<p>Keine Hilfe ohne Helfer: Daher suchen wir Dich! \u00a0 Du hast Lust dich ehrenamtlich bei der Feuerwehr zu engagieren? Wir suchen immer neue Kameraden. Ob du bereits eine feuerwehrtechnische Ausbildung hast oder ganz und gar neu in diesem Thema bist, spielt dabei keine Rolle. Du bist: zwischen 18 und 45 [&hellip;]<\/p>\n","protected":false},"author":1,"featured_media":1246,"parent":0,"menu_order":0,"comment_status":"closed","ping_status":"closed","template":"","meta":{"footnotes":""},"class_list":["post-495","page","type-page","status-publish","has-post-thumbnail","hentry"],"yoast_head":"<!-- This site is optimized with the Yoast SEO plugin v26.7 - https:\/\/yoast.com\/wordpress\/plugins\/seo\/ -->\n<title>Kontaktformular - Freiwillige Feuerwehr Rahlstedt<\/title>\n<meta name=\"robots\" content=\"index, follow, max-snippet:-1, max-image-preview:large, max-video-preview:-1\" \/>\n<link rel=\"canonical\" href=\"https:\/\/www.ff-rahlstedt.de\/?page_id=495\" \/>\n<meta property=\"og:locale\" content=\"de_DE\" \/>\n<meta property=\"og:type\" content=\"article\" \/>\n<meta property=\"og:title\" content=\"Kontaktformular - Freiwillige Feuerwehr Rahlstedt\" \/>\n<meta property=\"og:description\" content=\"Keine Hilfe ohne Helfer: Daher suchen wir Dich! \u00a0 Du hast Lust dich ehrenamtlich bei der Feuerwehr zu engagieren? Wir suchen immer neue Kameraden. Ob du bereits eine feuerwehrtechnische Ausbildung hast oder ganz und gar neu in diesem Thema bist, spielt dabei keine Rolle. Du bist: zwischen 18 und 45 [&hellip;]\" \/>\n<meta property=\"og:url\" content=\"https:\/\/www.ff-rahlstedt.de\/?page_id=495\" \/>\n<meta property=\"og:site_name\" content=\"Freiwillige Feuerwehr Rahlstedt\" \/>\n<meta property=\"article:modified_time\" content=\"2022-07-24T06:59:43+00:00\" \/>\n<meta property=\"og:image\" content=\"https:\/\/www.ff-rahlstedt.de\/wp-content\/uploads\/2020\/10\/Banner-Homepage-1.jpg\" \/>\n\t<meta property=\"og:image:width\" content=\"2550\" \/>\n\t<meta property=\"og:image:height\" content=\"360\" \/>\n\t<meta property=\"og:image:type\" content=\"image\/jpeg\" \/>\n<meta name=\"twitter:card\" content=\"summary_large_image\" \/>\n<meta name=\"twitter:label1\" content=\"Gesch\u00e4tzte Lesezeit\" \/>\n\t<meta name=\"twitter:data1\" content=\"8\u00a0Minuten\" \/>\n<script type=\"application\/ld+json\" class=\"yoast-schema-graph\">{\"@context\":\"https:\/\/schema.org\",\"@graph\":[{\"@type\":\"WebPage\",\"@id\":\"https:\/\/www.ff-rahlstedt.de\/?page_id=495\",\"url\":\"https:\/\/www.ff-rahlstedt.de\/?page_id=495\",\"name\":\"Kontaktformular - Freiwillige Feuerwehr Rahlstedt\",\"isPartOf\":{\"@id\":\"https:\/\/www.ff-rahlstedt.de\/#website\"},\"primaryImageOfPage\":{\"@id\":\"https:\/\/www.ff-rahlstedt.de\/?page_id=495#primaryimage\"},\"image\":{\"@id\":\"https:\/\/www.ff-rahlstedt.de\/?page_id=495#primaryimage\"},\"thumbnailUrl\":\"https:\/\/www.ff-rahlstedt.de\/wp-content\/uploads\/2020\/10\/Banner-Homepage-1.jpg\",\"datePublished\":\"2020-09-27T11:29:04+00:00\",\"dateModified\":\"2022-07-24T06:59:43+00:00\",\"breadcrumb\":{\"@id\":\"https:\/\/www.ff-rahlstedt.de\/?page_id=495#breadcrumb\"},\"inLanguage\":\"de\",\"potentialAction\":[{\"@type\":\"ReadAction\",\"target\":[\"https:\/\/www.ff-rahlstedt.de\/?page_id=495\"]}]},{\"@type\":\"ImageObject\",\"inLanguage\":\"de\",\"@id\":\"https:\/\/www.ff-rahlstedt.de\/?page_id=495#primaryimage\",\"url\":\"https:\/\/www.ff-rahlstedt.de\/wp-content\/uploads\/2020\/10\/Banner-Homepage-1.jpg\",\"contentUrl\":\"https:\/\/www.ff-rahlstedt.de\/wp-content\/uploads\/2020\/10\/Banner-Homepage-1.jpg\",\"width\":2550,\"height\":360},{\"@type\":\"BreadcrumbList\",\"@id\":\"https:\/\/www.ff-rahlstedt.de\/?page_id=495#breadcrumb\",\"itemListElement\":[{\"@type\":\"ListItem\",\"position\":1,\"name\":\"Startseite\",\"item\":\"https:\/\/www.ff-rahlstedt.de\/\"},{\"@type\":\"ListItem\",\"position\":2,\"name\":\"Kontaktformular\"}]},{\"@type\":\"WebSite\",\"@id\":\"https:\/\/www.ff-rahlstedt.de\/#website\",\"url\":\"https:\/\/www.ff-rahlstedt.de\/\",\"name\":\"Freiwillige Feuerwehr Rahlstedt\",\"description\":\"\",\"publisher\":{\"@id\":\"https:\/\/www.ff-rahlstedt.de\/#organization\"},\"potentialAction\":[{\"@type\":\"SearchAction\",\"target\":{\"@type\":\"EntryPoint\",\"urlTemplate\":\"https:\/\/www.ff-rahlstedt.de\/?s={search_term_string}\"},\"query-input\":{\"@type\":\"PropertyValueSpecification\",\"valueRequired\":true,\"valueName\":\"search_term_string\"}}],\"inLanguage\":\"de\"},{\"@type\":\"Organization\",\"@id\":\"https:\/\/www.ff-rahlstedt.de\/#organization\",\"name\":\"Freiwillige Feuerwehr Rahlstedt\",\"url\":\"https:\/\/www.ff-rahlstedt.de\/\",\"logo\":{\"@type\":\"ImageObject\",\"inLanguage\":\"de\",\"@id\":\"https:\/\/www.ff-rahlstedt.de\/#\/schema\/logo\/image\/\",\"url\":\"https:\/\/www.ff-rahlstedt.de\/wp-content\/uploads\/2020\/09\/cropped-Logo-1.png\",\"contentUrl\":\"https:\/\/www.ff-rahlstedt.de\/wp-content\/uploads\/2020\/09\/cropped-Logo-1.png\",\"width\":776,\"height\":777,\"caption\":\"Freiwillige Feuerwehr Rahlstedt\"},\"image\":{\"@id\":\"https:\/\/www.ff-rahlstedt.de\/#\/schema\/logo\/image\/\"}}]}<\/script>\n<!-- \/ Yoast SEO plugin. -->","yoast_head_json":{"title":"Kontaktformular - Freiwillige Feuerwehr Rahlstedt","robots":{"index":"index","follow":"follow","max-snippet":"max-snippet:-1","max-image-preview":"max-image-preview:large","max-video-preview":"max-video-preview:-1"},"canonical":"https:\/\/www.ff-rahlstedt.de\/?page_id=495","og_locale":"de_DE","og_type":"article","og_title":"Kontaktformular - Freiwillige Feuerwehr Rahlstedt","og_description":"Keine Hilfe ohne Helfer: Daher suchen wir Dich! \u00a0 Du hast Lust dich ehrenamtlich bei der Feuerwehr zu engagieren? Wir suchen immer neue Kameraden. Ob du bereits eine feuerwehrtechnische Ausbildung hast oder ganz und gar neu in diesem Thema bist, spielt dabei keine Rolle. Du bist: zwischen 18 und 45 [&hellip;]","og_url":"https:\/\/www.ff-rahlstedt.de\/?page_id=495","og_site_name":"Freiwillige Feuerwehr Rahlstedt","article_modified_time":"2022-07-24T06:59:43+00:00","og_image":[{"width":2550,"height":360,"url":"https:\/\/www.ff-rahlstedt.de\/wp-content\/uploads\/2020\/10\/Banner-Homepage-1.jpg","type":"image\/jpeg"}],"twitter_card":"summary_large_image","twitter_misc":{"Gesch\u00e4tzte Lesezeit":"8\u00a0Minuten"},"schema":{"@context":"https:\/\/schema.org","@graph":[{"@type":"WebPage","@id":"https:\/\/www.ff-rahlstedt.de\/?page_id=495","url":"https:\/\/www.ff-rahlstedt.de\/?page_id=495","name":"Kontaktformular - Freiwillige Feuerwehr Rahlstedt","isPartOf":{"@id":"https:\/\/www.ff-rahlstedt.de\/#website"},"primaryImageOfPage":{"@id":"https:\/\/www.ff-rahlstedt.de\/?page_id=495#primaryimage"},"image":{"@id":"https:\/\/www.ff-rahlstedt.de\/?page_id=495#primaryimage"},"thumbnailUrl":"https:\/\/www.ff-rahlstedt.de\/wp-content\/uploads\/2020\/10\/Banner-Homepage-1.jpg","datePublished":"2020-09-27T11:29:04+00:00","dateModified":"2022-07-24T06:59:43+00:00","breadcrumb":{"@id":"https:\/\/www.ff-rahlstedt.de\/?page_id=495#breadcrumb"},"inLanguage":"de","potentialAction":[{"@type":"ReadAction","target":["https:\/\/www.ff-rahlstedt.de\/?page_id=495"]}]},{"@type":"ImageObject","inLanguage":"de","@id":"https:\/\/www.ff-rahlstedt.de\/?page_id=495#primaryimage","url":"https:\/\/www.ff-rahlstedt.de\/wp-content\/uploads\/2020\/10\/Banner-Homepage-1.jpg","contentUrl":"https:\/\/www.ff-rahlstedt.de\/wp-content\/uploads\/2020\/10\/Banner-Homepage-1.jpg","width":2550,"height":360},{"@type":"BreadcrumbList","@id":"https:\/\/www.ff-rahlstedt.de\/?page_id=495#breadcrumb","itemListElement":[{"@type":"ListItem","position":1,"name":"Startseite","item":"https:\/\/www.ff-rahlstedt.de\/"},{"@type":"ListItem","position":2,"name":"Kontaktformular"}]},{"@type":"WebSite","@id":"https:\/\/www.ff-rahlstedt.de\/#website","url":"https:\/\/www.ff-rahlstedt.de\/","name":"Freiwillige Feuerwehr Rahlstedt","description":"","publisher":{"@id":"https:\/\/www.ff-rahlstedt.de\/#organization"},"potentialAction":[{"@type":"SearchAction","target":{"@type":"EntryPoint","urlTemplate":"https:\/\/www.ff-rahlstedt.de\/?s={search_term_string}"},"query-input":{"@type":"PropertyValueSpecification","valueRequired":true,"valueName":"search_term_string"}}],"inLanguage":"de"},{"@type":"Organization","@id":"https:\/\/www.ff-rahlstedt.de\/#organization","name":"Freiwillige Feuerwehr Rahlstedt","url":"https:\/\/www.ff-rahlstedt.de\/","logo":{"@type":"ImageObject","inLanguage":"de","@id":"https:\/\/www.ff-rahlstedt.de\/#\/schema\/logo\/image\/","url":"https:\/\/www.ff-rahlstedt.de\/wp-content\/uploads\/2020\/09\/cropped-Logo-1.png","contentUrl":"https:\/\/www.ff-rahlstedt.de\/wp-content\/uploads\/2020\/09\/cropped-Logo-1.png","width":776,"height":777,"caption":"Freiwillige Feuerwehr Rahlstedt"},"image":{"@id":"https:\/\/www.ff-rahlstedt.de\/#\/schema\/logo\/image\/"}}]}},"_links":{"self":[{"href":"https:\/\/www.ff-rahlstedt.de\/index.php?rest_route=\/wp\/v2\/pages\/495","targetHints":{"allow":["GET"]}}],"collection":[{"href":"https:\/\/www.ff-rahlstedt.de\/index.php?rest_route=\/wp\/v2\/pages"}],"about":[{"href":"https:\/\/www.ff-rahlstedt.de\/index.php?rest_route=\/wp\/v2\/types\/page"}],"author":[{"embeddable":true,"href":"https:\/\/www.ff-rahlstedt.de\/index.php?rest_route=\/wp\/v2\/users\/1"}],"replies":[{"embeddable":true,"href":"https:\/\/www.ff-rahlstedt.de\/index.php?rest_route=%2Fwp%2Fv2%2Fcomments&post=495"}],"version-history":[{"count":38,"href":"https:\/\/www.ff-rahlstedt.de\/index.php?rest_route=\/wp\/v2\/pages\/495\/revisions"}],"predecessor-version":[{"id":1837,"href":"https:\/\/www.ff-rahlstedt.de\/index.php?rest_route=\/wp\/v2\/pages\/495\/revisions\/1837"}],"wp:featuredmedia":[{"embeddable":true,"href":"https:\/\/www.ff-rahlstedt.de\/index.php?rest_route=\/wp\/v2\/media\/1246"}],"wp:attachment":[{"href":"https:\/\/www.ff-rahlstedt.de\/index.php?rest_route=%2Fwp%2Fv2%2Fmedia&parent=495"}],"curies":[{"name":"wp","href":"https:\/\/api.w.org\/{rel}","templated":true}]}}